{"id":23018,"date":"2026-04-09T12:24:28","date_gmt":"2026-04-09T10:24:28","guid":{"rendered":"https:\/\/calor.ee\/?post_type=product&#038;p=23018"},"modified":"2026-04-10T15:28:53","modified_gmt":"2026-04-10T13:28:53","slug":"elektriska-pirts-krasns-huum-drop-7","status":"publish","type":"product","link":"https:\/\/calor.ee\/lv\/elektriska-pirts-krasns-huum-drop-7\/","title":{"rendered":"Elektrisk\u0101 pirts kr\u0101sns HUUM DROP 7 (7,5kW)"},"content":{"rendered":"<p>Komplekt\u0101 ietilpst elektrisk\u0101 pirts kr\u0101sns, siltuma virziena regulators un sienas stiprin\u0101jums. Papildu nepiecie\u0161ams: vad\u012bbas pults, 55 kg 5\u201310 cm diametra pirts akme\u0146u, k\u0101 ar\u012b karstumiztur\u012bgs baro\u0161anas kabelis. <\/p>\n<p>Pied\u0101v\u0101jum\u0101 iesp\u0113jams pievienot ar\u012b oliv\u012bna diab\u0101za apa\u013cos pirts akme\u0146us, kas ir iztur\u012bgi, ar augstu siltuma jaudu un est\u0113tiski pievilc\u012bgi \u2014 k\u0101 redzams att\u0113los. To noapa\u013cot\u0101 forma \u013cauj \u016bdenim vienm\u0113r\u012bgi pl\u016bst starp akme\u0146iem un pak\u0101peniski iztvaikot, radot maig\u0101ku un vienm\u0113r\u012bg\u0101ku tvaiku. <\/p>\n<p>Alternat\u012bva ir grozam pievienot \u0161\u0137elto oliv\u012bna diab\u0101za pirts akme\u0146u komplektu, kas ir iztur\u012bgi un lieliski uzkr\u0101j siltumu. \u016adens efekt\u012bvi iztvaiko no akme\u0146u \u0161\u0137eluma virsm\u0101m, nodro\u0161inot pat\u012bkamu un bag\u0101t\u012bgu tvaiku. Pateicoties to st\u016brainajai formai, akme\u0146us ir \u0113rti ievietot pirts kr\u0101sn\u012b.  <\/p>\n","protected":false},"excerpt":{"rendered":"<p>No augstas kvalit\u0101tes ner\u016bs\u0113jo\u0161\u0101 t\u0113rauda izgatavot\u0101 elektrisk\u0101 pirts kr\u0101sns HUUM DROP 7 ir iedvesmota no \u016bdens piliena. T\u0101s organiskais un minim\u0101listiskais dizains padara j\u016bsu pirts tvaika telpu elegant\u0101ku un modern\u0101ku. \u0160\u012b kr\u0101sns neap\u0161aub\u0101mi k\u013c\u016bs par j\u016bsu pirts izsmalcin\u0101t\u0101ko akcentu, kas piesaist\u012bs visu pirtsm\u012b\u013cu skatienus un komplimentus. <\/p>\n<p>Neskatoties uz kompakto izm\u0113ru, \u0161\u012b elektrisk\u0101 pirts kr\u0101sns ietilpina l\u012bdz pat 55 kilogramiem akme\u0146u, kas saglab\u0101 siltumu ilg\u0101k un nodro\u0161ina pat\u012bkamu, ilgsto\u0161u un maigu tvaiku.<\/p>\n<p>T\u0101 k\u0101 HUUM DROP 7 konstrukcij\u0101 izmantots minim\u0101ls met\u0101la daudzums, liel\u0101k\u0101 da\u013ca siltuma n\u0101k no akme\u0146iem, nevis met\u0101la virsm\u0101m. Tas nodro\u0161ina liel\u0101ku negat\u012bvo jonu koncentr\u0101ciju un maz\u0101ku pozit\u012bvo jonu daudzumu gais\u0101, kas rada vesel\u012bg\u0101ku un pat\u012bkam\u0101ku pirts atmosf\u0113ru \u2014 \u012bsts labsaj\u016btas nosl\u0113pums.  <\/p>\n<p><img loading=\"lazy\" decoding=\"async\" class=\"alignleft wp-image-573\" src=\"https:\/\/calor.ee\/wp-content\/uploads\/2020\/10\/reddot-design-award-winner.png\" alt=\"\" width=\"94\" height=\"60\" srcset=\"https:\/\/calor.ee\/wp-content\/uploads\/2020\/10\/reddot-design-award-winner.png 156w, https:\/\/calor.ee\/wp-content\/uploads\/2020\/10\/reddot-design-award-winner-140x90.png 140w\" sizes=\"auto, (max-width: 94px) 100vw, 94px\" \/>\u0160\u012b ar dizaina balv\u0101m godalgot\u0101 elektrisk\u0101 kr\u0101sns ir lieliska izv\u0113le maz\u0101m un vid\u0113ja izm\u0113ra m\u0101jas pirt\u012bm (7-11 m\u00b3).<\/p>\n","protected":false},"featured_media":17382,"comment_status":"open","ping_status":"closed","template":"","meta":{"_acf_changed":false},"product_brand":[5520],"product_cat":[5129],"product_tag":[5149],"class_list":{"0":"post-23018","1":"product","2":"type-product","3":"status-publish","4":"has-post-thumbnail","6":"product_brand-huum","7":"product_cat-elektriskas-pirts-krasnis","8":"product_tag-huum-pirts-krasnis","9":"product_shipping_class-bezmaksas","10":"tm-no-options","12":"first","13":"instock","14":"taxable","15":"shipping-taxable","16":"purchasable","17":"product-type-simple"},"acf":[],"_links":{"self":[{"href":"https:\/\/calor.ee\/lv\/wp-json\/wp\/v2\/product\/23018","targetHints":{"allow":["GET"]}}],"collection":[{"href":"https:\/\/calor.ee\/lv\/wp-json\/wp\/v2\/product"}],"about":[{"href":"https:\/\/calor.ee\/lv\/wp-json\/wp\/v2\/types\/product"}],"replies":[{"embeddable":true,"href":"https:\/\/calor.ee\/lv\/wp-json\/wp\/v2\/comments?post=23018"}],"wp:featuredmedia":[{"embeddable":true,"href":"https:\/\/calor.ee\/lv\/wp-json\/wp\/v2\/media\/17382"}],"wp:attachment":[{"href":"https:\/\/calor.ee\/lv\/wp-json\/wp\/v2\/media?parent=23018"}],"wp:term":[{"taxonomy":"product_brand","embeddable":true,"href":"https:\/\/calor.ee\/lv\/wp-json\/wp\/v2\/product_brand?post=23018"},{"taxonomy":"product_cat","embeddable":true,"href":"https:\/\/calor.ee\/lv\/wp-json\/wp\/v2\/product_cat?post=23018"},{"taxonomy":"product_tag","embeddable":true,"href":"https:\/\/calor.ee\/lv\/wp-json\/wp\/v2\/product_tag?post=23018"}],"curies":[{"name":"wp","href":"https:\/\/api.w.org\/{rel}","templated":true}]}}