{"id":22662,"date":"2025-02-19T14:44:09","date_gmt":"2025-02-19T12:44:09","guid":{"rendered":"https:\/\/calor.ee\/dumvada-caulas-trejgabals-ar-pareju-cermas-d220-nerusejoss\/"},"modified":"2026-02-19T18:16:25","modified_gmt":"2026-02-19T16:16:25","slug":"skurstena-caulas-trejgabals-ar-pareju-cermas-d220-nerusejoss","status":"publish","type":"product","link":"https:\/\/calor.ee\/lv\/skurstena-caulas-trejgabals-ar-pareju-cermas-d220-nerusejoss\/","title":{"rendered":"Skurste\u0146a \u010daulas trejgabals ar p\u0101reju Cermas D220 (ner\u016bs\u0113jo\u0161s)"},"content":{"rendered":"","protected":false},"excerpt":{"rendered":"<p data-start=\"155\" data-end=\"693\">Skurste\u0146a \u010daulas trejgabals ar p\u0101reju Cermas D220 ir <strong>izgatavots no 0,8 mm bieza ner\u016bs\u0113jo\u0161a korozijiztur\u012bga t\u0113rauda<\/strong> EN 1.4404 (AISI 316L). \u0160im izstr\u0101d\u0101jumam ir CE mar\u0137\u0113jums, un tas atbilst visiem Latvij\u0101 un Eiropas Savien\u012bb\u0101 noteiktajiem standartiem. Test\u0113ts saska\u0146\u0101 ar EN 1856-2, un tam ir mar\u0137\u0113jums 600-N1-W-Vm-L50080-G100. Piem\u0113rots lieto\u0161anai gan sausos, gan mitros apst\u0101k\u013cos. 0,8 mm materi\u0101la biezums nodro\u0161ina \u013coti ilgu skurste\u0146a \u010daulas kalpo\u0161anas laiku un iev\u0113rojami liel\u0101ku iztur\u012bbu pret iesp\u0113jamiem sodr\u0113ju aizdeg\u0161an\u0101s gad\u012bjumiem.<\/p>\n<p data-start=\"695\" data-end=\"1163\">Skurste\u0146a \u010daula ir ide\u0101li piem\u0113rota eso\u0161a \u0137ie\u0123e\u013cu skurste\u0146a renov\u0101cijai. T\u0101 nov\u0113r\u0161 d\u016bmg\u0101zu iek\u013c\u016b\u0161anu iek\u0161telp\u0101s, ja skurstenis ir slikt\u0101 tehnisk\u0101 st\u0101vokl\u012b, samazina kondens\u0101ta veido\u0161an\u0101s iesp\u0113ju, nodro\u0161ina lab\u0101ku vilkmi, uzlabo skurste\u0146a herm\u0113tiskumu un paaugstina ugunsdro\u0161\u012bbu. Apa\u013c\u0101s skurste\u0146a \u010daulas lieliski piem\u0113rotas ar\u012b apkures ier\u012b\u010du piesl\u0113g\u0161anai skurstenim, \u012bpa\u0161i labi t\u0101s der pirts kr\u0101sn\u012bm un cit\u0101m apkures iek\u0101rt\u0101m, kuru darba temperat\u016bra nep\u0101rsniedz 600\u00b0C.<\/p>\n<p data-start=\"1165\" data-end=\"1662\">T\u0101pat ir ieteicams eso\u0161o \u0137ie\u0123e\u013cu skursteni oder\u0113t ar \u010daulu gad\u012bjumos, ja pl\u0101nots izmantot apkures ier\u012bci ar zemu d\u016bmg\u0101zu temperat\u016bru, piem\u0113ram, centr\u0101lapkures katlu, granulu katlu vai pl\u012bti\/kam\u012bnu ar \u016bdens apvalku. Tas ir svar\u012bgi, jo zemas d\u016bmg\u0101zu temperat\u016bras gad\u012bjum\u0101 veidojas sk\u0101bs kondens\u0101ts, kas var iz\u0113st \u0137ie\u0123e\u013cu skursteni da\u017eu gadu laik\u0101 vai slikt\u0101kaj\u0101 gad\u012bjum\u0101 jau pirmaj\u0101 apkures sezon\u0101. Skurste\u0146a \u010daula aizsarg\u0101 skursteni un uzlabo vilkmi, samazinot kondens\u0101ta veido\u0161anos l\u012bdz minimumam.<\/p>\n<p data-start=\"1664\" data-end=\"1739\">Skurste\u0146a \u010daulas trejgabala diametrs ir 220 mm, un sienas biezums \u2013 0,8 mm.<\/p>\n","protected":false},"featured_media":22656,"comment_status":"closed","ping_status":"closed","template":"","meta":{"_acf_changed":false},"product_brand":[3140],"product_cat":[5139],"product_tag":[],"class_list":{"0":"post-22662","1":"product","2":"type-product","3":"status-publish","4":"has-post-thumbnail","6":"product_brand-cermas","7":"product_cat-skurstenu-caulas","8":"tm-no-options","10":"first","11":"instock","12":"sale","13":"taxable","14":"shipping-taxable","15":"purchasable","16":"product-type-simple"},"acf":[],"_links":{"self":[{"href":"https:\/\/calor.ee\/lv\/wp-json\/wp\/v2\/product\/22662","targetHints":{"allow":["GET"]}}],"collection":[{"href":"https:\/\/calor.ee\/lv\/wp-json\/wp\/v2\/product"}],"about":[{"href":"https:\/\/calor.ee\/lv\/wp-json\/wp\/v2\/types\/product"}],"replies":[{"embeddable":true,"href":"https:\/\/calor.ee\/lv\/wp-json\/wp\/v2\/comments?post=22662"}],"wp:featuredmedia":[{"embeddable":true,"href":"https:\/\/calor.ee\/lv\/wp-json\/wp\/v2\/media\/22656"}],"wp:attachment":[{"href":"https:\/\/calor.ee\/lv\/wp-json\/wp\/v2\/media?parent=22662"}],"wp:term":[{"taxonomy":"product_brand","embeddable":true,"href":"https:\/\/calor.ee\/lv\/wp-json\/wp\/v2\/product_brand?post=22662"},{"taxonomy":"product_cat","embeddable":true,"href":"https:\/\/calor.ee\/lv\/wp-json\/wp\/v2\/product_cat?post=22662"},{"taxonomy":"product_tag","embeddable":true,"href":"https:\/\/calor.ee\/lv\/wp-json\/wp\/v2\/product_tag?post=22662"}],"curies":[{"name":"wp","href":"https:\/\/api.w.org\/{rel}","templated":true}]}}