{"id":22640,"date":"2025-08-29T11:27:12","date_gmt":"2025-08-29T09:27:12","guid":{"rendered":"https:\/\/calor.ee\/dumvada-izolacija-color-d200\/"},"modified":"2025-08-29T11:27:12","modified_gmt":"2025-08-29T09:27:12","slug":"dumvada-izolacija-color-d200","status":"publish","type":"product","link":"https:\/\/calor.ee\/lv\/dumvada-izolacija-color-d200\/","title":{"rendered":"D\u016bmvada izol\u0101cija COLOR D200"},"content":{"rendered":"","protected":false},"excerpt":{"rendered":"<p>D\u016bmvada izol\u0101cija COLOR D200 ir dro\u0161s un \u013coti \u0101trs risin\u0101jums izol\u0113tiem d\u016bmvadiem, lai izveidotu dro\u0161u caureju caur sienu, starpst\u0101vu p\u0101rsegumu vai jumtu. T\u0101 ir ide\u0101li piem\u0113rota gan vertik\u0101lai uzst\u0101d\u012b\u0161anai (starpst\u0101vu p\u0101rsegumi, jumti), gan horizont\u0101lai uzst\u0101d\u012b\u0161anai (sienas). <\/p>\n<p>100 mm bieza izol\u0101cija nodro\u0161ina dro\u0161\u012bbu attiec\u012bb\u0101 uz degtsp\u0113j\u012bgiem materi\u0101liem.<\/p>\n<p>D\u016bmvada izol\u0101cijas uzst\u0101d\u012b\u0161ana aiz\u0146em aptuveni 10 sekundes, sal\u012bdzinot ar citiem risin\u0101jumiem. Piem\u0113ram, kastes izb\u016bve ap d\u016bmvadu aiz\u0146em vismaz 30 min\u016btes!<\/p>\n<p>\u0160\u012b izol\u0101cija ir piem\u0113rota COLOR D200 izol\u0113tajam d\u016bmvadam, k\u0101 ar\u012b visiem citiem izol\u0113tajiem d\u016bmvadiem, kuru \u0101r\u0113jais diametrs ir 260 mm.<\/p>\n","protected":false},"featured_media":22638,"comment_status":"closed","ping_status":"closed","template":"","meta":{"_acf_changed":false},"product_brand":[5546],"product_cat":[5138,5166],"product_tag":[],"class_list":{"0":"post-22640","1":"product","2":"type-product","3":"status-publish","4":"has-post-thumbnail","6":"product_brand-color","7":"product_cat-metala-dumvadi","8":"product_cat-izoletie-dumvadi","9":"tm-no-options","11":"first","12":"instock","13":"taxable","14":"shipping-taxable","15":"purchasable","16":"product-type-simple"},"acf":[],"_links":{"self":[{"href":"https:\/\/calor.ee\/lv\/wp-json\/wp\/v2\/product\/22640","targetHints":{"allow":["GET"]}}],"collection":[{"href":"https:\/\/calor.ee\/lv\/wp-json\/wp\/v2\/product"}],"about":[{"href":"https:\/\/calor.ee\/lv\/wp-json\/wp\/v2\/types\/product"}],"replies":[{"embeddable":true,"href":"https:\/\/calor.ee\/lv\/wp-json\/wp\/v2\/comments?post=22640"}],"wp:featuredmedia":[{"embeddable":true,"href":"https:\/\/calor.ee\/lv\/wp-json\/wp\/v2\/media\/22638"}],"wp:attachment":[{"href":"https:\/\/calor.ee\/lv\/wp-json\/wp\/v2\/media?parent=22640"}],"wp:term":[{"taxonomy":"product_brand","embeddable":true,"href":"https:\/\/calor.ee\/lv\/wp-json\/wp\/v2\/product_brand?post=22640"},{"taxonomy":"product_cat","embeddable":true,"href":"https:\/\/calor.ee\/lv\/wp-json\/wp\/v2\/product_cat?post=22640"},{"taxonomy":"product_tag","embeddable":true,"href":"https:\/\/calor.ee\/lv\/wp-json\/wp\/v2\/product_tag?post=22640"}],"curies":[{"name":"wp","href":"https:\/\/api.w.org\/{rel}","templated":true}]}}