{"id":22622,"date":"2025-08-14T15:02:47","date_gmt":"2025-08-14T13:02:47","guid":{"rendered":"https:\/\/calor.ee\/lietus-apkakle-color-d130-melna\/"},"modified":"2025-08-14T15:02:47","modified_gmt":"2025-08-14T13:02:47","slug":"lietus-apkakle-color-d130-melna","status":"publish","type":"product","link":"https:\/\/calor.ee\/lv\/lietus-apkakle-color-d130-melna\/","title":{"rendered":"Lietus apkakle COLOR D130 (melna)"},"content":{"rendered":"","protected":false},"excerpt":{"rendered":"<p>COLOR izol\u0113tie d\u016bmvadi ir ide\u0101ls risin\u0101jums vis\u0101m ciet\u0101 kurin\u0101m\u0101 apkures iek\u0101rt\u0101m. Izol\u0113tie d\u016bmvada elementi ir paredz\u0113ti nep\u0101rtrauktam darba re\u017e\u012bmam l\u012bdz 600\u00b0C, kas padara tos par lielisku izv\u0113li ar\u012b pirts kr\u0101sn\u012bm, kur nepiecie\u0161ama augst\u0101ka temperat\u016bras klase. <\/p>\n<p>D\u016bmvada elementu iek\u0161\u0113j\u0101 \u010daula ir izgatavota no 0,6 mm ner\u016bs\u0113jo\u0161\u0101, korozijiztur\u012bg\u0101 t\u0113rauda EN 1.4404 (316L). 30 mm bieza efekt\u012bva izol\u0101cija \u013cauj izol\u0113tajam d\u016bmvadam \u0101tri sasniegt darba temperat\u016bru un t\u0101d\u0113j\u0101di nodro\u0161in\u0101t iesp\u0113jami lab\u0101ko vilkmes funkciju. \u0100r\u0113j\u0101 0,6 mm ner\u016bs\u0113jo\u0161\u0101 korozijiztur\u012bg\u0101 t\u0113rauda 1.4302 (304) \u010daula, kas r\u016bpn\u012bc\u0101 p\u0101rkl\u0101ta ar kvalitat\u012bvu karstumiztur\u012bgu melnu kr\u0101su, \u013coti labi iztur main\u012bgus \u0101r\u0113j\u0101s vides apst\u0101k\u013cus. Pateicoties 30 mm biezajai izol\u0101cijai, izol\u0113tais d\u016bmvads ir slaids un vizu\u0101li sol\u012bds.   <\/p>\n<p>Lietus apkakle ir piem\u0113rota melnam COLOR D130 izol\u0113tajam d\u016bmvadam un ir nepiecie\u0161ama d\u016bmvada aizsardz\u012bbai pret laikapst\u0101k\u013cu ietekmi. Lietus apkakles iek\u0161\u0113jais diametrs ir 190 mm, \u0101r\u0113jais diametrs \u2013 330 mm, bet p\u0101rkl\u0101jo\u0161\u0101s da\u013cas platums \u2013 70 mm. <\/p>\n","protected":false},"featured_media":22623,"comment_status":"closed","ping_status":"closed","template":"","meta":{"_acf_changed":false},"product_brand":[5546],"product_cat":[5138,5166],"product_tag":[],"class_list":{"0":"post-22622","1":"product","2":"type-product","3":"status-publish","4":"has-post-thumbnail","6":"product_brand-color","7":"product_cat-metala-dumvadi","8":"product_cat-izoletie-dumvadi","9":"tm-no-options","11":"first","12":"instock","13":"sale","14":"taxable","15":"shipping-taxable","16":"purchasable","17":"product-type-simple"},"acf":[],"_links":{"self":[{"href":"https:\/\/calor.ee\/lv\/wp-json\/wp\/v2\/product\/22622","targetHints":{"allow":["GET"]}}],"collection":[{"href":"https:\/\/calor.ee\/lv\/wp-json\/wp\/v2\/product"}],"about":[{"href":"https:\/\/calor.ee\/lv\/wp-json\/wp\/v2\/types\/product"}],"replies":[{"embeddable":true,"href":"https:\/\/calor.ee\/lv\/wp-json\/wp\/v2\/comments?post=22622"}],"wp:featuredmedia":[{"embeddable":true,"href":"https:\/\/calor.ee\/lv\/wp-json\/wp\/v2\/media\/22623"}],"wp:attachment":[{"href":"https:\/\/calor.ee\/lv\/wp-json\/wp\/v2\/media?parent=22622"}],"wp:term":[{"taxonomy":"product_brand","embeddable":true,"href":"https:\/\/calor.ee\/lv\/wp-json\/wp\/v2\/product_brand?post=22622"},{"taxonomy":"product_cat","embeddable":true,"href":"https:\/\/calor.ee\/lv\/wp-json\/wp\/v2\/product_cat?post=22622"},{"taxonomy":"product_tag","embeddable":true,"href":"https:\/\/calor.ee\/lv\/wp-json\/wp\/v2\/product_tag?post=22622"}],"curies":[{"name":"wp","href":"https:\/\/api.w.org\/{rel}","templated":true}]}}