{"id":22608,"date":"2025-02-07T17:34:52","date_gmt":"2025-02-07T15:34:52","guid":{"rendered":"https:\/\/calor.ee\/sienas-balsti-konsoles-plaksnei-color-d200-nerusejosi\/"},"modified":"2025-02-07T17:34:52","modified_gmt":"2025-02-07T15:34:52","slug":"sienas-balsti-konsoles-plaksnei-color-d200-nerusejosi","status":"publish","type":"product","link":"https:\/\/calor.ee\/lv\/sienas-balsti-konsoles-plaksnei-color-d200-nerusejosi\/","title":{"rendered":"Sienas balsti konsoles pl\u0101ksnei COLOR D200 (ner\u016bs\u0113jo\u0161i)"},"content":{"rendered":"","protected":false},"excerpt":{"rendered":"<p>COLOR izol\u0113tie d\u016bmvadi ir ide\u0101ls risin\u0101jums vis\u0101m ciet\u0101 kurin\u0101m\u0101 apkures iek\u0101rt\u0101m. Izol\u0113tie d\u016bmvada elementi ir paredz\u0113ti nep\u0101rtrauktam darba re\u017e\u012bmam l\u012bdz 600\u00b0C, kas padara tos par lielisku izv\u0113li ar\u012b pirts kr\u0101sn\u012bm, kur nepiecie\u0161ama augst\u0101ka temperat\u016bras klase. <\/p>\n<p>D\u016bmvada elementu iek\u0161\u0113j\u0101 \u010daula ir izgatavota no 0,6 mm ner\u016bs\u0113jo\u0161\u0101, korozijiztur\u012bg\u0101 t\u0113rauda EN 1.4404 (316L). 30 mm bieza efekt\u012bva izol\u0101cija \u013cauj izol\u0113tajam d\u016bmvadam \u0101tri sasniegt darba temperat\u016bru un t\u0101d\u0113j\u0101di nodro\u0161in\u0101t iesp\u0113jami lab\u0101ko vilkmes funkciju. \u0100r\u0113j\u0101 0,6 mm ner\u016bs\u0113jo\u0161\u0101 korozijiztur\u012bg\u0101 t\u0113rauda 1.4302 (304) \u010daula \u013coti labi iztur main\u012bgus \u0101r\u0113j\u0101s vides apst\u0101k\u013cus. Pateicoties 30 mm biezajai izol\u0101cijai, izol\u0113tais d\u016bmvads ir slaids un vizu\u0101li sol\u012bds.   <\/p>\n<p>Sienas balsti ir ide\u0101li piem\u0113roti COLOR D200 konsoles pl\u0101ksnei (ar kondens\u0101ta izvadu).<\/p>\n","protected":false},"featured_media":22606,"comment_status":"closed","ping_status":"closed","template":"","meta":{"_acf_changed":false},"product_brand":[5546],"product_cat":[5138,5166],"product_tag":[],"class_list":{"0":"post-22608","1":"product","2":"type-product","3":"status-publish","4":"has-post-thumbnail","6":"product_brand-color","7":"product_cat-metala-dumvadi","8":"product_cat-izoletie-dumvadi","9":"tm-no-options","11":"first","12":"instock","13":"sale","14":"taxable","15":"shipping-taxable","16":"purchasable","17":"product-type-simple"},"acf":[],"_links":{"self":[{"href":"https:\/\/calor.ee\/lv\/wp-json\/wp\/v2\/product\/22608","targetHints":{"allow":["GET"]}}],"collection":[{"href":"https:\/\/calor.ee\/lv\/wp-json\/wp\/v2\/product"}],"about":[{"href":"https:\/\/calor.ee\/lv\/wp-json\/wp\/v2\/types\/product"}],"replies":[{"embeddable":true,"href":"https:\/\/calor.ee\/lv\/wp-json\/wp\/v2\/comments?post=22608"}],"wp:featuredmedia":[{"embeddable":true,"href":"https:\/\/calor.ee\/lv\/wp-json\/wp\/v2\/media\/22606"}],"wp:attachment":[{"href":"https:\/\/calor.ee\/lv\/wp-json\/wp\/v2\/media?parent=22608"}],"wp:term":[{"taxonomy":"product_brand","embeddable":true,"href":"https:\/\/calor.ee\/lv\/wp-json\/wp\/v2\/product_brand?post=22608"},{"taxonomy":"product_cat","embeddable":true,"href":"https:\/\/calor.ee\/lv\/wp-json\/wp\/v2\/product_cat?post=22608"},{"taxonomy":"product_tag","embeddable":true,"href":"https:\/\/calor.ee\/lv\/wp-json\/wp\/v2\/product_tag?post=22608"}],"curies":[{"name":"wp","href":"https:\/\/api.w.org\/{rel}","templated":true}]}}