{"id":22465,"date":"2025-08-15T07:08:41","date_gmt":"2025-08-15T05:08:41","guid":{"rendered":"https:\/\/calor.ee\/izoleta-dumvada-likums-15-color-d130-melns\/"},"modified":"2025-08-15T07:08:41","modified_gmt":"2025-08-15T05:08:41","slug":"izoleta-dumvada-likums-15-color-d130-melns","status":"publish","type":"product","link":"https:\/\/calor.ee\/lv\/izoleta-dumvada-likums-15-color-d130-melns\/","title":{"rendered":"Izol\u0113ta d\u016bmvada l\u012bkums 15\u00b0 COLOR D130 (melns)"},"content":{"rendered":"","protected":false},"excerpt":{"rendered":"<p>COLOR izol\u0113tie d\u016bmvadi ir ide\u0101ls risin\u0101jums vis\u0101m ciet\u0101 kurin\u0101m\u0101 apkures iek\u0101rt\u0101m. Izol\u0113tie d\u016bmvada elementi ir paredz\u0113ti nep\u0101rtrauktam darba re\u017e\u012bmam l\u012bdz 600\u00b0C, kas padara tos par lielisku izv\u0113li ar\u012b pirts kr\u0101sn\u012bm, kur nepiecie\u0161ama augst\u0101ka temperat\u016bras klase. <\/p>\n<p>COLOR divsienu met\u0101la d\u016bmvadi ir ide\u0101ls risin\u0101jums vis\u0101m ciet\u0101 kurin\u0101m\u0101 apkures iek\u0101rt\u0101m. Met\u0101la d\u016bmvadi ir paredz\u0113ti nep\u0101rtrauktam darba re\u017e\u012bmam l\u012bdz 600 \u00b0C, kas padara tos piem\u0113rotus ar\u012b saunas kr\u0101sn\u012bm, kur nepiecie\u0161ama augst\u0101ka temperat\u016bras klase. \u0100r\u0113jais korpuss ir izgatavots no 0.6 mm korozijiztur\u012bga ner\u016bs\u0113jo\u0161\u0101 t\u0113rauda EN 1.4302 (304) un r\u016bpnieciski nokr\u0101sots ar augstas kvalit\u0101tes karstumiztur\u012bgu melnu kr\u0101su, kas nodro\u0161ina ilgm\u016b\u017e\u012bbu main\u012bgos laikapst\u0101k\u013cos. Pateicoties 30 mm izol\u0101cijai, komplekt\u0113tais divsienu met\u0101la d\u016bmvads izskat\u0101s slaids un elegants.   <\/p>\n<p>Komplekt\u0101 ietilpst stiprin\u0101juma skava, kas \u013cauj d\u016bmvada elementus savstarp\u0113ji savienot vienk\u0101r\u0161i un \u0101tri. \u0160\u012b izol\u0113t\u0101 d\u016bmvada l\u012bkuma le\u0146\u0137is ir 15\u00b0, iek\u0161\u0113jais diametrs ir 130 mm un \u0101r\u0113jais diametrs ir 190 mm.<\/p>\n","protected":false},"featured_media":22466,"comment_status":"closed","ping_status":"closed","template":"","meta":{"_acf_changed":false},"product_brand":[3078],"product_cat":[5138,5166],"product_tag":[],"class_list":{"0":"post-22465","1":"product","2":"type-product","3":"status-publish","4":"has-post-thumbnail","6":"product_brand-color","7":"product_cat-metala-dumvadi","8":"product_cat-izoletie-dumvadi","9":"tm-no-options","11":"first","12":"instock","13":"sale","14":"taxable","15":"shipping-taxable","16":"purchasable","17":"product-type-simple"},"acf":[],"_links":{"self":[{"href":"https:\/\/calor.ee\/lv\/wp-json\/wp\/v2\/product\/22465","targetHints":{"allow":["GET"]}}],"collection":[{"href":"https:\/\/calor.ee\/lv\/wp-json\/wp\/v2\/product"}],"about":[{"href":"https:\/\/calor.ee\/lv\/wp-json\/wp\/v2\/types\/product"}],"replies":[{"embeddable":true,"href":"https:\/\/calor.ee\/lv\/wp-json\/wp\/v2\/comments?post=22465"}],"wp:featuredmedia":[{"embeddable":true,"href":"https:\/\/calor.ee\/lv\/wp-json\/wp\/v2\/media\/22466"}],"wp:attachment":[{"href":"https:\/\/calor.ee\/lv\/wp-json\/wp\/v2\/media?parent=22465"}],"wp:term":[{"taxonomy":"product_brand","embeddable":true,"href":"https:\/\/calor.ee\/lv\/wp-json\/wp\/v2\/product_brand?post=22465"},{"taxonomy":"product_cat","embeddable":true,"href":"https:\/\/calor.ee\/lv\/wp-json\/wp\/v2\/product_cat?post=22465"},{"taxonomy":"product_tag","embeddable":true,"href":"https:\/\/calor.ee\/lv\/wp-json\/wp\/v2\/product_tag?post=22465"}],"curies":[{"name":"wp","href":"https:\/\/api.w.org\/{rel}","templated":true}]}}