{"id":22432,"date":"2025-08-14T13:57:10","date_gmt":"2025-08-14T11:57:10","guid":{"rendered":"https:\/\/calor.ee\/izolets-dumvads-250-mm-color-d130-melns\/"},"modified":"2025-08-14T13:57:10","modified_gmt":"2025-08-14T11:57:10","slug":"izolets-dumvads-250-mm-color-d130-melns","status":"publish","type":"product","link":"https:\/\/calor.ee\/lv\/izolets-dumvads-250-mm-color-d130-melns\/","title":{"rendered":"Izol\u0113ts d\u016bmvads 250 mm COLOR D130 (melns)"},"content":{"rendered":"","protected":false},"excerpt":{"rendered":"<p>COLOR izol\u0113tie d\u016bmvadi ir ide\u0101ls risin\u0101jums vis\u0101m ciet\u0101 kurin\u0101m\u0101 apkures iek\u0101rt\u0101m. Izol\u0113tie d\u016bmvada elementi ir paredz\u0113ti nep\u0101rtrauktam darba re\u017e\u012bmam l\u012bdz 600\u00b0C, kas padara tos par lielisku izv\u0113li ar\u012b pirts kr\u0101sn\u012bm, kur nepiecie\u0161ama augst\u0101ka temperat\u016bras klase. <\/p>\n<p>Met\u0101la d\u016bmvadu iek\u0161\u0113j\u0101 \u010daula ir izgatavota no 0,6 mm bieza ner\u016bs\u0113jo\u0161a, pret koroziju iztur\u012bga t\u0113rauda EN 1.4404 (316L). 30 mm bieza efekt\u012bva izol\u0101cija \u013cauj d\u016bmvadam \u0101tri sasniegt darba temperat\u016bru un t\u0101d\u0113j\u0101di nodro\u0161in\u0101t iesp\u0113jami lab\u0101ko vilkmes funkciju. \u0100r\u0113jais apvalks ir izgatavots no 0,6 mm bieza ner\u016bs\u0113jo\u0161a, pret koroziju iztur\u012bga t\u0113rauda EN 1.4301 (304), kas \u013coti labi iztur main\u012bgus un skarbus \u0101r\u0113j\u0101s vides apst\u0101k\u013cus. Pateicoties 30 mm biezajai izol\u0101cijai, komplekt\u0113tais met\u0101la d\u016bmvads ir slaids un sol\u012bds.   <\/p>\n<p>Komplekt\u0101 ietilpst stiprin\u0101juma skava, kas \u013cauj d\u016bmvada elementus savstarp\u0113ji savienot vienk\u0101r\u0161i un \u0101tri.<\/p>\n<p>\u0160\u012b izol\u0113t\u0101 d\u016bmvada garums ir 250 mm, lietder\u012bgais garums \u2013 185 mm, iek\u0161\u0113jais diametrs \u2013 130 mm un \u0101r\u0113jais diametrs \u2013 190 mm.<\/p>\n","protected":false},"featured_media":22429,"comment_status":"closed","ping_status":"closed","template":"","meta":{"_acf_changed":false},"product_brand":[5546],"product_cat":[5138,5166],"product_tag":[],"class_list":{"0":"post-22432","1":"product","2":"type-product","3":"status-publish","4":"has-post-thumbnail","6":"product_brand-color","7":"product_cat-metala-dumvadi","8":"product_cat-izoletie-dumvadi","9":"tm-no-options","11":"first","12":"instock","13":"sale","14":"taxable","15":"shipping-taxable","16":"purchasable","17":"product-type-simple"},"acf":[],"_links":{"self":[{"href":"https:\/\/calor.ee\/lv\/wp-json\/wp\/v2\/product\/22432","targetHints":{"allow":["GET"]}}],"collection":[{"href":"https:\/\/calor.ee\/lv\/wp-json\/wp\/v2\/product"}],"about":[{"href":"https:\/\/calor.ee\/lv\/wp-json\/wp\/v2\/types\/product"}],"replies":[{"embeddable":true,"href":"https:\/\/calor.ee\/lv\/wp-json\/wp\/v2\/comments?post=22432"}],"wp:featuredmedia":[{"embeddable":true,"href":"https:\/\/calor.ee\/lv\/wp-json\/wp\/v2\/media\/22429"}],"wp:attachment":[{"href":"https:\/\/calor.ee\/lv\/wp-json\/wp\/v2\/media?parent=22432"}],"wp:term":[{"taxonomy":"product_brand","embeddable":true,"href":"https:\/\/calor.ee\/lv\/wp-json\/wp\/v2\/product_brand?post=22432"},{"taxonomy":"product_cat","embeddable":true,"href":"https:\/\/calor.ee\/lv\/wp-json\/wp\/v2\/product_cat?post=22432"},{"taxonomy":"product_tag","embeddable":true,"href":"https:\/\/calor.ee\/lv\/wp-json\/wp\/v2\/product_tag?post=22432"}],"curies":[{"name":"wp","href":"https:\/\/api.w.org\/{rel}","templated":true}]}}