{"id":22423,"date":"2025-02-07T16:44:45","date_gmt":"2025-02-07T14:44:45","guid":{"rendered":"https:\/\/calor.ee\/dekorativa-kantaina-noslegplaksne-30-50-virsmai-color-d200-nerusejosa\/"},"modified":"2025-02-07T16:44:45","modified_gmt":"2025-02-07T14:44:45","slug":"dekorativa-kantaina-noslegplaksne-30-50-virsmai-color-d200-nerusejosa","status":"publish","type":"product","link":"https:\/\/calor.ee\/lv\/dekorativa-kantaina-noslegplaksne-30-50-virsmai-color-d200-nerusejosa\/","title":{"rendered":"Dekorat\u012bva kantaina nosl\u0113gpl\u0101ksne 30\u201350\u00b0 virsmai COLOR D200 (ner\u016bs\u0113jo\u0161\u0101)"},"content":{"rendered":"","protected":false},"excerpt":{"rendered":"<p>COLOR divsienu met\u0101la d\u016bmvadi ir ide\u0101ls risin\u0101jums vis\u0101m ciet\u0101 kurin\u0101m\u0101 apkures iek\u0101rt\u0101m. Met\u0101la d\u016bmvadi ir paredz\u0113ti nep\u0101rtrauktam darba re\u017e\u012bmam l\u012bdz 600\u00b0C, kas padara tos piem\u0113rotus ar\u012b saunas kr\u0101sn\u012bm, kur nepiecie\u0161ama augst\u0101ka temperat\u016bras klase. <\/p>\n<p>Met\u0101la d\u016bmvadu iek\u0161\u0113j\u0101 \u010daula ir izgatavota no 0,6 mm bieza ner\u016bs\u0113jo\u0161a, pret koroziju iztur\u012bga t\u0113rauda EN 1.4404 (316L). 30 mm bieza efekt\u012bva izol\u0101cija \u013cauj d\u016bmvadam \u0101tri sasniegt darba temperat\u016bru un t\u0101d\u0113j\u0101di nodro\u0161in\u0101t iesp\u0113jami lab\u0101ko vilkmes funkciju. \u0100r\u0113jais apvalks ir izgatavots no 0,6 mm bieza ner\u016bs\u0113jo\u0161a, pret koroziju iztur\u012bga t\u0113rauda EN 1.4301 (304), kas \u013coti labi iztur main\u012bgus un skarbus \u0101r\u0113j\u0101s vides apst\u0101k\u013cus. Pateicoties 30 mm biezajai izol\u0101cijai, komplekt\u0113tais met\u0101la d\u016bmvads ir slaids un sol\u012bds.   <\/p>\n<p>Dekorat\u012bv\u0101 kantaina nosl\u0113gpl\u0101ksne ir paredz\u0113ta COLOR D200 met\u0101la d\u016bmvada caurvada nosl\u0113g\u0161anai un ir piem\u0113rota 30\u201350\u00b0 virsmai.<\/p>\n","protected":false},"featured_media":22415,"comment_status":"closed","ping_status":"closed","template":"","meta":{"_acf_changed":false},"product_brand":[3078],"product_cat":[5138,5166],"product_tag":[],"class_list":{"0":"post-22423","1":"product","2":"type-product","3":"status-publish","4":"has-post-thumbnail","6":"product_brand-color","7":"product_cat-metala-dumvadi","8":"product_cat-izoletie-dumvadi","9":"tm-no-options","11":"first","12":"instock","13":"sale","14":"taxable","15":"shipping-taxable","16":"purchasable","17":"product-type-simple"},"acf":[],"_links":{"self":[{"href":"https:\/\/calor.ee\/lv\/wp-json\/wp\/v2\/product\/22423","targetHints":{"allow":["GET"]}}],"collection":[{"href":"https:\/\/calor.ee\/lv\/wp-json\/wp\/v2\/product"}],"about":[{"href":"https:\/\/calor.ee\/lv\/wp-json\/wp\/v2\/types\/product"}],"replies":[{"embeddable":true,"href":"https:\/\/calor.ee\/lv\/wp-json\/wp\/v2\/comments?post=22423"}],"wp:featuredmedia":[{"embeddable":true,"href":"https:\/\/calor.ee\/lv\/wp-json\/wp\/v2\/media\/22415"}],"wp:attachment":[{"href":"https:\/\/calor.ee\/lv\/wp-json\/wp\/v2\/media?parent=22423"}],"wp:term":[{"taxonomy":"product_brand","embeddable":true,"href":"https:\/\/calor.ee\/lv\/wp-json\/wp\/v2\/product_brand?post=22423"},{"taxonomy":"product_cat","embeddable":true,"href":"https:\/\/calor.ee\/lv\/wp-json\/wp\/v2\/product_cat?post=22423"},{"taxonomy":"product_tag","embeddable":true,"href":"https:\/\/calor.ee\/lv\/wp-json\/wp\/v2\/product_tag?post=22423"}],"curies":[{"name":"wp","href":"https:\/\/api.w.org\/{rel}","templated":true}]}}