{"id":22375,"date":"2023-09-05T10:54:10","date_gmt":"2023-09-05T08:54:10","guid":{"rendered":"https:\/\/calor.ee\/sildmuris-brula-75-evo\/"},"modified":"2023-09-05T10:54:10","modified_gmt":"2023-09-05T08:54:10","slug":"sildmuris-brula-75-evo","status":"publish","type":"product","link":"https:\/\/calor.ee\/lv\/sildmuris-brula-75-evo\/","title":{"rendered":"Sildm\u016bris Brula 75 Evo"},"content":{"rendered":"<p>Komplekt\u0101 ietilpst sildm\u016bra elementi un t\u012br\u012b\u0161anas v\u0101ks.<\/p>\n<p>Produkta att\u0113ls ir ilustrat\u012bvs! Komplekt\u0101 nav iek\u013cauta kurtuve, izl\u012bdzino\u0161\u0101s k\u0101jas, iepl\u016bdes un izpl\u016bdes savienojumi. <\/p>\n","protected":false},"excerpt":{"rendered":"<p>Efekt\u012bvi uzkr\u0101jiet sava kr\u0101sns, pl\u012bts vai kam\u012bna siltumu ar jaun\u0101k\u0101s paaudzes Brula sildm\u016bri. T\u0101 izb\u016bve, sal\u012bdzinot ar tradicion\u0101lajiem sildm\u016briem, ir vienk\u0101r\u0161a un \u0101tra, jo, pateicoties sist\u0113mblokiem, ir izsl\u0113gtas mont\u0101\u017eas k\u013c\u016bdas un neprec\u012bzi izm\u0113ri. <\/p>\n<p>Brula 75 Evo sildm\u016bris ir univers\u0101ls un kombin\u0113jams ar visu veidu kr\u0101sns kurtuv\u0113m, kam\u012bna kurtuv\u0113m, pl\u012bt\u012bm un pat pirts kr\u0101sn\u012bm. Sildm\u016bris ir siltumu akumul\u0113jo\u0161s, un to iesp\u0113jams izmantot gan k\u0101 pamatapkures, gan k\u0101 papildu apkures ier\u012bci. \u0160is sildm\u016bris nodro\u0161ina ilgu siltuma uzkr\u0101\u0161anas laiku, tas ir izgatavots no \u013coti kvalitat\u012bva \u0161amota materi\u0101la un ietverts t\u0113rauda korpus\u0101.  <\/p>\n<p>Brula 75 Evo sildm\u016bra priek\u0161roc\u012bbas ir optimiz\u0113ta d\u016bmg\u0101zu pl\u016bsma d\u016bmkan\u0101lu sist\u0113m\u0101, iesp\u0113ja main\u012bt t\u012br\u012b\u0161anas piek\u013cuves risin\u0101jumus un pamatnes da\u013ca ar uzlabotu funkcionalit\u0101ti. Pamatnes da\u013cai ir iek\u0161\u0113ja mala, kas nov\u0113r\u0161 iesp\u0113jam\u0101 kondens\u0101ta izpl\u016bdi, k\u0101 ar\u012b t\u0101 ir sagatavota fiks\u0113jamu regul\u0113jamo k\u0101ju uzst\u0101d\u012b\u0161anai, ar kur\u0101m nepiecie\u0161am\u012bbas gad\u012bjum\u0101 iesp\u0113jams prec\u012bzi nol\u012bme\u0146ot sildm\u016bri. <\/p>\n<p>Brula 75 Evo sildm\u016bra d\u016bmkan\u0101la garums ir 2,24 metri, iepl\u016bdes diametrs ir 180 mm, bet izpl\u016bdes diametrs \u2013 160 mm.<\/p>\n<p>Sildm\u016brim ir iesp\u0113jams izb\u016bv\u0113t \u0101r\u0113jo apvalku, piem\u0113ram, no Brula GSL 30 mm pl\u0101ksn\u0113m, Brula Heat 40 mm vai 50 mm siltuma akumul\u0101cijas pl\u0101ksn\u0113m, podi\u0146iem, neapdedzin\u0101tiem m\u0101la \u0137ie\u0123e\u013ciem vai apdedzin\u0101tiem \u0137ie\u0123e\u013ciem.<\/p>\n","protected":false},"featured_media":22376,"comment_status":"closed","ping_status":"closed","template":"","meta":{"_acf_changed":false},"product_brand":[77],"product_cat":[5127],"product_tag":[],"class_list":{"0":"post-22375","1":"product","2":"type-product","3":"status-publish","4":"has-post-thumbnail","6":"product_brand-brula","7":"product_cat-sildmuri","8":"product_shipping_class-bezmaksas","9":"tm-no-options","11":"first","12":"instock","13":"taxable","14":"shipping-taxable","15":"purchasable","16":"product-type-simple"},"acf":[],"_links":{"self":[{"href":"https:\/\/calor.ee\/lv\/wp-json\/wp\/v2\/product\/22375","targetHints":{"allow":["GET"]}}],"collection":[{"href":"https:\/\/calor.ee\/lv\/wp-json\/wp\/v2\/product"}],"about":[{"href":"https:\/\/calor.ee\/lv\/wp-json\/wp\/v2\/types\/product"}],"replies":[{"embeddable":true,"href":"https:\/\/calor.ee\/lv\/wp-json\/wp\/v2\/comments?post=22375"}],"wp:featuredmedia":[{"embeddable":true,"href":"https:\/\/calor.ee\/lv\/wp-json\/wp\/v2\/media\/22376"}],"wp:attachment":[{"href":"https:\/\/calor.ee\/lv\/wp-json\/wp\/v2\/media?parent=22375"}],"wp:term":[{"taxonomy":"product_brand","embeddable":true,"href":"https:\/\/calor.ee\/lv\/wp-json\/wp\/v2\/product_brand?post=22375"},{"taxonomy":"product_cat","embeddable":true,"href":"https:\/\/calor.ee\/lv\/wp-json\/wp\/v2\/product_cat?post=22375"},{"taxonomy":"product_tag","embeddable":true,"href":"https:\/\/calor.ee\/lv\/wp-json\/wp\/v2\/product_tag?post=22375"}],"curies":[{"name":"wp","href":"https:\/\/api.w.org\/{rel}","templated":true}]}}