{"id":22353,"date":"2025-10-31T09:15:40","date_gmt":"2025-10-31T07:15:40","guid":{"rendered":"https:\/\/calor.ee\/siltuma-akumulacijas-gredzeni-ar-sanu-pieslegumu-tomillo-2500\/"},"modified":"2026-02-16T12:43:51","modified_gmt":"2026-02-16T10:43:51","slug":"siltuma-akumulacijas-gredzeni-ar-sanu-pieslegumu-tomillo-2500","status":"publish","type":"product","link":"https:\/\/calor.ee\/lv\/siltuma-akumulacijas-gredzeni-ar-sanu-pieslegumu-tomillo-2500\/","title":{"rendered":"Siltuma akumul\u0101cijas gredzeni ar s\u0101nu piesl\u0113gumu Tomillo 2500"},"content":{"rendered":"","protected":false},"excerpt":{"rendered":"<p>Siltuma akumul\u0101cijas gredzeni Tomillo 2500 ir paredz\u0113ti uzst\u0101d\u012b\u0161anai virs jebkura tipa kam\u012bna kurtuves siltumener\u0123ijas uzkr\u0101\u0161anai. Karst\u0101s d\u016bmg\u0101zes pl\u016bst caur akumul\u0101cijas elementu spir\u0101lveida kan\u0101liem, t\u0101d\u0113j\u0101di pagarinot d\u016bmkan\u0101la ce\u013cu un nodro\u0161inot efekt\u012bvu siltuma uzkr\u0101\u0161anu. P\u0113c uguns izdzi\u0161anas kurtuv\u0113 uzkr\u0101t\u0101 siltumener\u0123ija v\u0113l vair\u0101kas stundas pak\u0101peniski izdal\u0101s apk\u0101rt\u0113j\u0101 telp\u0101.  <\/p>\n<p>Siltuma akumul\u0101cijas gredzeni efekt\u012bvi uzkr\u0101j kam\u012bna kurtuves siltumu akumul\u0101cijas mas\u0101, kuras pamat\u0101 ir magnet\u012bts, magnez\u012bts un keramisks pildmateri\u0101ls ar bl\u012bvumu 2500 kg\/m\u00b3. Tiem piem\u012bt izcila siltuma uzkr\u0101\u0161anas sp\u0113ja, augsts bl\u012bvums un siltumietilp\u012bba, \u0137\u012bmisk\u0101 un meh\u0101nisk\u0101 stabilit\u0101te augst\u0101s temperat\u016br\u0101s (l\u012bdz 1350\u00b0C), k\u0101 ar\u012b augsta iztur\u012bba pret termiskajiem \u0161okiem un atk\u0101rtotiem kurin\u0101\u0161anas cikliem. \u0160\u012bs izcil\u0101s \u012bpa\u0161\u012bbas nodro\u0161ina Tomillo siltuma akumul\u0101cijas gredzeniem ilgu kalpo\u0161anas laiku bez fizik\u0101li \u0137\u012bmisko \u012bpa\u0161\u012bbu pasliktin\u0101\u0161an\u0101s.  <\/p>\n<p>Siltuma akumul\u0101cijas gredzenu komplekts sast\u0101v no pamatnes elementa, 3\u20135 starpelementiem un aug\u0161\u0113j\u0101 elementa, kas tiek savienots ar skursteni. \u0160is komplekts ir ar s\u0101nu piesl\u0113gumu, kas noz\u012bm\u0113, ka savienojums ar skursteni tiek veikts no p\u0113d\u0113j\u0101 elementa s\u0101niem. <\/p>\n<p>S\u0101kuma elementa svars ir 27 kg, starpelementa svars ir 30 kg un d\u016bmvada piesl\u0113guma elementa svars ir 57 kg. Tas komplekta ar trim starpelementiem (3 starpelementu l\u012bme\u0146i) kop\u0113jo svaru veido 174 kg, komplekta ar \u010detriem starpelementiem (4 starpelementu l\u012bme\u0146i) \u2013 204 kg, bet komplekta ar pieciem starpelementiem (5 starpelementu l\u012bme\u0146i) \u2013 pat 234 kg. <\/p>\n","protected":false},"featured_media":22354,"comment_status":"closed","ping_status":"closed","template":"","meta":{"_acf_changed":false},"product_brand":[5189],"product_cat":[5127],"product_tag":[],"class_list":{"0":"post-22353","1":"product","2":"type-product","3":"status-publish","4":"has-post-thumbnail","6":"product_brand-tomillo","7":"product_cat-sildmuri","8":"product_shipping_class-bezmaksas","9":"tm-no-options","11":"first","12":"instock","13":"sale","14":"taxable","15":"shipping-taxable","16":"purchasable","17":"product-type-variable","18":"has-default-attributes"},"acf":[],"_links":{"self":[{"href":"https:\/\/calor.ee\/lv\/wp-json\/wp\/v2\/product\/22353","targetHints":{"allow":["GET"]}}],"collection":[{"href":"https:\/\/calor.ee\/lv\/wp-json\/wp\/v2\/product"}],"about":[{"href":"https:\/\/calor.ee\/lv\/wp-json\/wp\/v2\/types\/product"}],"replies":[{"embeddable":true,"href":"https:\/\/calor.ee\/lv\/wp-json\/wp\/v2\/comments?post=22353"}],"wp:featuredmedia":[{"embeddable":true,"href":"https:\/\/calor.ee\/lv\/wp-json\/wp\/v2\/media\/22354"}],"wp:attachment":[{"href":"https:\/\/calor.ee\/lv\/wp-json\/wp\/v2\/media?parent=22353"}],"wp:term":[{"taxonomy":"product_brand","embeddable":true,"href":"https:\/\/calor.ee\/lv\/wp-json\/wp\/v2\/product_brand?post=22353"},{"taxonomy":"product_cat","embeddable":true,"href":"https:\/\/calor.ee\/lv\/wp-json\/wp\/v2\/product_cat?post=22353"},{"taxonomy":"product_tag","embeddable":true,"href":"https:\/\/calor.ee\/lv\/wp-json\/wp\/v2\/product_tag?post=22353"}],"curies":[{"name":"wp","href":"https:\/\/api.w.org\/{rel}","templated":true}]}}