{"id":22309,"date":"2025-10-27T15:56:01","date_gmt":"2025-10-27T13:56:01","guid":{"rendered":"https:\/\/calor.ee\/sildmuris-tomillo-1\/"},"modified":"2025-10-27T15:56:01","modified_gmt":"2025-10-27T13:56:01","slug":"sildmuris-tomillo-1","status":"publish","type":"product","link":"https:\/\/calor.ee\/lv\/sildmuris-tomillo-1\/","title":{"rendered":"Sildm\u016bris Tomillo 1"},"content":{"rendered":"<p><strong>Komplekt\u0101 ietilpst \u0161\u0101di sildm\u016bra elementi:<\/strong><\/p>\n<table class=\"dashed\">\n<tbody>\n<tr>\n<td>D\u016bmkan\u0101la elements<\/td>\n<td>11 gab.<\/td>\n<\/tr>\n<tr>\n<td>\u012asais d\u016bmkan\u0101la elements<\/td>\n<td>1 gab.<\/td>\n<\/tr>\n<tr>\n<td>90\u00b0 l\u012bkuma elements<\/td>\n<td>2 gab.<\/td>\n<\/tr>\n<tr>\n<td>90\u00b0 l\u012bkuma elements ar t\u012br\u012b\u0161anas l\u016bku aug\u0161pus\u0113<\/td>\n<td>3 gab.<\/td>\n<\/tr>\n<tr>\n<td>T veida elements<\/td>\n<td>2 gab.<\/td>\n<\/tr>\n<tr>\n<td>Skurste\u0146a piesl\u0113guma elements<\/td>\n<td>2 gab.<\/td>\n<\/tr>\n<tr>\n<td>D\u016bmkan\u0101la elementa bl\u012bv\u0113juma komplekts<\/td>\n<td>4 gab.<\/td>\n<\/tr>\n<tr>\n<td>T\u012br\u012b\u0161anas l\u016bkas v\u0101ks<\/td>\n<td>3 gab.<\/td>\n<\/tr>\n<tr>\n<td>D\u016bmkan\u0101la elements ar aizb\u012bdni<\/td>\n<td>1 gab.<\/td>\n<\/tr>\n<tr>\n<td>Izl\u012bdzin\u0101\u0161anas elements<\/td>\n<td>1 gab.<\/td>\n<\/tr>\n<tr>\n<td>D\u016bmkan\u0101la elementa gala \u0137\u012blis (balsts)<\/td>\n<td>2 gab.<\/td>\n<\/tr>\n<tr>\n<td>D\u016bmkan\u0101la elementa gr\u012bdas balsts (starp gr\u012bdu un d\u016bmkan\u0101lu)<\/td>\n<td>2 gab.<\/td>\n<\/tr>\n<\/tbody>\n<\/table>\n<p>&nbsp;<\/p>\n","protected":false},"excerpt":{"rendered":"<p><strong>Sildm\u016bris Tomillo 1<\/strong> efekt\u012bvi uzkr\u0101j J\u016bsu kr\u0101sns, pl\u012bts vai kam\u012bna siltumu uzkr\u0101\u0161anas mas\u0101, kas balst\u012bta uz magnet\u012btu, magnez\u012btu un keramiskiem pildmateri\u0101liem ar bl\u012bvumu 2500 kg\/m\u00b3. Atkar\u012bb\u0101 no izv\u0113l\u0113t\u0101 mode\u013ca sildm\u016bra jauda ir robe\u017e\u0101s no 5,3 l\u012bdz 12,7 kW, bet siltuma uzkr\u0101\u0161anas jauda \u2013 no 22,8 l\u012bdz 34,0 kWh. Tam ir izcila siltuma uzkr\u0101\u0161anas sp\u0113ja, augsts bl\u012bvums un siltumietilp\u012bba, \u0137\u012bmisk\u0101 un meh\u0101nisk\u0101 stabilit\u0101te augst\u0101s temperat\u016br\u0101s (l\u012bdz 1350\u00b0C), k\u0101 ar\u012b augsta iztur\u012bba pret termo\u0161okiem un atk\u0101rtotiem kurin\u0101\u0161anas cikliem. \u0160\u012bs izcil\u0101s \u012bpa\u0161\u012bbas nodro\u0161ina Tomillo 1 sildm\u016brim ilgu kalpo\u0161anas laiku bez fizik\u0101li \u0137\u012bmisko \u012bpa\u0161\u012bbu pasliktin\u0101\u0161an\u0101s.   <\/p>\n<p>Sildm\u016bris Tomillo 1 ir apr\u012bkots ar aizb\u012bdni, kas \u013cauj novad\u012bt d\u016bmg\u0101zes pa \u012bs\u0101ko ce\u013cu tie\u0161i skursten\u012b. Izmantojot aizb\u012bdni, iesp\u0113jams nodro\u0161in\u0101t \u0101tr\u0101ku skurste\u0146a darba re\u017e\u012bma sasnieg\u0161anu, efekt\u012bv\u0101ku apkures ier\u012bces darb\u012bbu un b\u016btiski samazin\u0101t kondens\u0101ta veido\u0161anos skursten\u012b. Kad apkures ier\u012bce (kr\u0101sns, kam\u012bns vai pl\u012bts) ir uzsilusi un skursten\u012b izveidojusies pietiekama vilkme, aizb\u012bdni var aizv\u0113rt, un d\u016bmg\u0101zes tiek novad\u012btas pa gar\u0101ku ce\u013cu uz skursteni, nodro\u0161inot \u013coti labu siltuma uzkr\u0101\u0161anu un siltuma apmai\u0146u.  <\/p>\n<p>Aizb\u012bdni iesp\u0113jams vad\u012bt manu\u0101li (standarta komplekt\u0101cij\u0101) vai k\u0101 papildapr\u012bkojumu \u2013 autom\u0101tiski ar neliela elektromotora pal\u012bdz\u012bbu.<\/p>\n<p>\u0160is sildm\u016bris sast\u0101v no da\u017e\u0101diem elementiem, kas izsl\u0113dz mont\u0101\u017eas k\u013c\u016bdas un \u013cauj veikt vienk\u0101r\u0161u un \u0101tru uzst\u0101d\u012b\u0161anu sal\u012bdzin\u0101jum\u0101 ar tradicion\u0101lajiem sildm\u016briem. Atbilsto\u0161i person\u012bgaj\u0101m v\u0113lm\u0113m sildm\u016brim iesp\u0113jams izb\u016bv\u0113t \u0101r\u0113jo apvalku no siltumu akumul\u0113jo\u0161\u0101m pl\u0101ksn\u0113m, neapdedzin\u0101tiem m\u0101la \u0137ie\u0123e\u013ciem, podi\u0146u fl\u012bz\u0113m vai apdedzin\u0101tiem \u0137ie\u0123e\u013ciem.<\/p>\n<p> <\/p>\n<p>Pateicoties ilgajam siltuma akumul\u0101cijas laikam, \u0161o sildm\u016bri iesp\u0113jams izmantot gan k\u0101 pamata apkures ier\u012bci, gan k\u0101 papildu apkures risin\u0101jumu.<\/p>\n<p>Sildm\u016bris Tomillo 1 ir pieejams ar dzi\u013cumu (jeb sildm\u016bra sienas biezumu) 26 cm un 30 cm. Abos gad\u012bjumos iepl\u016bdes un izpl\u016bdes diametrs ir 180 mm.<\/p>\n","protected":false},"featured_media":22310,"comment_status":"closed","ping_status":"closed","template":"","meta":{"_acf_changed":false},"product_brand":[5189],"product_cat":[5127],"product_tag":[],"class_list":{"0":"post-22309","1":"product","2":"type-product","3":"status-publish","4":"has-post-thumbnail","6":"product_brand-tomillo","7":"product_cat-sildmuri","8":"product_shipping_class-bezmaksas","9":"tm-no-options","11":"first","12":"instock","13":"sale","14":"taxable","15":"shipping-taxable","16":"purchasable","17":"product-type-variable","18":"has-default-attributes"},"acf":[],"_links":{"self":[{"href":"https:\/\/calor.ee\/lv\/wp-json\/wp\/v2\/product\/22309","targetHints":{"allow":["GET"]}}],"collection":[{"href":"https:\/\/calor.ee\/lv\/wp-json\/wp\/v2\/product"}],"about":[{"href":"https:\/\/calor.ee\/lv\/wp-json\/wp\/v2\/types\/product"}],"replies":[{"embeddable":true,"href":"https:\/\/calor.ee\/lv\/wp-json\/wp\/v2\/comments?post=22309"}],"wp:featuredmedia":[{"embeddable":true,"href":"https:\/\/calor.ee\/lv\/wp-json\/wp\/v2\/media\/22310"}],"wp:attachment":[{"href":"https:\/\/calor.ee\/lv\/wp-json\/wp\/v2\/media?parent=22309"}],"wp:term":[{"taxonomy":"product_brand","embeddable":true,"href":"https:\/\/calor.ee\/lv\/wp-json\/wp\/v2\/product_brand?post=22309"},{"taxonomy":"product_cat","embeddable":true,"href":"https:\/\/calor.ee\/lv\/wp-json\/wp\/v2\/product_cat?post=22309"},{"taxonomy":"product_tag","embeddable":true,"href":"https:\/\/calor.ee\/lv\/wp-json\/wp\/v2\/product_tag?post=22309"}],"curies":[{"name":"wp","href":"https:\/\/api.w.org\/{rel}","templated":true}]}}