{"id":22260,"date":"2020-12-23T17:40:26","date_gmt":"2020-12-23T15:40:26","guid":{"rendered":"https:\/\/calor.ee\/centralapkures-kamina-kurtuve-unico-nemo-2-duo-lift\/"},"modified":"2026-02-15T16:27:11","modified_gmt":"2026-02-15T14:27:11","slug":"centralapkures-kamina-kurtuve-unico-nemo-2-duo-lift","status":"publish","type":"product","link":"https:\/\/calor.ee\/lv\/centralapkures-kamina-kurtuve-unico-nemo-2-duo-lift\/","title":{"rendered":"Centr\u0101lapkures kam\u012bna kurtuve Unico Nemo 2 Duo Lift"},"content":{"rendered":"<p>Unico Nemo 2 Duo Lift ir pieejams ar diviem da\u017e\u0101diem keramiskiem kurtuves oder\u0113jumiem, kas at\u0161\u0137iras gan kr\u0101sas, gan materi\u0101la \u012bpa\u0161\u012bbu zi\u0146\u0101. Iesp\u0113jams izv\u0113l\u0113ties gai\u0161o Refrabox vai tum\u0161o Cerabox, kas izstr\u0101d\u0101ti speci\u0101li Unico kam\u012bna kurtuv\u0113m. <\/p>\n<p>Cerabox materi\u0101lam pievienots speci\u0101ls hidrauliski-keramisks saistviela, kas \u0137\u012bmiskas reakcijas rezult\u0101t\u0101 pie\u0161\u0137ir materi\u0101lam augstu meh\u0101nisko iztur\u012bbu, kas piel\u012bdzin\u0101ma betonam. At\u0161\u0137ir\u012bb\u0101 no parast\u0101 betona, kura saist\u012bba augst\u0101 temperat\u016br\u0101 mazin\u0101s, Cerabox materi\u0101l\u0101 \u0161\u012bs izmai\u0146as kompens\u0113 keramikas sakaus\u0113\u0161an\u0101s process, kur\u0101 masa k\u013c\u016bst bl\u012bv\u0101ka. <\/p>\n<p>Refrabox ir inovat\u012bvs kurtuves materi\u0101ls, kas pace\u013c kam\u012bna kurtuvju kvalit\u0101ti piln\u012bgi jaun\u0101 l\u012bmen\u012b. Taj\u0101 ir iev\u0113rojami maz\u0101k kait\u012bgu piemais\u012bjumu un daudz vair\u0101k karstumiztur\u012bbu palielino\u0161u komponentu, piem\u0113ram, alum\u012bnija oks\u012bds. Refrabox raksturo maz\u0101ks porainums, vair\u0101kas reizes liel\u0101ka meh\u0101nisk\u0101 iztur\u012bba un b\u016btiski liel\u0101ks bl\u012bvums nek\u0101 tradicion\u0101lajiem materi\u0101liem.  <\/p>\n<p>Unico Nemo 2 Duo Lift kam\u012bna kurtuves durvju stikli ab\u0101s pus\u0113s b\u0101zes komplekt\u0101cij\u0101 ir vienk\u0101r\u0161ais sietstikls, kuru iesp\u0113jams nomain\u012bt pret divk\u0101r\u0161u vai tr\u012bsk\u0101r\u0161u sietstiklu.<\/p>\n<p>Vair\u0101ku sl\u0101\u0146u stiklam ir divas b\u016btiskas priek\u0161roc\u012bbas:<br \/>\u2013 zem\u0101ka \u0101r\u0113j\u0101 stikla virsmas temperat\u016bra (b\u016btiski \u0123imen\u0113m ar b\u0113rniem vai m\u0101jdz\u012bvniekiem),<br \/>\u2013 augst\u0101ka sadeg\u0161anas temperat\u016bra kurtuv\u0113, kas uzlabo deg\u0161anas kvalit\u0101ti un pal\u012bdz uztur\u0113t stiklu t\u012br\u0101ku.  <\/p>\n<div id='gallery-1' class='gallery galleryid-22260 gallery-columns-6 gallery-size-thumbnail'><figure class='gallery-item'>\n\t\t\t<div class='gallery-icon landscape'>\n\t\t\t\t<img loading=\"lazy\" decoding=\"async\" width=\"150\" height=\"150\" src=\"https:\/\/calor.ee\/wp-content\/uploads\/2020\/11\/s2-150x150.png\" class=\"attachment-thumbnail size-thumbnail\" alt=\"\" aria-describedby=\"gallery-1-1038\" srcset=\"https:\/\/calor.ee\/wp-content\/uploads\/2020\/11\/s2-150x150.png 150w, https:\/\/calor.ee\/wp-content\/uploads\/2020\/11\/s2-140x140.png 140w, https:\/\/calor.ee\/wp-content\/uploads\/2020\/11\/s2-100x100.png 100w, https:\/\/calor.ee\/wp-content\/uploads\/2020\/11\/s2.png 211w\" sizes=\"auto, (max-width: 150px) 100vw, 150px\" \/>\n\t\t\t<\/div>\n\t\t\t\t<figcaption class='wp-caption-text gallery-caption' id='gallery-1-1038'>\n\t\t\t\t\u00dchekordne rasterklaas (S2)\n\t\t\t\t<\/figcaption><\/figure><figure class='gallery-item'>\n\t\t\t<div class='gallery-icon landscape'>\n\t\t\t\t<img loading=\"lazy\" decoding=\"async\" width=\"150\" height=\"150\" src=\"https:\/\/calor.ee\/wp-content\/uploads\/2020\/11\/s3-150x150.png\" class=\"attachment-thumbnail size-thumbnail\" alt=\"\" aria-describedby=\"gallery-1-1036\" srcset=\"https:\/\/calor.ee\/wp-content\/uploads\/2020\/11\/s3-150x150.png 150w, https:\/\/calor.ee\/wp-content\/uploads\/2020\/11\/s3-140x140.png 140w, https:\/\/calor.ee\/wp-content\/uploads\/2020\/11\/s3-100x100.png 100w, https:\/\/calor.ee\/wp-content\/uploads\/2020\/11\/s3.png 211w\" sizes=\"auto, (max-width: 150px) 100vw, 150px\" \/>\n\t\t\t<\/div>\n\t\t\t\t<figcaption class='wp-caption-text gallery-caption' id='gallery-1-1036'>\n\t\t\t\tKahekordne rasterklaas (S3)\n\t\t\t\t<\/figcaption><\/figure><figure class='gallery-item'>\n\t\t\t<div class='gallery-icon landscape'>\n\t\t\t\t<img loading=\"lazy\" decoding=\"async\" width=\"150\" height=\"150\" src=\"https:\/\/calor.ee\/wp-content\/uploads\/2020\/11\/s11-150x150.png\" class=\"attachment-thumbnail size-thumbnail\" alt=\"\" aria-describedby=\"gallery-1-823\" srcset=\"https:\/\/calor.ee\/wp-content\/uploads\/2020\/11\/s11-150x150.png 150w, https:\/\/calor.ee\/wp-content\/uploads\/2020\/11\/s11-140x140.png 140w, https:\/\/calor.ee\/wp-content\/uploads\/2020\/11\/s11-100x100.png 100w, https:\/\/calor.ee\/wp-content\/uploads\/2020\/11\/s11.png 211w\" sizes=\"auto, (max-width: 150px) 100vw, 150px\" \/>\n\t\t\t<\/div>\n\t\t\t\t<figcaption class='wp-caption-text gallery-caption' id='gallery-1-823'>\n\t\t\t\tKolmekordne rasterklaas (S11)\n\t\t\t\t<\/figcaption><\/figure>\n\t\t<\/div>\n\n<p>Kam\u012bna kurtuve no vienas puses ir apr\u012bkota ar aug\u0161up pace\u013cam\u0101m durv\u012bm, bet no otras puses \u2013 ar parast\u0101m uz s\u0101niem veram\u0101m durv\u012bm.<\/p>\n","protected":false},"excerpt":{"rendered":"<p><strong>Centr\u0101lapkures kam\u012bna kurtuve Unico Nemo 2 Duo Lift<\/strong> ar aug\u0161up pace\u013cam\u0101m durv\u012bm un \u016bdens apvalku ir lieliska izv\u0113le J\u016bsu jaun\u0101 (dizaina) kam\u012bna izb\u016bvei. Izv\u0113loties \u0161o ar rok\u0101m izgatavoto ekskluz\u012bvo kam\u012bna kurtuvi, varat b\u016bt dro\u0161i, ka ieg\u016bsiet vislab\u0101ko un augst\u0101k\u0101s kvalit\u0101tes risin\u0101jumu savam divpus\u0113jam centr\u0101lapkures kam\u012bnam. <\/p>\n<p>\u0160ai kam\u012bna kurtuvei ir \u013coti stil\u012bgas durvis ar \u012bpa\u0161i \u0161auru r\u0101mi un lielu stikla virsmu, kas \u013cauj maksim\u0101li baud\u012bt dz\u012bvo uguni.<\/p>\n<p>Kam\u012bna konfigur\u0101ciju \u2013 kurtuves iek\u0161pusi un stikla veidu \u2013 iesp\u0113jams \u0113rti piel\u0101got atbilsto\u0161i J\u016bsu vai interjera dizainera iecerei.<\/p>\n","protected":false},"featured_media":22264,"comment_status":"closed","ping_status":"closed","template":"","meta":{"_acf_changed":false},"product_brand":[95],"product_cat":[5119,5275,5116],"product_tag":[],"class_list":{"0":"post-22260","1":"product","2":"type-product","3":"status-publish","4":"has-post-thumbnail","6":"product_brand-unico","7":"product_cat-centralapkures-kamini","8":"product_cat-kamins-ar-udens-apvalku","9":"product_cat-kaminu-kurtuves","10":"product_shipping_class-bezmaksas","11":"tm-has-options","13":"first","14":"instock","15":"taxable","16":"shipping-taxable","17":"purchasable","18":"product-type-simple"},"acf":[],"_links":{"self":[{"href":"https:\/\/calor.ee\/lv\/wp-json\/wp\/v2\/product\/22260","targetHints":{"allow":["GET"]}}],"collection":[{"href":"https:\/\/calor.ee\/lv\/wp-json\/wp\/v2\/product"}],"about":[{"href":"https:\/\/calor.ee\/lv\/wp-json\/wp\/v2\/types\/product"}],"replies":[{"embeddable":true,"href":"https:\/\/calor.ee\/lv\/wp-json\/wp\/v2\/comments?post=22260"}],"wp:featuredmedia":[{"embeddable":true,"href":"https:\/\/calor.ee\/lv\/wp-json\/wp\/v2\/media\/22264"}],"wp:attachment":[{"href":"https:\/\/calor.ee\/lv\/wp-json\/wp\/v2\/media?parent=22260"}],"wp:term":[{"taxonomy":"product_brand","embeddable":true,"href":"https:\/\/calor.ee\/lv\/wp-json\/wp\/v2\/product_brand?post=22260"},{"taxonomy":"product_cat","embeddable":true,"href":"https:\/\/calor.ee\/lv\/wp-json\/wp\/v2\/product_cat?post=22260"},{"taxonomy":"product_tag","embeddable":true,"href":"https:\/\/calor.ee\/lv\/wp-json\/wp\/v2\/product_tag?post=22260"}],"curies":[{"name":"wp","href":"https:\/\/api.w.org\/{rel}","templated":true}]}}