{"id":22192,"date":"2025-05-19T11:58:27","date_gmt":"2025-05-19T09:58:27","guid":{"rendered":"https:\/\/calor.ee\/pirts-udens-tvertne-25-l-skamet-bot-25\/"},"modified":"2025-05-19T11:58:27","modified_gmt":"2025-05-19T09:58:27","slug":"pirts-udens-tvertne-25-l-skamet-bot-25","status":"publish","type":"product","link":"https:\/\/calor.ee\/lv\/pirts-udens-tvertne-25-l-skamet-bot-25\/","title":{"rendered":"Pirts \u016bdens tvertne 25 L Skamet BOT-25"},"content":{"rendered":"<p>NB! Ja \u016bdens ir zem\u0101kas kvalit\u0101tes, ieteicams izv\u0113l\u0113ties ner\u016bs\u0113jo\u0161\u0101 t\u0113rauda \u016bdens tvertni, jo melnais met\u0101ls r\u016bs\u0113, k\u0101 rezult\u0101t\u0101 \u016bdens var neb\u016bt piem\u0113rots mazg\u0101\u0161anai. Ja uz meln\u0101 met\u0101la \u016bdens tvertnes sien\u0101m jau ir izveidojies r\u016bsas sl\u0101nis, to nav ieteicams not\u012br\u012bt! <\/p>\n","protected":false},"excerpt":{"rendered":"<p>Efekt\u012bva un kompakta <strong>pirts \u016bdens tvertne 25 L Skamet BOT-25<\/strong>, kas padara pirts baud\u012b\u0161anu v\u0113l pat\u012bkam\u0101ku. Paredz\u0113ta pirts \u016bdens uzsild\u012b\u0161anai apst\u0101k\u013cos, kur nav pieejama lok\u0101la \u016bdensapg\u0101des sist\u0113ma un \u016bdens tiek \u0146emts no \u016bdenstilpes vai akas. <\/p>\n<p>Izbaudiet karstu pirti un vienlaikus \u0113rti uzsild\u012btu \u016bdeni \u2013 25 litru pirts \u016bdens tvertne padara to iesp\u0113jamu! \u0160\u012b \u016bdens tvertne tiek uzst\u0101d\u012bta ap malkas pirts kr\u0101sns d\u016bmvada cauruli un izmanto d\u016bmg\u0101zu siltumu, lai \u0101tri un energoefekt\u012bvi uzsild\u012btu \u016bdeni. Pirts \u016bdens tvertne ir izgatavota no 2 mm bieza meln\u0101 t\u0113rauda un ir piem\u0113rota vis\u0101m malkas pirts kr\u0101sn\u012bm ar 115 mm diametra d\u016bmvada cauruli.  <\/p>\n<p>Ide\u0101ls risin\u0101jums visiem pirts apmekl\u0113t\u0101jiem, kuri nov\u0113rt\u0113 praktiskumu, vietas ekonomiju un siltu \u016bdeni bez elektr\u012bbas. Pateicoties kompaktajam izm\u0113ram, \u016bdens uzsilst \u0101tri. <\/p>\n<p>Pirts \u016bdens tvertne ir apr\u012bkota ar no aug\u0161as atveramu v\u0101ku un caurules izvadu (ar \u00bd&#8221; iek\u0161\u0113jo v\u012btni), pie kura tiek piestiprin\u0101ts komplekt\u0101 iek\u013cautais kr\u0101ns.<\/p>\n","protected":false},"featured_media":16119,"comment_status":"closed","ping_status":"closed","template":"","meta":{"_acf_changed":false},"product_brand":[5530],"product_cat":[5134],"product_tag":[],"class_list":{"0":"post-22192","1":"product","2":"type-product","3":"status-publish","4":"has-post-thumbnail","6":"product_brand-skamet","7":"product_cat-udens-tvertnes-un-boilera","8":"product_shipping_class-kurjers","9":"tm-no-options","11":"first","12":"instock","13":"sale","14":"taxable","15":"shipping-taxable","16":"purchasable","17":"product-type-simple"},"acf":[],"_links":{"self":[{"href":"https:\/\/calor.ee\/lv\/wp-json\/wp\/v2\/product\/22192","targetHints":{"allow":["GET"]}}],"collection":[{"href":"https:\/\/calor.ee\/lv\/wp-json\/wp\/v2\/product"}],"about":[{"href":"https:\/\/calor.ee\/lv\/wp-json\/wp\/v2\/types\/product"}],"replies":[{"embeddable":true,"href":"https:\/\/calor.ee\/lv\/wp-json\/wp\/v2\/comments?post=22192"}],"wp:featuredmedia":[{"embeddable":true,"href":"https:\/\/calor.ee\/lv\/wp-json\/wp\/v2\/media\/16119"}],"wp:attachment":[{"href":"https:\/\/calor.ee\/lv\/wp-json\/wp\/v2\/media?parent=22192"}],"wp:term":[{"taxonomy":"product_brand","embeddable":true,"href":"https:\/\/calor.ee\/lv\/wp-json\/wp\/v2\/product_brand?post=22192"},{"taxonomy":"product_cat","embeddable":true,"href":"https:\/\/calor.ee\/lv\/wp-json\/wp\/v2\/product_cat?post=22192"},{"taxonomy":"product_tag","embeddable":true,"href":"https:\/\/calor.ee\/lv\/wp-json\/wp\/v2\/product_tag?post=22192"}],"curies":[{"name":"wp","href":"https:\/\/api.w.org\/{rel}","templated":true}]}}