{"id":22185,"date":"2021-01-19T21:55:49","date_gmt":"2021-01-19T19:55:49","guid":{"rendered":"https:\/\/calor.ee\/kamina-gaisa-reste-darco-ventlab-v-open-900x70-melna\/"},"modified":"2021-01-19T21:55:49","modified_gmt":"2021-01-19T19:55:49","slug":"kamina-gaisa-reste-darco-ventlab-v-open-900x70-melna","status":"publish","type":"product","link":"https:\/\/calor.ee\/lv\/kamina-gaisa-reste-darco-ventlab-v-open-900x70-melna\/","title":{"rendered":"Kam\u012bna gaisa reste Darco Ventlab V-open 900&#215;70 (melna)"},"content":{"rendered":"","protected":false},"excerpt":{"rendered":"<p><strong>Kam\u012bna gaisa reste Darco Ventlab V-open<\/strong> ir lieliski piem\u0113rota kam\u012bna korpusa gaisa piepl\u016bdes vai gaisa izpl\u016bdes atveres dekorat\u012bvam noform\u0113jumam. \u0160\u012b meln\u0101s kr\u0101sas kam\u012bna gaisa reste ir atv\u0113rta tipa reste jeb reste bez sieta, kas noz\u012bm\u0113, ka gaisa cirkul\u0101cija netiek ierobe\u017eota. <\/p>\n<p>Darco Ventlab unik\u0101l\u0101 kam\u012bna gaisa reste ir kas vair\u0101k nek\u0101 tikai kam\u012bna dekorat\u012bvs elements \u2013 t\u0101 nosaka visas telpas stilu.<\/p>\n<p>T\u0101s iztur\u012bg\u0101 un stabil\u0101 konstrukcija nodro\u0161ina ilgm\u016b\u017e\u012bbu daudzu gadu garum\u0101.<\/p>\n<p>Kamina gaisa reste ir paredz\u0113ta lieto\u0161anai iek\u0161telp\u0101s, maksim\u0101l\u0101 darba temperat\u016bra ir 180\u00b0C.<\/p>\n","protected":false},"featured_media":22181,"comment_status":"closed","ping_status":"closed","template":"","meta":{"_acf_changed":false},"product_brand":[681],"product_cat":[5122],"product_tag":[],"class_list":{"0":"post-22185","1":"product","2":"type-product","3":"status-publish","4":"has-post-thumbnail","6":"product_brand-darco-ventlab","7":"product_cat-kamina-gaisa-restes","8":"tm-no-options","10":"first","11":"instock","12":"taxable","13":"shipping-taxable","14":"purchasable","15":"product-type-simple"},"acf":[],"_links":{"self":[{"href":"https:\/\/calor.ee\/lv\/wp-json\/wp\/v2\/product\/22185","targetHints":{"allow":["GET"]}}],"collection":[{"href":"https:\/\/calor.ee\/lv\/wp-json\/wp\/v2\/product"}],"about":[{"href":"https:\/\/calor.ee\/lv\/wp-json\/wp\/v2\/types\/product"}],"replies":[{"embeddable":true,"href":"https:\/\/calor.ee\/lv\/wp-json\/wp\/v2\/comments?post=22185"}],"wp:featuredmedia":[{"embeddable":true,"href":"https:\/\/calor.ee\/lv\/wp-json\/wp\/v2\/media\/22181"}],"wp:attachment":[{"href":"https:\/\/calor.ee\/lv\/wp-json\/wp\/v2\/media?parent=22185"}],"wp:term":[{"taxonomy":"product_brand","embeddable":true,"href":"https:\/\/calor.ee\/lv\/wp-json\/wp\/v2\/product_brand?post=22185"},{"taxonomy":"product_cat","embeddable":true,"href":"https:\/\/calor.ee\/lv\/wp-json\/wp\/v2\/product_cat?post=22185"},{"taxonomy":"product_tag","embeddable":true,"href":"https:\/\/calor.ee\/lv\/wp-json\/wp\/v2\/product_tag?post=22185"}],"curies":[{"name":"wp","href":"https:\/\/api.w.org\/{rel}","templated":true}]}}