{"id":22178,"date":"2022-04-07T12:26:53","date_gmt":"2022-04-07T10:26:53","guid":{"rendered":"https:\/\/calor.ee\/kamina-gaisa-restes-325x170-pareja-uz-d150-cauruli\/"},"modified":"2022-04-07T12:26:53","modified_gmt":"2022-04-07T10:26:53","slug":"kamina-gaisa-restes-325x170-pareja-uz-d150-cauruli","status":"publish","type":"product","link":"https:\/\/calor.ee\/lv\/kamina-gaisa-restes-325x170-pareja-uz-d150-cauruli\/","title":{"rendered":"Kam\u012bna gaisa restes 325\u00d7170 p\u0101reja uz D150 cauruli"},"content":{"rendered":"","protected":false},"excerpt":{"rendered":"<p>Kvalitat\u012bva meln\u0101 kr\u0101s\u0101 izgatavota kam\u012bna gaisa restes p\u0101reja (325\u00d7170) uz D150 cauruli. Meln\u0101 kr\u0101s\u0101 izgatavot\u0101 p\u0101reja kam\u012bna gaisa restes atver\u0113s izskat\u0101s vizu\u0101li pievilc\u012bg\u0101ka un est\u0113tisk\u0101ka neatkar\u012bgi no pa\u0161as gaisa restes kr\u0101sas. <\/p>\n<p>Piem\u0113rota ar\u012b savieno\u0161anai ar apkures autom\u0101tikas gaisa v\u0101rstu (piem\u0113ram, Tatarek OSG\/OMG).<\/p>\n","protected":false},"featured_media":22179,"comment_status":"closed","ping_status":"closed","template":"","meta":{"_acf_changed":false},"product_brand":[681],"product_cat":[5122],"product_tag":[],"class_list":{"0":"post-22178","1":"product","2":"type-product","3":"status-publish","4":"has-post-thumbnail","6":"product_brand-darco-ventlab","7":"product_cat-kamina-gaisa-restes","8":"tm-no-options","10":"first","11":"instock","12":"taxable","13":"shipping-taxable","14":"purchasable","15":"product-type-simple"},"acf":[],"_links":{"self":[{"href":"https:\/\/calor.ee\/lv\/wp-json\/wp\/v2\/product\/22178","targetHints":{"allow":["GET"]}}],"collection":[{"href":"https:\/\/calor.ee\/lv\/wp-json\/wp\/v2\/product"}],"about":[{"href":"https:\/\/calor.ee\/lv\/wp-json\/wp\/v2\/types\/product"}],"replies":[{"embeddable":true,"href":"https:\/\/calor.ee\/lv\/wp-json\/wp\/v2\/comments?post=22178"}],"wp:featuredmedia":[{"embeddable":true,"href":"https:\/\/calor.ee\/lv\/wp-json\/wp\/v2\/media\/22179"}],"wp:attachment":[{"href":"https:\/\/calor.ee\/lv\/wp-json\/wp\/v2\/media?parent=22178"}],"wp:term":[{"taxonomy":"product_brand","embeddable":true,"href":"https:\/\/calor.ee\/lv\/wp-json\/wp\/v2\/product_brand?post=22178"},{"taxonomy":"product_cat","embeddable":true,"href":"https:\/\/calor.ee\/lv\/wp-json\/wp\/v2\/product_cat?post=22178"},{"taxonomy":"product_tag","embeddable":true,"href":"https:\/\/calor.ee\/lv\/wp-json\/wp\/v2\/product_tag?post=22178"}],"curies":[{"name":"wp","href":"https:\/\/api.w.org\/{rel}","templated":true}]}}