{"id":22170,"date":"2022-04-07T08:37:41","date_gmt":"2022-04-07T06:37:41","guid":{"rendered":"https:\/\/calor.ee\/kamina-gaisa-reste-ar-zaluziju-darco-ventlab-325x170-melna\/"},"modified":"2022-04-07T08:37:41","modified_gmt":"2022-04-07T06:37:41","slug":"kamina-gaisa-reste-ar-zaluziju-darco-ventlab-325x170-melna","status":"publish","type":"product","link":"https:\/\/calor.ee\/lv\/kamina-gaisa-reste-ar-zaluziju-darco-ventlab-325x170-melna\/","title":{"rendered":"Kam\u012bna gaisa reste ar \u017eal\u016bziju Darco Ventlab 325&#215;170 (melna)"},"content":{"rendered":"","protected":false},"excerpt":{"rendered":"<p>Darco Ventlab meln\u0101 kr\u0101s\u0101 gaisa reste ar \u017eal\u016bziju ir lieliski piem\u0113rota kam\u012bna korpusa gaisa piepl\u016bdes vai gaisa izpl\u016bdes atveres dekorat\u012bvam un funkcion\u0101lam noform\u0113jumam. Sal\u012bdzinot ar resti ar sietu, t\u0101s priek\u0161roc\u012bba ir maz\u0101ka gaisa pretest\u012bba, proti, gaisa cirkul\u0101cija netiek ierobe\u017eota. <\/p>\n<p>Darco Ventlab unik\u0101l\u0101 un skaist\u0101 dizaina pulverkr\u0101sot\u0101 gaisa reste ir kas vair\u0101k nek\u0101 tikai kam\u012bna dekorat\u012bvs elements \u2013 t\u0101 nosaka visa telpas stilu.<\/p>\n<p>T\u0101s iztur\u012bg\u0101 un stabil\u0101 konstrukcija nodro\u0161ina ilgm\u016b\u017e\u012bbu daudzu gadu garum\u0101.<\/p>\n<p>Gaisa reste ir paredz\u0113ta lieto\u0161anai iek\u0161telp\u0101s, maksim\u0101l\u0101 darba temperat\u016bra ir 180\u00b0C.<\/p>\n","protected":false},"featured_media":22171,"comment_status":"closed","ping_status":"closed","template":"","meta":{"_acf_changed":false},"product_brand":[681],"product_cat":[5122],"product_tag":[],"class_list":{"0":"post-22170","1":"product","2":"type-product","3":"status-publish","4":"has-post-thumbnail","6":"product_brand-darco-ventlab","7":"product_cat-kamina-gaisa-restes","8":"tm-no-options","10":"first","11":"instock","12":"taxable","13":"shipping-taxable","14":"purchasable","15":"product-type-simple"},"acf":[],"_links":{"self":[{"href":"https:\/\/calor.ee\/lv\/wp-json\/wp\/v2\/product\/22170","targetHints":{"allow":["GET"]}}],"collection":[{"href":"https:\/\/calor.ee\/lv\/wp-json\/wp\/v2\/product"}],"about":[{"href":"https:\/\/calor.ee\/lv\/wp-json\/wp\/v2\/types\/product"}],"replies":[{"embeddable":true,"href":"https:\/\/calor.ee\/lv\/wp-json\/wp\/v2\/comments?post=22170"}],"wp:featuredmedia":[{"embeddable":true,"href":"https:\/\/calor.ee\/lv\/wp-json\/wp\/v2\/media\/22171"}],"wp:attachment":[{"href":"https:\/\/calor.ee\/lv\/wp-json\/wp\/v2\/media?parent=22170"}],"wp:term":[{"taxonomy":"product_brand","embeddable":true,"href":"https:\/\/calor.ee\/lv\/wp-json\/wp\/v2\/product_brand?post=22170"},{"taxonomy":"product_cat","embeddable":true,"href":"https:\/\/calor.ee\/lv\/wp-json\/wp\/v2\/product_cat?post=22170"},{"taxonomy":"product_tag","embeddable":true,"href":"https:\/\/calor.ee\/lv\/wp-json\/wp\/v2\/product_tag?post=22170"}],"curies":[{"name":"wp","href":"https:\/\/api.w.org\/{rel}","templated":true}]}}