{"id":22167,"date":"2021-03-25T15:44:46","date_gmt":"2021-03-25T13:44:46","guid":{"rendered":"https:\/\/calor.ee\/blivejuma-aukla-6x2000-ar-limi-un-cimdiem\/"},"modified":"2021-03-25T15:44:46","modified_gmt":"2021-03-25T13:44:46","slug":"blivejuma-aukla-6x2000-ar-limi-un-cimdiem","status":"publish","type":"product","link":"https:\/\/calor.ee\/lv\/blivejuma-aukla-6x2000-ar-limi-un-cimdiem\/","title":{"rendered":"Bl\u012bv\u0113juma aukla 6\u00d72000 ar l\u012bmi un cimdiem"},"content":{"rendered":"","protected":false},"excerpt":{"rendered":"<p>Bl\u012bv\u0113juma komplekts ietver 2 metrus melnas kr\u0101sas ugunsiztur\u012bgu bl\u012bv\u0113juma auklu, l\u012bmi un aizsargcimdus.<\/p>\n","protected":false},"featured_media":22168,"comment_status":"closed","ping_status":"closed","template":"","meta":{"_acf_changed":false},"product_brand":[818],"product_cat":[5142],"product_tag":[],"class_list":{"0":"post-22167","1":"product","2":"type-product","3":"status-publish","4":"has-post-thumbnail","6":"product_brand-vitcas","7":"product_cat-piederumi","8":"tm-no-options","10":"first","11":"instock","12":"taxable","13":"shipping-taxable","14":"purchasable","15":"product-type-simple"},"acf":[],"_links":{"self":[{"href":"https:\/\/calor.ee\/lv\/wp-json\/wp\/v2\/product\/22167","targetHints":{"allow":["GET"]}}],"collection":[{"href":"https:\/\/calor.ee\/lv\/wp-json\/wp\/v2\/product"}],"about":[{"href":"https:\/\/calor.ee\/lv\/wp-json\/wp\/v2\/types\/product"}],"replies":[{"embeddable":true,"href":"https:\/\/calor.ee\/lv\/wp-json\/wp\/v2\/comments?post=22167"}],"wp:featuredmedia":[{"embeddable":true,"href":"https:\/\/calor.ee\/lv\/wp-json\/wp\/v2\/media\/22168"}],"wp:attachment":[{"href":"https:\/\/calor.ee\/lv\/wp-json\/wp\/v2\/media?parent=22167"}],"wp:term":[{"taxonomy":"product_brand","embeddable":true,"href":"https:\/\/calor.ee\/lv\/wp-json\/wp\/v2\/product_brand?post=22167"},{"taxonomy":"product_cat","embeddable":true,"href":"https:\/\/calor.ee\/lv\/wp-json\/wp\/v2\/product_cat?post=22167"},{"taxonomy":"product_tag","embeddable":true,"href":"https:\/\/calor.ee\/lv\/wp-json\/wp\/v2\/product_tag?post=22167"}],"curies":[{"name":"wp","href":"https:\/\/api.w.org\/{rel}","templated":true}]}}