{"id":22165,"date":"2021-03-25T11:18:30","date_gmt":"2021-03-25T09:18:30","guid":{"rendered":"https:\/\/calor.ee\/karstumizturigs-skiedras-paklajs-14640x610x13\/"},"modified":"2021-03-25T11:18:30","modified_gmt":"2021-03-25T09:18:30","slug":"karstumizturigs-skiedras-paklajs-14640x610x13","status":"publish","type":"product","link":"https:\/\/calor.ee\/lv\/karstumizturigs-skiedras-paklajs-14640x610x13\/","title":{"rendered":"Karstumiztur\u012bgs \u0161\u0137iedras pakl\u0101js 14640x610x13"},"content":{"rendered":"","protected":false},"excerpt":{"rendered":"<p>Ide\u0101ls materi\u0101ls deform\u0101cijas \u0161uvju nodro\u0161in\u0101\u0161anai apkures ier\u012b\u010du b\u016bvniec\u012bb\u0101, starp kurtuves durv\u012bm un m\u016br\u0113jumu, picu kr\u0101\u0161\u0146u p\u0101rkl\u0101\u0161anai\/izol\u0113\u0161anai, picu kr\u0101\u0161\u0146u pamatnes izol\u0113\u0161anai, k\u0101 ar\u012b met\u0101la d\u016bmvada cauru\u013cu savieno\u0161anai ar skursteni.<\/p>\n","protected":false},"featured_media":22166,"comment_status":"closed","ping_status":"closed","template":"","meta":{"_acf_changed":false},"product_brand":[818],"product_cat":[5142],"product_tag":[],"class_list":{"0":"post-22165","1":"product","2":"type-product","3":"status-publish","4":"has-post-thumbnail","6":"product_brand-vitcas","7":"product_cat-piederumi","8":"tm-no-options","10":"first","11":"instock","12":"taxable","13":"shipping-taxable","14":"product-type-simple"},"acf":[],"_links":{"self":[{"href":"https:\/\/calor.ee\/lv\/wp-json\/wp\/v2\/product\/22165","targetHints":{"allow":["GET"]}}],"collection":[{"href":"https:\/\/calor.ee\/lv\/wp-json\/wp\/v2\/product"}],"about":[{"href":"https:\/\/calor.ee\/lv\/wp-json\/wp\/v2\/types\/product"}],"replies":[{"embeddable":true,"href":"https:\/\/calor.ee\/lv\/wp-json\/wp\/v2\/comments?post=22165"}],"wp:featuredmedia":[{"embeddable":true,"href":"https:\/\/calor.ee\/lv\/wp-json\/wp\/v2\/media\/22166"}],"wp:attachment":[{"href":"https:\/\/calor.ee\/lv\/wp-json\/wp\/v2\/media?parent=22165"}],"wp:term":[{"taxonomy":"product_brand","embeddable":true,"href":"https:\/\/calor.ee\/lv\/wp-json\/wp\/v2\/product_brand?post=22165"},{"taxonomy":"product_cat","embeddable":true,"href":"https:\/\/calor.ee\/lv\/wp-json\/wp\/v2\/product_cat?post=22165"},{"taxonomy":"product_tag","embeddable":true,"href":"https:\/\/calor.ee\/lv\/wp-json\/wp\/v2\/product_tag?post=22165"}],"curies":[{"name":"wp","href":"https:\/\/api.w.org\/{rel}","templated":true}]}}