{"id":22164,"date":"2021-03-25T10:20:31","date_gmt":"2021-03-25T08:20:31","guid":{"rendered":"https:\/\/calor.ee\/keramikas-plaksne-1200x1000x50\/"},"modified":"2021-03-25T10:20:31","modified_gmt":"2021-03-25T08:20:31","slug":"keramikas-plaksne-1200x1000x50","status":"publish","type":"product","link":"https:\/\/calor.ee\/lv\/keramikas-plaksne-1200x1000x50\/","title":{"rendered":"Keramikas pl\u0101ksne 1200x1000x50"},"content":{"rendered":"","protected":false},"excerpt":{"rendered":"<p>Lab\u0101kais materi\u0101ls izmanto\u0161anai augstas temperat\u016bras kurtuvju griestos, lai aizsarg\u0101tu \u0161amota, t\u0113rauda vai cita lie\u0161anas materi\u0101la kurtuves griestu deta\u013cas. T\u0101pat piem\u0113rots kurtuves p\u0101rsed\u017eu aizsardz\u012bbai. Tam ir \u013coti zema siltumvad\u012btsp\u0113ja, kas nodro\u0161ina iev\u0113rojami augst\u0101ku deg\u0161anas temperat\u016bru kurtuv\u0113.  <\/p>\n<p>Piem\u0113rots izmanto\u0161anai picas kr\u0101\u0161\u0146u pamat\u0146u izol\u0113\u0161anai zem \u0161amota materi\u0101la, lai aizsarg\u0101tu, piem\u0113ram, no betona lietu neso\u0161o gr\u012bdu.<\/p>\n<p>Iesp\u0113jams izmantot ar\u012b stikla un keramikas r\u016bpniec\u012bbas kr\u0101\u0161\u0146u oder\u0113\u0161anai, k\u0101 ar\u012b r\u016bpniecisko katlu, katlu cauru\u013cu un skurste\u0146u t\u0113rauda oder\u0113jumu vispus\u012bgai aizsardz\u012bbai.<\/p>\n","protected":false},"featured_media":22163,"comment_status":"closed","ping_status":"closed","template":"","meta":{"_acf_changed":false},"product_brand":[818],"product_cat":[5142],"product_tag":[],"class_list":{"0":"post-22164","1":"product","2":"type-product","3":"status-publish","4":"has-post-thumbnail","6":"product_brand-vitcas","7":"product_cat-piederumi","8":"tm-no-options","10":"first","11":"instock","12":"taxable","13":"shipping-taxable","14":"product-type-simple"},"acf":[],"_links":{"self":[{"href":"https:\/\/calor.ee\/lv\/wp-json\/wp\/v2\/product\/22164","targetHints":{"allow":["GET"]}}],"collection":[{"href":"https:\/\/calor.ee\/lv\/wp-json\/wp\/v2\/product"}],"about":[{"href":"https:\/\/calor.ee\/lv\/wp-json\/wp\/v2\/types\/product"}],"replies":[{"embeddable":true,"href":"https:\/\/calor.ee\/lv\/wp-json\/wp\/v2\/comments?post=22164"}],"wp:featuredmedia":[{"embeddable":true,"href":"https:\/\/calor.ee\/lv\/wp-json\/wp\/v2\/media\/22163"}],"wp:attachment":[{"href":"https:\/\/calor.ee\/lv\/wp-json\/wp\/v2\/media?parent=22164"}],"wp:term":[{"taxonomy":"product_brand","embeddable":true,"href":"https:\/\/calor.ee\/lv\/wp-json\/wp\/v2\/product_brand?post=22164"},{"taxonomy":"product_cat","embeddable":true,"href":"https:\/\/calor.ee\/lv\/wp-json\/wp\/v2\/product_cat?post=22164"},{"taxonomy":"product_tag","embeddable":true,"href":"https:\/\/calor.ee\/lv\/wp-json\/wp\/v2\/product_tag?post=22164"}],"curies":[{"name":"wp","href":"https:\/\/api.w.org\/{rel}","templated":true}]}}