{"id":22158,"date":"2023-04-10T09:06:51","date_gmt":"2023-04-10T07:06:51","guid":{"rendered":"https:\/\/calor.ee\/siltuma-akumulacijas-plaksne-brula-heat-1000x500x40\/"},"modified":"2023-04-10T09:06:51","modified_gmt":"2023-04-10T07:06:51","slug":"siltuma-akumulacijas-plaksne-brula-heat-1000x500x40","status":"publish","type":"product","link":"https:\/\/calor.ee\/lv\/siltuma-akumulacijas-plaksne-brula-heat-1000x500x40\/","title":{"rendered":"Siltuma akumul\u0101cijas pl\u0101ksne Brula Heat 1000x500x40"},"content":{"rendered":"","protected":false},"excerpt":{"rendered":"<p>Siltuma akumul\u0101cijas pl\u0101ksne Brula Heat ir lab\u0101kais risin\u0101jums kam\u012bnu un kr\u0101\u0161\u0146u \u0101r\u0113jo apvalku izb\u016bvei, kur tiek izmantotas kam\u012bna kurtuves, kr\u0101\u0161\u0146u kurtuves, d\u016bmg\u0101zu kan\u0101lu sist\u0113mas u.c. ar \u0101tru siltuma p\u0101rnesi. T\u0101pat \u0161\u012b arm\u0113t\u0101 un \u012bpa\u0161i iztur\u012bg\u0101 siltuma akumul\u0101cijas pl\u0101ksne lieliski piem\u0113rota \u0101r\u0113j\u0101 apvalka konstrukcij\u0101m, kur nepiecie\u0161ama gan kvalitat\u012bva siltuma uzkr\u0101\u0161ana, gan \u0101tra siltuma atdeve telp\u0101. <\/p>\n<p>Brula Heat siltuma akumul\u0101cijas pl\u0101ksn\u0113s ir izmantota Liapor masa, kas ir sajaukta ar izplesta dab\u012bg\u0101 graf\u012bta granul\u0101m. Tas nodro\u0161ina iev\u0113rojami lab\u0101ku siltumvad\u012btsp\u0113ju (1,2 W\/mK), \u012bpa\u0161i divsienu un tr\u012bssienu kam\u012bnu un kr\u0101\u0161\u0146u apvalku konstrukcij\u0101s. Papildus siltuma uzkr\u0101\u0161anas sp\u0113ja ir palielin\u0101ta, pievienojot magnez\u012btu.  <\/p>\n","protected":false},"featured_media":22159,"comment_status":"closed","ping_status":"closed","template":"","meta":{"_acf_changed":false},"product_brand":[77],"product_cat":[5142,5170],"product_tag":[],"class_list":{"0":"post-22158","1":"product","2":"type-product","3":"status-publish","4":"has-post-thumbnail","6":"product_brand-brula","7":"product_cat-piederumi","8":"product_cat-krasns-piederumi","9":"product_shipping_class-palete","10":"tm-no-options","12":"first","13":"instock","14":"taxable","15":"shipping-taxable","16":"purchasable","17":"product-type-simple"},"acf":[],"_links":{"self":[{"href":"https:\/\/calor.ee\/lv\/wp-json\/wp\/v2\/product\/22158","targetHints":{"allow":["GET"]}}],"collection":[{"href":"https:\/\/calor.ee\/lv\/wp-json\/wp\/v2\/product"}],"about":[{"href":"https:\/\/calor.ee\/lv\/wp-json\/wp\/v2\/types\/product"}],"replies":[{"embeddable":true,"href":"https:\/\/calor.ee\/lv\/wp-json\/wp\/v2\/comments?post=22158"}],"wp:featuredmedia":[{"embeddable":true,"href":"https:\/\/calor.ee\/lv\/wp-json\/wp\/v2\/media\/22159"}],"wp:attachment":[{"href":"https:\/\/calor.ee\/lv\/wp-json\/wp\/v2\/media?parent=22158"}],"wp:term":[{"taxonomy":"product_brand","embeddable":true,"href":"https:\/\/calor.ee\/lv\/wp-json\/wp\/v2\/product_brand?post=22158"},{"taxonomy":"product_cat","embeddable":true,"href":"https:\/\/calor.ee\/lv\/wp-json\/wp\/v2\/product_cat?post=22158"},{"taxonomy":"product_tag","embeddable":true,"href":"https:\/\/calor.ee\/lv\/wp-json\/wp\/v2\/product_tag?post=22158"}],"curies":[{"name":"wp","href":"https:\/\/api.w.org\/{rel}","templated":true}]}}