{"id":22150,"date":"2021-03-25T16:08:30","date_gmt":"2021-03-25T14:08:30","guid":{"rendered":"https:\/\/calor.ee\/paslimejosa-karstumizturiga-blive-10x2-mm\/"},"modified":"2021-03-25T16:08:30","modified_gmt":"2021-03-25T14:08:30","slug":"paslimejosa-karstumizturiga-blive-10x2-mm","status":"publish","type":"product","link":"https:\/\/calor.ee\/lv\/paslimejosa-karstumizturiga-blive-10x2-mm\/","title":{"rendered":"Pa\u0161l\u012bm\u0113jo\u0161a karstumiztur\u012bga bl\u012bve 10&#215;2 mm"},"content":{"rendered":"","protected":false},"excerpt":{"rendered":"<p>Pa\u0161l\u012bm\u0113jo\u0161a karstumiztur\u012bga melnas kr\u0101sas bl\u012bve cauru\u013cu, met\u0101la deta\u013cu, katlu, durvju u.c. bl\u012bv\u0113\u0161anai.<\/p>\n","protected":false},"featured_media":22151,"comment_status":"closed","ping_status":"closed","template":"","meta":{"_acf_changed":false},"product_brand":[818],"product_cat":[5142],"product_tag":[],"class_list":{"0":"post-22150","1":"product","2":"type-product","3":"status-publish","4":"has-post-thumbnail","6":"product_brand-vitcas","7":"product_cat-piederumi","8":"tm-no-options","10":"first","11":"instock","12":"taxable","13":"shipping-taxable","14":"purchasable","15":"product-type-variable"},"acf":[],"_links":{"self":[{"href":"https:\/\/calor.ee\/lv\/wp-json\/wp\/v2\/product\/22150","targetHints":{"allow":["GET"]}}],"collection":[{"href":"https:\/\/calor.ee\/lv\/wp-json\/wp\/v2\/product"}],"about":[{"href":"https:\/\/calor.ee\/lv\/wp-json\/wp\/v2\/types\/product"}],"replies":[{"embeddable":true,"href":"https:\/\/calor.ee\/lv\/wp-json\/wp\/v2\/comments?post=22150"}],"wp:featuredmedia":[{"embeddable":true,"href":"https:\/\/calor.ee\/lv\/wp-json\/wp\/v2\/media\/22151"}],"wp:attachment":[{"href":"https:\/\/calor.ee\/lv\/wp-json\/wp\/v2\/media?parent=22150"}],"wp:term":[{"taxonomy":"product_brand","embeddable":true,"href":"https:\/\/calor.ee\/lv\/wp-json\/wp\/v2\/product_brand?post=22150"},{"taxonomy":"product_cat","embeddable":true,"href":"https:\/\/calor.ee\/lv\/wp-json\/wp\/v2\/product_cat?post=22150"},{"taxonomy":"product_tag","embeddable":true,"href":"https:\/\/calor.ee\/lv\/wp-json\/wp\/v2\/product_tag?post=22150"}],"curies":[{"name":"wp","href":"https:\/\/api.w.org\/{rel}","templated":true}]}}