{"id":22148,"date":"2021-03-25T15:04:59","date_gmt":"2021-03-25T13:04:59","guid":{"rendered":"https:\/\/calor.ee\/arejai-lietosanai-paredzets-krasns-maisijums-10-kg\/"},"modified":"2021-03-25T15:04:59","modified_gmt":"2021-03-25T13:04:59","slug":"arejai-lietosanai-paredzets-krasns-maisijums-10-kg","status":"publish","type":"product","link":"https:\/\/calor.ee\/lv\/arejai-lietosanai-paredzets-krasns-maisijums-10-kg\/","title":{"rendered":"\u0100r\u0113jai lieto\u0161anai paredz\u0113ts kr\u0101sns mais\u012bjums 10 kg"},"content":{"rendered":"","protected":false},"excerpt":{"rendered":"<p>\u0100r\u0113jai lieto\u0161anai paredz\u0113ts kr\u0101sns mais\u012bjums ir ide\u0101li piem\u0113rots \u0161amota \u0137ie\u0123e\u013cu m\u016br\u0113\u0161anai maizes un picas kr\u0101sn\u012bm, k\u0101 ar\u012b grilu, k\u016bpin\u0101tavu, kam\u012bnu un citu augstas temperat\u016bras apkures ier\u012b\u010du izb\u016bvei. Tas ir hidrauliski saist\u012bts mais\u012bjums, kas nav \u0161\u0137\u012bsto\u0161s \u016bden\u012b un t\u0101d\u0113\u013c ir \u013coti iztur\u012bgs pret lietu un salu. Mais\u012bjumam nav nepiecie\u0161ama iepriek\u0161\u0113ja uzkars\u0113\u0161ana.  <\/p>\n","protected":false},"featured_media":22149,"comment_status":"closed","ping_status":"closed","template":"","meta":{"_acf_changed":false},"product_brand":[818],"product_cat":[5142],"product_tag":[],"class_list":{"0":"post-22148","1":"product","2":"type-product","3":"status-publish","4":"has-post-thumbnail","6":"product_brand-vitcas","7":"product_cat-piederumi","8":"tm-no-options","10":"first","11":"instock","12":"taxable","13":"shipping-taxable","14":"purchasable","15":"product-type-simple"},"acf":[],"_links":{"self":[{"href":"https:\/\/calor.ee\/lv\/wp-json\/wp\/v2\/product\/22148","targetHints":{"allow":["GET"]}}],"collection":[{"href":"https:\/\/calor.ee\/lv\/wp-json\/wp\/v2\/product"}],"about":[{"href":"https:\/\/calor.ee\/lv\/wp-json\/wp\/v2\/types\/product"}],"replies":[{"embeddable":true,"href":"https:\/\/calor.ee\/lv\/wp-json\/wp\/v2\/comments?post=22148"}],"wp:featuredmedia":[{"embeddable":true,"href":"https:\/\/calor.ee\/lv\/wp-json\/wp\/v2\/media\/22149"}],"wp:attachment":[{"href":"https:\/\/calor.ee\/lv\/wp-json\/wp\/v2\/media?parent=22148"}],"wp:term":[{"taxonomy":"product_brand","embeddable":true,"href":"https:\/\/calor.ee\/lv\/wp-json\/wp\/v2\/product_brand?post=22148"},{"taxonomy":"product_cat","embeddable":true,"href":"https:\/\/calor.ee\/lv\/wp-json\/wp\/v2\/product_cat?post=22148"},{"taxonomy":"product_tag","embeddable":true,"href":"https:\/\/calor.ee\/lv\/wp-json\/wp\/v2\/product_tag?post=22148"}],"curies":[{"name":"wp","href":"https:\/\/api.w.org\/{rel}","templated":true}]}}