{"id":22131,"date":"2025-05-16T13:57:12","date_gmt":"2025-05-16T11:57:12","guid":{"rendered":"https:\/\/calor.ee\/kupinatava-skamet-gss-125\/"},"modified":"2026-02-11T13:06:24","modified_gmt":"2026-02-11T11:06:24","slug":"kupinatava-skamet-gss-125","status":"publish","type":"product","link":"https:\/\/calor.ee\/lv\/kupinatava-skamet-gss-125\/","title":{"rendered":"K\u016bpin\u0101tava Skamet GSS-125"},"content":{"rendered":"<p>Komplekt\u0101 ietilpst k\u016bpin\u0101tava, termometrs, no\u0146emams skurste\u0146a v\u0101ci\u0146\u0161, 2 ner\u016bs\u0113jo\u0161\u0101 t\u0113rauda restes, stie\u0146i, e\u013c\u013cas un\/vai \u016bdens panna, s\u0101nu rokturi un lieto\u0161anas instrukcija.<\/p>\n","protected":false},"excerpt":{"rendered":"<p><strong>K\u016bpin\u0101tava Skamet GSS-125<\/strong> ir ide\u0101li piem\u0113rota j\u016bsu d\u0101rzam, vasarn\u012bcai vai lauku m\u0101jai.<\/p>\n<p>P\u0101rv\u0113rtiet savu pagalmu par \u012bstu gar\u0161u parad\u012bzi! \u0160\u012b divkameru un maz\u0101ka izm\u0113ra k\u016bpin\u0101tava ir ide\u0101la izv\u0113le visiem, kuri v\u0113las pa\u0161i k\u016bpin\u0101t zivis, ga\u013cu vai putnu ga\u013cu un baud\u012bt autentisku k\u016bpin\u0101juma gar\u0161u \u2013 tie\u0161i t\u0101du k\u0101 sen\u0101k, tikai tagad \u0113rt\u0101k un dro\u0161\u0101k. <\/p>\n<p>K\u016bpin\u0101tavas dubultsienu konstrukcija (aizmugure un s\u0101ni) nodro\u0161ina stabilu un vienm\u0113r\u012bgu temperat\u016bru, saglab\u0101jot k\u016bpin\u0101\u0161anas kameras mitrumu kontrol\u0113 pat v\u0113s\u0101kos laikapst\u0101k\u013cos. Apak\u0161\u0113j\u0101 kamera ir paredz\u0113ta kurin\u0101\u0161anai, radot visam procesam nepiecie\u0161amo siltumu un d\u016bmus. Aug\u0161\u0113j\u0101 kamera ir paredz\u0113ta k\u016bpin\u0101\u0161anai, kur atrodas restes, tauku panna, k\u0101 ar\u012b piek\u0101r\u0161anas vietas ziv\u012bm vai ga\u013cas gabaliem, ja v\u0113laties k\u016bpin\u0101t bez rest\u0113m.  <\/p>\n<p>Tauku panna aizsarg\u0101 kurtuvi no pilo\u0161iem taukiem, nodro\u0161inot dro\u0161u k\u016bpin\u0101\u0161anu un t\u012bru gar\u0161u. Pateicoties p\u0101rdom\u0101tajam dizainam, varat k\u016bpin\u0101t ar\u012b tad, ja k\u0101ds pagale gad\u0101s b\u016bt no nepiem\u0113rota koka, jo d\u016bmi p\u0101rvietojas starp dubultsien\u0101m un tas neietekm\u0113 \u0113diena kvalit\u0101ti. <\/p>\n<p>Skamet GSS-125 k\u016bpin\u0101tavas k\u016bpin\u0101\u0161anas kameras pamatne ir izgatavota no 3 mm t\u0113rauda, abas k\u016bpin\u0101\u0161anas kameras \u2013 no 2 mm t\u0113rauda, bet korpuss \u2013 no 1,5 mm t\u0113rauda. K\u016bpin\u0101tavas d\u016bmvada caurule ir \u010detrst\u016braina, apr\u012bkota ar aizb\u012bdni un nav no\u0146emama. <\/p>\n<p>\u0160\u012b ir k\u016bpin\u0101tava, kas ienes j\u016bsu gald\u0101 \u012bstu k\u016bpin\u0101juma arom\u0101tu \u2013 tie\u0161i no j\u016bsu m\u0101jas pagalma!<\/p>\n","protected":false},"featured_media":22132,"comment_status":"closed","ping_status":"closed","template":"","meta":{"_acf_changed":false},"product_brand":[1023],"product_cat":[5146],"product_tag":[],"class_list":{"0":"post-22131","1":"product","2":"type-product","3":"status-publish","4":"has-post-thumbnail","6":"product_brand-skamet","7":"product_cat-kupinatavas","8":"product_shipping_class-skamet","9":"tm-no-options","11":"first","12":"instock","13":"sale","14":"taxable","15":"shipping-taxable","16":"purchasable","17":"product-type-simple"},"acf":[],"_links":{"self":[{"href":"https:\/\/calor.ee\/lv\/wp-json\/wp\/v2\/product\/22131","targetHints":{"allow":["GET"]}}],"collection":[{"href":"https:\/\/calor.ee\/lv\/wp-json\/wp\/v2\/product"}],"about":[{"href":"https:\/\/calor.ee\/lv\/wp-json\/wp\/v2\/types\/product"}],"replies":[{"embeddable":true,"href":"https:\/\/calor.ee\/lv\/wp-json\/wp\/v2\/comments?post=22131"}],"wp:featuredmedia":[{"embeddable":true,"href":"https:\/\/calor.ee\/lv\/wp-json\/wp\/v2\/media\/22132"}],"wp:attachment":[{"href":"https:\/\/calor.ee\/lv\/wp-json\/wp\/v2\/media?parent=22131"}],"wp:term":[{"taxonomy":"product_brand","embeddable":true,"href":"https:\/\/calor.ee\/lv\/wp-json\/wp\/v2\/product_brand?post=22131"},{"taxonomy":"product_cat","embeddable":true,"href":"https:\/\/calor.ee\/lv\/wp-json\/wp\/v2\/product_cat?post=22131"},{"taxonomy":"product_tag","embeddable":true,"href":"https:\/\/calor.ee\/lv\/wp-json\/wp\/v2\/product_tag?post=22131"}],"curies":[{"name":"wp","href":"https:\/\/api.w.org\/{rel}","templated":true}]}}