{"id":22128,"date":"2024-04-09T17:44:22","date_gmt":"2024-04-09T15:44:22","guid":{"rendered":"https:\/\/calor.ee\/kupinatava-mindreks-mi6\/"},"modified":"2024-04-09T17:44:22","modified_gmt":"2024-04-09T15:44:22","slug":"kupinatava-mindreks-mi6","status":"publish","type":"product","link":"https:\/\/calor.ee\/lv\/kupinatava-mindreks-mi6\/","title":{"rendered":"K\u016bpin\u0101tava Mindreks MI6"},"content":{"rendered":"<p>Komplekt\u0101 ietilpst k\u016bpin\u0101tava, tauku panna, 4 restes, termometrs un lieto\u0161anas instrukcija.<\/p>\n","protected":false},"excerpt":{"rendered":"<p>Kvalitat\u012bva divsienu apa\u013c\u0101 <strong>k\u016bpin\u0101tava Mindreks MI6<\/strong> ir izgatavota no 3 mm bieza t\u0113rauda.<\/p>\n<p>K\u016bpin\u0101tava sast\u0101v no div\u0101m kamer\u0101m \u2013 apak\u0161\u0113j\u0101 da\u013c\u0101 atrodas kurtuve, bet aug\u0161\u0113j\u0101 da\u013c\u0101 ga\u013cas kamera ar 62 cm augstumu un 60 litru tilpumu. Ga\u013cas kamer\u0101 ir \u010detri re\u017e\u0123i, kuru savstarp\u0113jais att\u0101lums ir 10 cm. <\/p>\n<p>Divsienu k\u016bpin\u0101tav\u0101 nav nepiecie\u0161ams izmantot speci\u0101lu k\u016bpin\u0101\u0161anai paredz\u0113tu malku, jo koksnes deg\u0161anas laik\u0101 radu\u0161ies d\u016bmi pa dubultsien\u0101m tiek novad\u012bti aug\u0161up un izvad\u012bti caur skursteni, nenon\u0101kot ga\u013cas kamer\u0101. Aug\u0161\u0113j\u0101 kamer\u0101 d\u016bmus iesp\u0113jams rad\u012bt ar skaid\u0101m, z\u0101\u0123u skaid\u0101m vai citu l\u012bdz\u012bgu materi\u0101lu. <\/p>\n<p>&nbsp;<\/p>\n<p>&nbsp;<\/p>\n","protected":false},"featured_media":22129,"comment_status":"closed","ping_status":"closed","template":"","meta":{"_acf_changed":false},"product_brand":[5543],"product_cat":[5146],"product_tag":[],"class_list":{"0":"post-22128","1":"product","2":"type-product","3":"status-publish","4":"has-post-thumbnail","6":"product_brand-mindreks","7":"product_cat-kupinatavas","8":"product_shipping_class-mildreks","9":"tm-no-options","11":"first","12":"instock","13":"taxable","14":"shipping-taxable","15":"purchasable","16":"product-type-simple"},"acf":[],"_links":{"self":[{"href":"https:\/\/calor.ee\/lv\/wp-json\/wp\/v2\/product\/22128","targetHints":{"allow":["GET"]}}],"collection":[{"href":"https:\/\/calor.ee\/lv\/wp-json\/wp\/v2\/product"}],"about":[{"href":"https:\/\/calor.ee\/lv\/wp-json\/wp\/v2\/types\/product"}],"replies":[{"embeddable":true,"href":"https:\/\/calor.ee\/lv\/wp-json\/wp\/v2\/comments?post=22128"}],"wp:featuredmedia":[{"embeddable":true,"href":"https:\/\/calor.ee\/lv\/wp-json\/wp\/v2\/media\/22129"}],"wp:attachment":[{"href":"https:\/\/calor.ee\/lv\/wp-json\/wp\/v2\/media?parent=22128"}],"wp:term":[{"taxonomy":"product_brand","embeddable":true,"href":"https:\/\/calor.ee\/lv\/wp-json\/wp\/v2\/product_brand?post=22128"},{"taxonomy":"product_cat","embeddable":true,"href":"https:\/\/calor.ee\/lv\/wp-json\/wp\/v2\/product_cat?post=22128"},{"taxonomy":"product_tag","embeddable":true,"href":"https:\/\/calor.ee\/lv\/wp-json\/wp\/v2\/product_tag?post=22128"}],"curies":[{"name":"wp","href":"https:\/\/api.w.org\/{rel}","templated":true}]}}