{"id":22125,"date":"2024-04-09T17:22:51","date_gmt":"2024-04-09T15:22:51","guid":{"rendered":"https:\/\/calor.ee\/kupinatava-mindreks-mi3\/"},"modified":"2024-04-09T17:22:51","modified_gmt":"2024-04-09T15:22:51","slug":"kupinatava-mindreks-mi3","status":"publish","type":"product","link":"https:\/\/calor.ee\/lv\/kupinatava-mindreks-mi3\/","title":{"rendered":"K\u016bpin\u0101tava Mindreks MI3"},"content":{"rendered":"<p>Komplekt\u0101 ietilpst k\u016bpin\u0101tava, tauku panna, 4 restes, termometrs un lieto\u0161anas instrukcija.<\/p>\n","protected":false},"excerpt":{"rendered":"<p>Kvalitat\u012bva divsienu <strong>k\u016bpin\u0101tava Mindreks MI3<\/strong> ir izgatavota no 2 mm bieza t\u0113rauda. \u0112rt\u0101kai p\u0101rvieto\u0161anai k\u016bpin\u0101tava ir apr\u012bkota ar rite\u0146iem, kas atrodas k\u016bpin\u0101tavas aizmugur\u0113. <\/p>\n<p>K\u016bpin\u0101tava sast\u0101v no div\u0101m kamer\u0101m \u2013 apak\u0161\u0113j\u0101 da\u013c\u0101 atrodas kurtuve, bet aug\u0161\u0113j\u0101 da\u013c\u0101 ga\u013cas kamera ar izm\u0113riem 80x45x45 cm un tilpumu 195 litri. Ga\u013cas kamer\u0101 ir \u010detri re\u017e\u0123i, kuru savstarp\u0113jais att\u0101lums ir 15 cm. <\/p>\n<p>Divsienu k\u016bpin\u0101tav\u0101 nav nepiecie\u0161ams izmantot speci\u0101lu k\u016bpin\u0101\u0161anai paredz\u0113tu malku, jo koksnes deg\u0161anas laik\u0101 radu\u0161ies d\u016bmi pa dubultsien\u0101m tiek novad\u012bti aug\u0161up un izvad\u012bti caur skursteni, nenon\u0101kot ga\u013cas kamer\u0101. Aug\u0161\u0113j\u0101 kamer\u0101 d\u016bmus iesp\u0113jams rad\u012bt ar skaid\u0101m, z\u0101\u0123u skaid\u0101m vai citu l\u012bdz\u012bgu materi\u0101lu. <\/p>\n<p>&nbsp;<\/p>\n<p>&nbsp;<\/p>\n","protected":false},"featured_media":22122,"comment_status":"closed","ping_status":"closed","template":"","meta":{"_acf_changed":false},"product_brand":[5543],"product_cat":[5146],"product_tag":[],"class_list":{"0":"post-22125","1":"product","2":"type-product","3":"status-publish","4":"has-post-thumbnail","6":"product_brand-mindreks","7":"product_cat-kupinatavas","8":"product_shipping_class-mildreks","9":"tm-no-options","11":"first","12":"instock","13":"taxable","14":"shipping-taxable","15":"purchasable","16":"product-type-simple"},"acf":[],"_links":{"self":[{"href":"https:\/\/calor.ee\/lv\/wp-json\/wp\/v2\/product\/22125","targetHints":{"allow":["GET"]}}],"collection":[{"href":"https:\/\/calor.ee\/lv\/wp-json\/wp\/v2\/product"}],"about":[{"href":"https:\/\/calor.ee\/lv\/wp-json\/wp\/v2\/types\/product"}],"replies":[{"embeddable":true,"href":"https:\/\/calor.ee\/lv\/wp-json\/wp\/v2\/comments?post=22125"}],"wp:featuredmedia":[{"embeddable":true,"href":"https:\/\/calor.ee\/lv\/wp-json\/wp\/v2\/media\/22122"}],"wp:attachment":[{"href":"https:\/\/calor.ee\/lv\/wp-json\/wp\/v2\/media?parent=22125"}],"wp:term":[{"taxonomy":"product_brand","embeddable":true,"href":"https:\/\/calor.ee\/lv\/wp-json\/wp\/v2\/product_brand?post=22125"},{"taxonomy":"product_cat","embeddable":true,"href":"https:\/\/calor.ee\/lv\/wp-json\/wp\/v2\/product_cat?post=22125"},{"taxonomy":"product_tag","embeddable":true,"href":"https:\/\/calor.ee\/lv\/wp-json\/wp\/v2\/product_tag?post=22125"}],"curies":[{"name":"wp","href":"https:\/\/api.w.org\/{rel}","templated":true}]}}