{"id":22124,"date":"2024-04-09T14:42:17","date_gmt":"2024-04-09T12:42:17","guid":{"rendered":"https:\/\/calor.ee\/kupinatava-mindreks-mi2\/"},"modified":"2024-04-09T14:42:17","modified_gmt":"2024-04-09T12:42:17","slug":"kupinatava-mindreks-mi2","status":"publish","type":"product","link":"https:\/\/calor.ee\/lv\/kupinatava-mindreks-mi2\/","title":{"rendered":"K\u016bpin\u0101tava Mindreks MI2"},"content":{"rendered":"<p>Komplekt\u0101 ietilpst k\u016bpin\u0101tava, tauku panna, 4 restes, termometrs un lieto\u0161anas instrukcija.<\/p>\n","protected":false},"excerpt":{"rendered":"<p><strong>Kvalitat\u012bva vien\u00adsienu k\u016bpin\u0101tava Mindreks MI2<\/strong> ir izgatavota no 3 mm bieza t\u0113rauda. \u0112rt\u0101kai p\u0101rvieto\u0161anai k\u016bpin\u0101tava ir apr\u012bkota ar rite\u0146iem, kas atrodas k\u016bpin\u0101tavas aizmugur\u0113. <\/p>\n<p>K\u016bpin\u0101tava sast\u0101v no div\u0101m kamer\u0101m \u2013 apak\u0161\u0113j\u0101 da\u013c\u0101 atrodas kurtuve, bet aug\u0161\u0113j\u0101 da\u013c\u0101 ga\u013cas kamera ar izm\u0113riem 110x45x45 cm un tilpumu 275 litri. Ga\u013cas kamer\u0101 ir \u010detri re\u017e\u0123i, kuru savstarp\u0113jais att\u0101lums ir 20 cm. <\/p>\n<p>Lietojot \u0161o k\u016bpin\u0101tavu, ir svar\u012bgi atcer\u0113ties, ka j\u0101dedzina k\u016bpin\u0101\u0161anai piem\u0113rota malka, jo vien\u00adsienu k\u016bpin\u0101tav\u0101 koksnes deg\u0161anas laik\u0101 radu\u0161ies d\u016bmi iziet cauri ga\u013cas kamerai un pa skursteni izpl\u016bst \u0101r\u0101.<\/p>\n<p>&nbsp;<\/p>\n<p>&nbsp;<\/p>\n","protected":false},"featured_media":22122,"comment_status":"closed","ping_status":"closed","template":"","meta":{"_acf_changed":false},"product_brand":[5543],"product_cat":[5146],"product_tag":[],"class_list":{"0":"post-22124","1":"product","2":"type-product","3":"status-publish","4":"has-post-thumbnail","6":"product_brand-mindreks","7":"product_cat-kupinatavas","8":"product_shipping_class-mildreks","9":"tm-no-options","11":"first","12":"instock","13":"taxable","14":"shipping-taxable","15":"purchasable","16":"product-type-simple"},"acf":[],"_links":{"self":[{"href":"https:\/\/calor.ee\/lv\/wp-json\/wp\/v2\/product\/22124","targetHints":{"allow":["GET"]}}],"collection":[{"href":"https:\/\/calor.ee\/lv\/wp-json\/wp\/v2\/product"}],"about":[{"href":"https:\/\/calor.ee\/lv\/wp-json\/wp\/v2\/types\/product"}],"replies":[{"embeddable":true,"href":"https:\/\/calor.ee\/lv\/wp-json\/wp\/v2\/comments?post=22124"}],"wp:featuredmedia":[{"embeddable":true,"href":"https:\/\/calor.ee\/lv\/wp-json\/wp\/v2\/media\/22122"}],"wp:attachment":[{"href":"https:\/\/calor.ee\/lv\/wp-json\/wp\/v2\/media?parent=22124"}],"wp:term":[{"taxonomy":"product_brand","embeddable":true,"href":"https:\/\/calor.ee\/lv\/wp-json\/wp\/v2\/product_brand?post=22124"},{"taxonomy":"product_cat","embeddable":true,"href":"https:\/\/calor.ee\/lv\/wp-json\/wp\/v2\/product_cat?post=22124"},{"taxonomy":"product_tag","embeddable":true,"href":"https:\/\/calor.ee\/lv\/wp-json\/wp\/v2\/product_tag?post=22124"}],"curies":[{"name":"wp","href":"https:\/\/api.w.org\/{rel}","templated":true}]}}