{"id":22100,"date":"2025-03-28T14:06:38","date_gmt":"2025-03-28T12:06:38","guid":{"rendered":"https:\/\/calor.ee\/ara-kamins-grils-ember-hestia-300\/"},"modified":"2025-03-28T14:06:38","modified_gmt":"2025-03-28T12:06:38","slug":"ara-kamins-grils-ember-hestia-300","status":"publish","type":"product","link":"https:\/\/calor.ee\/lv\/ara-kamins-grils-ember-hestia-300\/","title":{"rendered":"\u0100ra kam\u012bns-grils Ember Hestia 300"},"content":{"rendered":"<p>Komplekt\u0101 ietilpst \u0101ra kam\u012bns-grils, s\u0101nu plaukti no ner\u016bs\u0113jo\u0161\u0101 t\u0113rauda, termometrs, ner\u016bs\u0113jo\u0161\u0101 t\u0113rauda d\u016bmvada caurule un cimdi.<\/p>\n<p><iframe loading=\"lazy\" title=\"Chesneys Heat &amp; Grill Wood Burning Barbecue \/ Outdoor Stove Heater\" width=\"1020\" height=\"574\" src=\"https:\/\/www.youtube.com\/embed\/Hu2gHE6NiAg?feature=oembed\" frameborder=\"0\" allow=\"accelerometer; autoplay; clipboard-write; encrypted-media; gyroscope; picture-in-picture; web-share\" referrerpolicy=\"strict-origin-when-cross-origin\" allowfullscreen><\/iframe><\/p>\n","protected":false},"excerpt":{"rendered":"<p><strong>\u0100ra kam\u012bns-grils Ember Hestia 300<\/strong> ir inovat\u012bvs divi-vien\u0101 produkts, kas pied\u0101v\u0101 videi draudz\u012bgu risin\u0101jumu \u0101ra apkurei un \u0113diena gatavo\u0161anai. Tas nav tikai grils un ne tikai kam\u012bns \u2013 tas ir jauns j\u016bsu \u0101ra dz\u012bves centrs. \u0160\u012b divi-vien\u0101 ier\u012bce apvieno dego\u0161as malkas skaistumu, gard\u0113\u017eu gatavo\u0161anas iesp\u0113jas un stil\u012bgu dizainu.  <\/p>\n<p>\u0160im \u0101ra kam\u012bnam-grilam ir inovat\u012bva integr\u0113ta deflektora sist\u0113ma, kas \u013cauj regul\u0113t siltuma virzienu, proti, dod iesp\u0113ju izv\u0113l\u0113ties starp sild\u012b\u0161anas vai cep\u0161anas re\u017e\u012bmu. Novietojot deflektoru cep\u0161anas re\u017e\u012bm\u0101, siltums tiek novirz\u012bts uz aug\u0161\u0101 eso\u0161o grilu, vienlaikus uzturot stiklu t\u012bru un pasarg\u0101jot gril\u0113t\u0101ju no tie\u0161as karstuma iedarb\u012bbas. Atrodoties cep\u0161anas re\u017e\u012bm\u0101, ar termometra pal\u012bdz\u012bbu var \u0113rti kontrol\u0113t cep\u0161anas temperat\u016bru. Sild\u012b\u0161anas re\u017e\u012bmam deflektoru var pacelt aug\u0161up, kas \u013cauj baud\u012bt malkas deg\u0161anas rad\u012bto siltumu un est\u0113tisko liesmu sp\u0113li.   <\/p>\n<p>\u0100ra kam\u012bnam-grilam Ember Hestia 300 ir no\u0146emami s\u0101nu plaukti, kas pal\u012bdz \u0113rti pasniegt gardu \u0113dienu \u0123imenei vai viesiem. S\u0101nu plaukti ir izgatavoti no ner\u016bs\u0113jo\u0161\u0101 t\u0113rauda un izskat\u0101s stil\u012bgi. <\/p>\n<p>\u0160im \u0101ra kam\u012bnam-grilam ir liela kurtuve un stikla durvis, kas \u013cauj baud\u012bt liesmu sp\u0113li un m\u0101j\u012bgu siltumu. T\u0101 apak\u0161da\u013c\u0101 ir integr\u0113ta malkas glab\u0101tuve un rite\u0146i, kas nodro\u0161ina labu manevr\u0113\u0161anas iesp\u0113ju. <\/p>\n<p>\u0160\u012b ier\u012bce pied\u0101v\u0101 patiesi autentisku gril\u0113\u0161anas un apkures pieredzi visa gada garum\u0101, \u013caujot ar\u012b v\u0113s\u0101k\u0101 laik\u0101 pat\u012bkami pavad\u012bt laiku d\u0101rz\u0101 kop\u0101 ar \u0123imeni vai viesiem, sasild\u012bties un baud\u012bt kulin\u0101ros piedz\u012bvojumus. BBQ gril\u0113\u0161anas pl\u0101ksne apvieno gatavo\u0161anas prieku br\u012bv\u0101 dab\u0101 ar malkas kr\u0101sns \u0113rt\u012bb\u0101m, radot unik\u0101lu dz\u012bvo\u0161anas pieredzi svaig\u0101 gais\u0101. \u0160\u012b ier\u012bce dod iemeslu bie\u017e\u0101k uztur\u0113ties \u0101r\u0101 kop\u0101 ar saviem tuv\u0101kajiem vai r\u012bkot spont\u0101nas d\u0101rza ball\u012btes ar draugiem.  <\/p>\n<p>\u0100ra kam\u012bns\u2013grils Ember Hestia 300 parasti sasniedz optim\u0101lo gatavo\u0161anas temperat\u016bru jau aptuveni 15 min\u016b\u0161u laik\u0101. Sild\u012b\u0161anas un gatavo\u0161anas temperat\u016bru var \u0113rti regul\u0113t ar vienu sviru. Ier\u012bce ir lieliski piem\u0113rota 6\u20138 cilv\u0113ku komp\u0101nijas \u0113diena pagatavo\u0161anai un sasild\u012b\u0161anai.  <\/p>\n","protected":false},"featured_media":22101,"comment_status":"closed","ping_status":"closed","template":"","meta":{"_acf_changed":false},"product_brand":[2963],"product_cat":[5168],"product_tag":[],"class_list":{"0":"post-22100","1":"product","2":"type-product","3":"status-publish","4":"has-post-thumbnail","6":"product_brand-ember","7":"product_cat-grili","8":"product_shipping_class-bezmaksas","9":"tm-no-options","11":"first","12":"instock","13":"sale","14":"taxable","15":"shipping-taxable","16":"purchasable","17":"product-type-simple"},"acf":[],"_links":{"self":[{"href":"https:\/\/calor.ee\/lv\/wp-json\/wp\/v2\/product\/22100","targetHints":{"allow":["GET"]}}],"collection":[{"href":"https:\/\/calor.ee\/lv\/wp-json\/wp\/v2\/product"}],"about":[{"href":"https:\/\/calor.ee\/lv\/wp-json\/wp\/v2\/types\/product"}],"replies":[{"embeddable":true,"href":"https:\/\/calor.ee\/lv\/wp-json\/wp\/v2\/comments?post=22100"}],"wp:featuredmedia":[{"embeddable":true,"href":"https:\/\/calor.ee\/lv\/wp-json\/wp\/v2\/media\/22101"}],"wp:attachment":[{"href":"https:\/\/calor.ee\/lv\/wp-json\/wp\/v2\/media?parent=22100"}],"wp:term":[{"taxonomy":"product_brand","embeddable":true,"href":"https:\/\/calor.ee\/lv\/wp-json\/wp\/v2\/product_brand?post=22100"},{"taxonomy":"product_cat","embeddable":true,"href":"https:\/\/calor.ee\/lv\/wp-json\/wp\/v2\/product_cat?post=22100"},{"taxonomy":"product_tag","embeddable":true,"href":"https:\/\/calor.ee\/lv\/wp-json\/wp\/v2\/product_tag?post=22100"}],"curies":[{"name":"wp","href":"https:\/\/api.w.org\/{rel}","templated":true}]}}