{"id":22097,"date":"2024-04-10T08:02:49","date_gmt":"2024-04-10T06:02:49","guid":{"rendered":"https:\/\/calor.ee\/vertikalais-grils-mindreks\/"},"modified":"2024-04-10T08:02:49","modified_gmt":"2024-04-10T06:02:49","slug":"vertikalais-grils-mindreks","status":"publish","type":"product","link":"https:\/\/calor.ee\/lv\/vertikalais-grils-mindreks\/","title":{"rendered":"Vertik\u0101lais grils Mindreks"},"content":{"rendered":"","protected":false},"excerpt":{"rendered":"<p>Kvalitat\u012bvais <strong>vertik\u0101lais grils Mindreks<\/strong> ir izgatavots no 3 mm bieza t\u0113rauda. To ir \u0101rk\u0101rt\u012bgi vienk\u0101r\u0161i lietot \u2013 nav oblig\u0101ti j\u0101gaida, l\u012bdz izveidojas ogles, jo ga\u013cu iesp\u0113jams gatavot ar\u012b tie\u0161\u0101 liesmas tuvum\u0101. Izmantojot vertik\u0101lo grilu, tauki nenotek uz ogl\u0113m, kas pal\u012bdz uztur\u0113t vienm\u0113r\u012bgu gril\u0113\u0161anas temperat\u016bru un \u013cauj ieg\u016bt v\u0113l lab\u0101ku gatavo\u0161anas rezult\u0101tu.  <\/p>\n<p>\u0160a\u0161liku un piedevas var gril\u0113t vienlaikus, un iesmus var p\u0113c nepiecie\u0161am\u012bbas p\u0101rvietot tuv\u0101k ugunij vai t\u0101l\u0101k no t\u0101s.<\/p>\n","protected":false},"featured_media":22098,"comment_status":"closed","ping_status":"closed","template":"","meta":{"_acf_changed":false},"product_brand":[2925],"product_cat":[5168],"product_tag":[],"class_list":{"0":"post-22097","1":"product","2":"type-product","3":"status-publish","4":"has-post-thumbnail","6":"product_brand-mindreks","7":"product_cat-grili","8":"product_shipping_class-mildreks","9":"tm-no-options","11":"first","12":"instock","13":"taxable","14":"shipping-taxable","15":"purchasable","16":"product-type-simple"},"acf":[],"_links":{"self":[{"href":"https:\/\/calor.ee\/lv\/wp-json\/wp\/v2\/product\/22097","targetHints":{"allow":["GET"]}}],"collection":[{"href":"https:\/\/calor.ee\/lv\/wp-json\/wp\/v2\/product"}],"about":[{"href":"https:\/\/calor.ee\/lv\/wp-json\/wp\/v2\/types\/product"}],"replies":[{"embeddable":true,"href":"https:\/\/calor.ee\/lv\/wp-json\/wp\/v2\/comments?post=22097"}],"wp:featuredmedia":[{"embeddable":true,"href":"https:\/\/calor.ee\/lv\/wp-json\/wp\/v2\/media\/22098"}],"wp:attachment":[{"href":"https:\/\/calor.ee\/lv\/wp-json\/wp\/v2\/media?parent=22097"}],"wp:term":[{"taxonomy":"product_brand","embeddable":true,"href":"https:\/\/calor.ee\/lv\/wp-json\/wp\/v2\/product_brand?post=22097"},{"taxonomy":"product_cat","embeddable":true,"href":"https:\/\/calor.ee\/lv\/wp-json\/wp\/v2\/product_cat?post=22097"},{"taxonomy":"product_tag","embeddable":true,"href":"https:\/\/calor.ee\/lv\/wp-json\/wp\/v2\/product_tag?post=22097"}],"curies":[{"name":"wp","href":"https:\/\/api.w.org\/{rel}","templated":true}]}}