{"id":22095,"date":"2024-04-10T08:39:17","date_gmt":"2024-04-10T06:39:17","guid":{"rendered":"https:\/\/calor.ee\/mangals-grils-mindreks\/"},"modified":"2024-04-10T08:39:17","modified_gmt":"2024-04-10T06:39:17","slug":"mangals-grils-mindreks","status":"publish","type":"product","link":"https:\/\/calor.ee\/lv\/mangals-grils-mindreks\/","title":{"rendered":"Mangals-grils Mindreks"},"content":{"rendered":"<p>Komplekt\u0101 ietilpst mangals-grils un divas cep\u0161anas restes.<\/p>\n","protected":false},"excerpt":{"rendered":"<p>Kvalitat\u012bvs un kompakts <strong>mangals-grils Mindreks<\/strong> ir izgatavots no 3 mm bieza t\u0113rauda, un gril\u0113\u0161ana ar to ir patiess prieks. Lai mangals-grilu b\u016btu \u0113rt\u0101k p\u0101rvietot, tas ir apr\u012bkots ar koka rokturiem, kas \u013cauj to dro\u0161i p\u0101rvietot no vienas vietas uz citu. <\/p>\n<p>Gril\u0113\u0161anai lieliski piem\u0113rota gan malka, gan kokogles.<\/p>\n","protected":false},"featured_media":22096,"comment_status":"closed","ping_status":"closed","template":"","meta":{"_acf_changed":false},"product_brand":[2925],"product_cat":[5168],"product_tag":[],"class_list":{"0":"post-22095","1":"product","2":"type-product","3":"status-publish","4":"has-post-thumbnail","6":"product_brand-mindreks","7":"product_cat-grili","8":"product_shipping_class-mildreks","9":"tm-no-options","11":"first","12":"instock","13":"taxable","14":"shipping-taxable","15":"purchasable","16":"product-type-simple"},"acf":[],"_links":{"self":[{"href":"https:\/\/calor.ee\/lv\/wp-json\/wp\/v2\/product\/22095","targetHints":{"allow":["GET"]}}],"collection":[{"href":"https:\/\/calor.ee\/lv\/wp-json\/wp\/v2\/product"}],"about":[{"href":"https:\/\/calor.ee\/lv\/wp-json\/wp\/v2\/types\/product"}],"replies":[{"embeddable":true,"href":"https:\/\/calor.ee\/lv\/wp-json\/wp\/v2\/comments?post=22095"}],"wp:featuredmedia":[{"embeddable":true,"href":"https:\/\/calor.ee\/lv\/wp-json\/wp\/v2\/media\/22096"}],"wp:attachment":[{"href":"https:\/\/calor.ee\/lv\/wp-json\/wp\/v2\/media?parent=22095"}],"wp:term":[{"taxonomy":"product_brand","embeddable":true,"href":"https:\/\/calor.ee\/lv\/wp-json\/wp\/v2\/product_brand?post=22095"},{"taxonomy":"product_cat","embeddable":true,"href":"https:\/\/calor.ee\/lv\/wp-json\/wp\/v2\/product_cat?post=22095"},{"taxonomy":"product_tag","embeddable":true,"href":"https:\/\/calor.ee\/lv\/wp-json\/wp\/v2\/product_tag?post=22095"}],"curies":[{"name":"wp","href":"https:\/\/api.w.org\/{rel}","templated":true}]}}