{"id":22092,"date":"2024-04-10T10:00:31","date_gmt":"2024-04-10T08:00:31","guid":{"rendered":"https:\/\/calor.ee\/grils-mindreks\/"},"modified":"2024-04-10T10:00:31","modified_gmt":"2024-04-10T08:00:31","slug":"grils-mindreks","status":"publish","type":"product","link":"https:\/\/calor.ee\/lv\/grils-mindreks\/","title":{"rendered":"Grils Mindreks"},"content":{"rendered":"<p>Komplekt\u0101 ietilpst grils un divas cep\u0161anas restes.<\/p>\n","protected":false},"excerpt":{"rendered":"<p>M\u016bsdien\u012bga un praktiska dizaina <strong>grils ar rite\u0146iem Mindreks<\/strong> ir izgatavots no 2 mm bieza t\u0113rauda, un gril\u0113\u0161ana ar to ir \u012bsts baud\u012bjums. Grils, kas apr\u012bkots ar v\u0101ku un koka plauktu, ir ide\u0101la izv\u0113le visiem, kuri izbauda gril\u0113\u0161anas procesu un gardu gala rezult\u0101tu. <\/p>\n<p>Lai grilu b\u016btu \u0113rt\u0101k p\u0101rvietot, tas papildus rite\u0146iem ir apr\u012bkots ar koka rokturi, kas \u013cauj to dro\u0161i p\u0101rvietot no vienas vietas uz citu.<\/p>\n<p>Gril\u0113\u0161anai lieliski piem\u0113rota gan malka, gan kokogles.<\/p>\n","protected":false},"featured_media":22093,"comment_status":"closed","ping_status":"closed","template":"","meta":{"_acf_changed":false},"product_brand":[5543],"product_cat":[5168],"product_tag":[],"class_list":{"0":"post-22092","1":"product","2":"type-product","3":"status-publish","4":"has-post-thumbnail","6":"product_brand-mindreks","7":"product_cat-grili","8":"product_shipping_class-mildreks","9":"tm-no-options","11":"first","12":"instock","13":"taxable","14":"shipping-taxable","15":"purchasable","16":"product-type-simple"},"acf":[],"_links":{"self":[{"href":"https:\/\/calor.ee\/lv\/wp-json\/wp\/v2\/product\/22092","targetHints":{"allow":["GET"]}}],"collection":[{"href":"https:\/\/calor.ee\/lv\/wp-json\/wp\/v2\/product"}],"about":[{"href":"https:\/\/calor.ee\/lv\/wp-json\/wp\/v2\/types\/product"}],"replies":[{"embeddable":true,"href":"https:\/\/calor.ee\/lv\/wp-json\/wp\/v2\/comments?post=22092"}],"wp:featuredmedia":[{"embeddable":true,"href":"https:\/\/calor.ee\/lv\/wp-json\/wp\/v2\/media\/22093"}],"wp:attachment":[{"href":"https:\/\/calor.ee\/lv\/wp-json\/wp\/v2\/media?parent=22092"}],"wp:term":[{"taxonomy":"product_brand","embeddable":true,"href":"https:\/\/calor.ee\/lv\/wp-json\/wp\/v2\/product_brand?post=22092"},{"taxonomy":"product_cat","embeddable":true,"href":"https:\/\/calor.ee\/lv\/wp-json\/wp\/v2\/product_cat?post=22092"},{"taxonomy":"product_tag","embeddable":true,"href":"https:\/\/calor.ee\/lv\/wp-json\/wp\/v2\/product_tag?post=22092"}],"curies":[{"name":"wp","href":"https:\/\/api.w.org\/{rel}","templated":true}]}}