{"id":22090,"date":"2024-04-10T08:22:22","date_gmt":"2024-04-10T06:22:22","guid":{"rendered":"https:\/\/calor.ee\/ugunskura-vieta-grils-mindreks\/"},"modified":"2024-04-10T08:22:22","modified_gmt":"2024-04-10T06:22:22","slug":"ugunskura-vieta-grils-mindreks","status":"publish","type":"product","link":"https:\/\/calor.ee\/lv\/ugunskura-vieta-grils-mindreks\/","title":{"rendered":"Ugunskura vieta\u2013grils Mindreks"},"content":{"rendered":"","protected":false},"excerpt":{"rendered":"<p>Kvalitat\u012bvais u<strong>gunskura vieta\u2013grils Mindreks<\/strong> ir izgatavots no 3 mm bieza t\u0113rauda, un to iesp\u0113jams izmantot gan k\u0101 grilu gardu \u0113dienu pagatavo\u0161anai, gan vienk\u0101r\u0161i k\u0101 ugunskura vietu, pie kuras pat\u012bkami pavad\u012bt laiku.<\/p>\n","protected":false},"featured_media":22091,"comment_status":"closed","ping_status":"closed","template":"","meta":{"_acf_changed":false},"product_brand":[5543],"product_cat":[5168,5145],"product_tag":[],"class_list":{"0":"post-22090","1":"product","2":"type-product","3":"status-publish","4":"has-post-thumbnail","6":"product_brand-mindreks","7":"product_cat-grili","8":"product_cat-ugunskura-vietas","9":"product_shipping_class-mildreks","10":"tm-no-options","12":"first","13":"instock","14":"taxable","15":"shipping-taxable","16":"purchasable","17":"product-type-simple"},"acf":[],"_links":{"self":[{"href":"https:\/\/calor.ee\/lv\/wp-json\/wp\/v2\/product\/22090","targetHints":{"allow":["GET"]}}],"collection":[{"href":"https:\/\/calor.ee\/lv\/wp-json\/wp\/v2\/product"}],"about":[{"href":"https:\/\/calor.ee\/lv\/wp-json\/wp\/v2\/types\/product"}],"replies":[{"embeddable":true,"href":"https:\/\/calor.ee\/lv\/wp-json\/wp\/v2\/comments?post=22090"}],"wp:featuredmedia":[{"embeddable":true,"href":"https:\/\/calor.ee\/lv\/wp-json\/wp\/v2\/media\/22091"}],"wp:attachment":[{"href":"https:\/\/calor.ee\/lv\/wp-json\/wp\/v2\/media?parent=22090"}],"wp:term":[{"taxonomy":"product_brand","embeddable":true,"href":"https:\/\/calor.ee\/lv\/wp-json\/wp\/v2\/product_brand?post=22090"},{"taxonomy":"product_cat","embeddable":true,"href":"https:\/\/calor.ee\/lv\/wp-json\/wp\/v2\/product_cat?post=22090"},{"taxonomy":"product_tag","embeddable":true,"href":"https:\/\/calor.ee\/lv\/wp-json\/wp\/v2\/product_tag?post=22090"}],"curies":[{"name":"wp","href":"https:\/\/api.w.org\/{rel}","templated":true}]}}