{"id":22082,"date":"2021-04-13T13:39:03","date_gmt":"2021-04-13T11:39:03","guid":{"rendered":"https:\/\/calor.ee\/ugunskura-vieta-unico-x-fire\/"},"modified":"2021-04-13T13:39:03","modified_gmt":"2021-04-13T11:39:03","slug":"ugunskura-vieta-unico-x-fire","status":"publish","type":"product","link":"https:\/\/calor.ee\/lv\/ugunskura-vieta-unico-x-fire\/","title":{"rendered":"Ugunskura vieta Unico X-Fire"},"content":{"rendered":"<p>Izm\u0113ri salikt\u0101 veid\u0101: 706 \u00d7 603 \u00d7 522 mm.<\/p>\n","protected":false},"excerpt":{"rendered":"<p><strong>Ugunskura vieta Unico X-Fire <\/strong>ir ide\u0101ls risin\u0101jums ikvienam, kur\u0161 nov\u0113rt\u0113 skaistu dizainu un lieto\u0161anas \u0113rtumu. Ugunskura vieta sast\u0101v no diviem 4 mm bieza t\u0113rauda elementiem, kuru salik\u0161ana un izjauk\u0161ana ir \u0101rk\u0101rt\u012bgi vienk\u0101r\u0161a \u2013 pietiek vienu elementu ieslidin\u0101t otr\u0101, un stil\u012bg\u0101 ugunskura vieta ir gatava lieto\u0161anai. <\/p>\n<p>Elementi izjaukt\u0101 veid\u0101 aiz\u0146em minim\u0101li vietas, t\u0101p\u0113c tos ir \u0113rti uzglab\u0101t un viegli pa\u0146emt l\u012bdzi jebkur (ce\u013cojum\u0101, p\u0101rg\u0101jien\u0101, dodoties ciemos u.c.).<\/p>\n<p>Unik\u0101la dizaina melnas kr\u0101sas X-Fire ugunskura vieta \u013cauj baud\u012bt dz\u012bvo uguni jebkur un jebkur\u0101 gadalaik\u0101!<\/p>\n","protected":false},"featured_media":22083,"comment_status":"closed","ping_status":"closed","template":"","meta":{"_acf_changed":false},"product_brand":[95],"product_cat":[5145],"product_tag":[],"class_list":{"0":"post-22082","1":"product","2":"type-product","3":"status-publish","4":"has-post-thumbnail","6":"product_brand-unico","7":"product_cat-ugunskura-vietas","8":"tm-no-options","10":"first","11":"instock","12":"taxable","13":"shipping-taxable","14":"purchasable","15":"product-type-simple"},"acf":[],"_links":{"self":[{"href":"https:\/\/calor.ee\/lv\/wp-json\/wp\/v2\/product\/22082","targetHints":{"allow":["GET"]}}],"collection":[{"href":"https:\/\/calor.ee\/lv\/wp-json\/wp\/v2\/product"}],"about":[{"href":"https:\/\/calor.ee\/lv\/wp-json\/wp\/v2\/types\/product"}],"replies":[{"embeddable":true,"href":"https:\/\/calor.ee\/lv\/wp-json\/wp\/v2\/comments?post=22082"}],"wp:featuredmedia":[{"embeddable":true,"href":"https:\/\/calor.ee\/lv\/wp-json\/wp\/v2\/media\/22083"}],"wp:attachment":[{"href":"https:\/\/calor.ee\/lv\/wp-json\/wp\/v2\/media?parent=22082"}],"wp:term":[{"taxonomy":"product_brand","embeddable":true,"href":"https:\/\/calor.ee\/lv\/wp-json\/wp\/v2\/product_brand?post=22082"},{"taxonomy":"product_cat","embeddable":true,"href":"https:\/\/calor.ee\/lv\/wp-json\/wp\/v2\/product_cat?post=22082"},{"taxonomy":"product_tag","embeddable":true,"href":"https:\/\/calor.ee\/lv\/wp-json\/wp\/v2\/product_tag?post=22082"}],"curies":[{"name":"wp","href":"https:\/\/api.w.org\/{rel}","templated":true}]}}