{"id":22062,"date":"2025-04-30T17:05:26","date_gmt":"2025-04-30T15:05:26","guid":{"rendered":"https:\/\/calor.ee\/ugunskura-vieta-grils-outfire-firefly\/"},"modified":"2025-04-30T17:05:26","modified_gmt":"2025-04-30T15:05:26","slug":"ugunskura-vieta-grils-outfire-firefly","status":"publish","type":"product","link":"https:\/\/calor.ee\/lv\/ugunskura-vieta-grils-outfire-firefly\/","title":{"rendered":"Ugunskura vieta\u2013grils OutFIRE Firefly"},"content":{"rendered":"","protected":false},"excerpt":{"rendered":"<p>OutFIRE Firefly ir \u010duguna ugunskura vieta\u2013grils, kas apvieno praktiskumu un inov\u0101cijas, padarot katru ugunskura kurin\u0101\u0161anu un gril\u0113\u0161anu par pat\u012bkamu pieredzi. Tagad to var izbaud\u012bt iev\u0113rojami maz\u0101k d\u016bmu un stil\u012bg\u0101 veid\u0101! \u0160\u012b inovat\u012bv\u0101 \u010duguna ugunskura vieta\u2013grils ir \u012bpa\u0161i izstr\u0101d\u0101ta, lai nodro\u0161in\u0101tu t\u012br\u0101ku, efekt\u012bv\u0101ku un apk\u0101rt\u0113jai videi pat\u012bkam\u0101ku uguns baud\u012bjumu.  <\/p>\n<p>Pateicoties gudrajai konstrukcijai un \u010duguna \u012bpa\u0161aj\u0101m \u012bpa\u0161\u012bb\u0101m, \u0161\u012b ugunskura vieta\u2013grils nodro\u0161ina efekt\u012bvu deg\u0161anu, kas rada minim\u0101lu d\u016bmu daudzumu. Ja izmantosiet tikai k\u0101rt\u012bgi iz\u017e\u0101v\u0113tu malku, var\u0113siet baud\u012bt t\u012bru un stabilu liesmu, nesatraucoties, ka d\u016bmi trauc\u0113s jums, j\u016bsu viesiem vai apk\u0101rt\u0113jiem. <\/p>\n<p><strong>Ugunskura vieta\u2013grils OutFIRE Firefly<\/strong> ir izgatavots no \u010duguna ar augstu siltuma akumul\u0101cijas sp\u0113ju, kas uzs\u016bc un uzkr\u0101j siltumu. P\u0113c tam siltums l\u0113ni un vienm\u0113r\u012bgi izstarojas atpaka\u013c apk\u0101rt\u0113j\u0101 vid\u0113, radot pat\u012bkamu un ilgsto\u0161u siltumu ugunskura vietas tuvum\u0101. T\u0101 j\u016bs var\u0113siet baud\u012bt pat\u012bkamus vakarus br\u012bv\u0101 dab\u0101 ar\u012b tad, kad liesma jau s\u0101k izdzist.  <\/p>\n<p>Komplekt\u0101 ir iek\u013cauts viss nepiecie\u0161amais pat\u012bkamai gril\u0113\u0161anai un uguns baud\u012b\u0161anai (grila reste, v\u0101ks un p\u0101rsegs). Grila reste \u013cauj gatavot gardus \u0113dienus tie\u0161i virs uguns, savuk\u0101rt v\u0101ks un p\u0101rsegs nodro\u0161ina dro\u0161\u012bbu un pasarg\u0101 ugunskura vietu no laikapst\u0101k\u013cu ietekmes, kad t\u0101 netiek izmantota. <\/p>\n<p>Tas nav tikai ugunskura trauks \u2013 tas ir daudzfunkcion\u0101ls produkts, kas apvieno dizainu, funkcionalit\u0101ti un vides apzin\u012bgumu. Ide\u0101ls risin\u0101jums tiem, kuri nov\u0113rt\u0113 kvalit\u0101ti, v\u0113las baud\u012bt dz\u012bvu uguni bez lieka d\u016bmu daudzuma un m\u012bl pat\u012bkamu siltumu. <\/p>\n","protected":false},"featured_media":22063,"comment_status":"closed","ping_status":"closed","template":"","meta":{"_acf_changed":false},"product_brand":[5548],"product_cat":[5145,5168],"product_tag":[],"class_list":{"0":"post-22062","1":"product","2":"type-product","3":"status-publish","4":"has-post-thumbnail","6":"product_brand-outfire","7":"product_cat-ugunskura-vietas","8":"product_cat-grili","9":"product_shipping_class-bezmaksas","10":"tm-no-options","12":"first","13":"instock","14":"taxable","15":"shipping-taxable","16":"purchasable","17":"product-type-simple"},"acf":[],"_links":{"self":[{"href":"https:\/\/calor.ee\/lv\/wp-json\/wp\/v2\/product\/22062","targetHints":{"allow":["GET"]}}],"collection":[{"href":"https:\/\/calor.ee\/lv\/wp-json\/wp\/v2\/product"}],"about":[{"href":"https:\/\/calor.ee\/lv\/wp-json\/wp\/v2\/types\/product"}],"replies":[{"embeddable":true,"href":"https:\/\/calor.ee\/lv\/wp-json\/wp\/v2\/comments?post=22062"}],"wp:featuredmedia":[{"embeddable":true,"href":"https:\/\/calor.ee\/lv\/wp-json\/wp\/v2\/media\/22063"}],"wp:attachment":[{"href":"https:\/\/calor.ee\/lv\/wp-json\/wp\/v2\/media?parent=22062"}],"wp:term":[{"taxonomy":"product_brand","embeddable":true,"href":"https:\/\/calor.ee\/lv\/wp-json\/wp\/v2\/product_brand?post=22062"},{"taxonomy":"product_cat","embeddable":true,"href":"https:\/\/calor.ee\/lv\/wp-json\/wp\/v2\/product_cat?post=22062"},{"taxonomy":"product_tag","embeddable":true,"href":"https:\/\/calor.ee\/lv\/wp-json\/wp\/v2\/product_tag?post=22062"}],"curies":[{"name":"wp","href":"https:\/\/api.w.org\/{rel}","templated":true}]}}