{"id":22019,"date":"2025-04-30T15:45:44","date_gmt":"2025-04-30T13:45:44","guid":{"rendered":"https:\/\/calor.ee\/ugunskura-vieta-outfire-corten-square-700\/"},"modified":"2025-04-30T15:45:44","modified_gmt":"2025-04-30T13:45:44","slug":"ugunskura-vieta-outfire-corten-square-700","status":"publish","type":"product","link":"https:\/\/calor.ee\/lv\/ugunskura-vieta-outfire-corten-square-700\/","title":{"rendered":"Ugunskura vieta OutFIRE Corten Square 700"},"content":{"rendered":"","protected":false},"excerpt":{"rendered":"<p class=\"\" data-start=\"172\" data-end=\"490\"><strong>Vai v\u0113laties p\u0101rv\u0113rst savu pagalmu par patiesi m\u0101j\u012bgu pulc\u0113\u0161an\u0101s vietu, kur dal\u012bties siltum\u0101, st\u0101stos un smieklos? Ugunskura vieta OutFIRE CortenSquare 700<\/strong> ir rad\u012bta tie\u0161i tam! TT\u0101 ir liela, 70 \u00d7 70 cm ugunskura vieta, kas lieliski piem\u0113rota gan \u0123imenes lok\u0101, gan pat\u012bkamu vakaru baud\u012b\u0161anai kop\u0101 ar draugiem. <\/p>\n<p class=\"\" data-start=\"492\" data-end=\"857\">Ugunskura vieta OutFIRE Corten Square 700 ir br\u012bvi st\u0101vo\u0161a, kas noz\u012bm\u0113, ka to var viegli p\u0101rvietot atbilsto\u0161i sav\u0101m vajadz\u012bb\u0101m. Vienk\u0101r\u0161\u0101 p\u0101rvieto\u0161ana sniedz br\u012bv\u012bbu katru reizi rad\u012bt jaunu noska\u0146u un novietot ugunskuru tie\u0161i tur, kur tas konkr\u0113taj\u0101 br\u012bd\u012b \u0161\u0137iet vispiem\u0113rot\u0101kais. <\/p>\n<p class=\"\" data-start=\"859\" data-end=\"1138\">Dot\u0101 ugunskura vietas \u0101r\u0113j\u0101 da\u013ca ir izgatavota no 1,5 mm bieza Corten t\u0113rauda, iek\u0161\u0113j\u0101 da\u013ca \u2013 no iztur\u012bga 3 mm bieza t\u0113rauda, bet p\u0101rsegs \u2013 no 1,5 mm bieza t\u0113rauda. T\u0113rauda deta\u013cas ir p\u0101rkl\u0101tas ar augstas kvalit\u0101tes karstumiztur\u012bgu kr\u0101su, kas iztur augstas temperat\u016bras. M\u016bsdien\u012bgais Corten t\u0113rauds ir \u012bpa\u0161i notur\u012bgs pret laikapst\u0101k\u013ciem. Pateicoties t\u0113rauda \u0137\u012bmiskajam sast\u0101vam, uz t\u0101 virsmas veidojas aizsargk\u0101rta (r\u016bsas sl\u0101nis), kas pasarg\u0101 materi\u0101lu no \u0101r\u0113j\u0101s vides ietekmes. S\u0101kotn\u0113ji ugunskura vieta ir pel\u0113k\u0101 kr\u0101s\u0101 k\u0101 parasts t\u0113rauds, ta\u010du \u0101r\u0113j\u0101 vid\u0113 lietus un mitruma ietekm\u0113 veidojas aizsargsl\u0101nis (r\u016bsa), kas s\u0101kum\u0101 ir sarkanbr\u016bn\u0101 ton\u012b un laika gait\u0101 k\u013c\u016bst arvien tum\u0161\u0101ks. Tas pie\u0161\u0137ir izstr\u0101d\u0101jumam unik\u0101lu un vizu\u0101li pievilc\u012bgu apdari.    <\/p>\n<p class=\"\" data-start=\"1140\" data-end=\"1452\">Pateicoties p\u0101rdom\u0101tai konstrukcijai, ugunskura vietas pamatn\u0113 ir integr\u0113tas lietus \u016bdens noteces atveres. \u0160is praktiskais risin\u0101jums pal\u012bdz nov\u0113rst \u016bdens uzkr\u0101\u0161anos ugunskura viet\u0101, saglab\u0101jot to sausu un lieto\u0161anai gatavu ar\u012b p\u0113c lietus. Turkl\u0101t br\u012bvi noteko\u0161ais \u016bdens pal\u012bdz pagarin\u0101t ugunskura vietas kalpo\u0161anas laiku un nov\u0113rst korozijas veido\u0161anos. Vienlaikus ugunskura vietai ir v\u0101ks ar rokturi, kas \u013cauj v\u0113l lab\u0101k pasarg\u0101t ugunskura vietu no main\u012bgiem laikapst\u0101k\u013ciem.   <\/p>\n<p class=\"\" data-start=\"1454\" data-end=\"1756\">Dro\u0161\u012bba, baudot ugunskuru, ir \u0101rk\u0101rt\u012bgi svar\u012bga, t\u0101p\u0113c iesak\u0101m OutFIRE Corten Square 700 ugunskura vietu vienm\u0113r uzst\u0101d\u012bt uz l\u012bdzenas un nedego\u0161as virsmas. Pareiza uzst\u0101d\u012b\u0161ana nodro\u0161ina, ka var\u0113siet baud\u012bt ugunskura vakaru bez raiz\u0113m un dro\u0161i. <\/p>\n<p class=\"\" data-start=\"1758\" data-end=\"1963\">Neatkar\u012bgi no t\u0101, vai v\u0113laties romantisku vakaru zem zvaigzn\u0113m vai vienk\u0101r\u0161i siltu un m\u0101j\u012bgu kop\u0101 b\u016b\u0161anu \u2013 OutFIRE Corten Square 700 ir ide\u0101la izv\u0113le tiem, kas nov\u0113rt\u0113 kvalit\u0101ti, praktiskumu un pat\u012bkamas emocijas. Papildiniet savu pagalmu ar \u0161o iespaid\u012bgo un iztur\u012bgo ugunskura vietu un radiet atmi\u0146as, kas saglab\u0101sies uz visu m\u016b\u017eu! <\/p>\n","protected":false},"featured_media":22020,"comment_status":"closed","ping_status":"closed","template":"","meta":{"_acf_changed":false},"product_brand":[5548],"product_cat":[5145],"product_tag":[],"class_list":{"0":"post-22019","1":"product","2":"type-product","3":"status-publish","4":"has-post-thumbnail","6":"product_brand-outfire","7":"product_cat-ugunskura-vietas","8":"product_shipping_class-bezmaksas","9":"tm-no-options","11":"first","12":"instock","13":"taxable","14":"shipping-taxable","15":"purchasable","16":"product-type-simple"},"acf":[],"_links":{"self":[{"href":"https:\/\/calor.ee\/lv\/wp-json\/wp\/v2\/product\/22019","targetHints":{"allow":["GET"]}}],"collection":[{"href":"https:\/\/calor.ee\/lv\/wp-json\/wp\/v2\/product"}],"about":[{"href":"https:\/\/calor.ee\/lv\/wp-json\/wp\/v2\/types\/product"}],"replies":[{"embeddable":true,"href":"https:\/\/calor.ee\/lv\/wp-json\/wp\/v2\/comments?post=22019"}],"wp:featuredmedia":[{"embeddable":true,"href":"https:\/\/calor.ee\/lv\/wp-json\/wp\/v2\/media\/22020"}],"wp:attachment":[{"href":"https:\/\/calor.ee\/lv\/wp-json\/wp\/v2\/media?parent=22019"}],"wp:term":[{"taxonomy":"product_brand","embeddable":true,"href":"https:\/\/calor.ee\/lv\/wp-json\/wp\/v2\/product_brand?post=22019"},{"taxonomy":"product_cat","embeddable":true,"href":"https:\/\/calor.ee\/lv\/wp-json\/wp\/v2\/product_cat?post=22019"},{"taxonomy":"product_tag","embeddable":true,"href":"https:\/\/calor.ee\/lv\/wp-json\/wp\/v2\/product_tag?post=22019"}],"curies":[{"name":"wp","href":"https:\/\/api.w.org\/{rel}","templated":true}]}}