{"id":21971,"date":"2024-04-10T08:55:41","date_gmt":"2024-04-10T06:55:41","guid":{"rendered":"https:\/\/calor.ee\/metala-ugunskura-vieta-mindreks\/"},"modified":"2024-04-10T08:55:41","modified_gmt":"2024-04-10T06:55:41","slug":"metala-ugunskura-vieta-mindreks","status":"publish","type":"product","link":"https:\/\/calor.ee\/lv\/metala-ugunskura-vieta-mindreks\/","title":{"rendered":"Met\u0101la ugunskura vieta Mindreks"},"content":{"rendered":"","protected":false},"excerpt":{"rendered":"<p><strong>Met\u0101la ugunskura vieta Mindreks<\/strong> ir lieliska izv\u0113le visiem, kas nov\u0113rt\u0113 skaistu dizainu. Ugunskura vieta ir izgatavota no 3 mm bieza t\u0113rauda un lieliski iederas jebkur\u0101 m\u0101jas d\u0101rz\u0101. Baudiet dz\u012bvu uguni kop\u0101 ar \u0123imeni vai draugiem!  <\/p>\n","protected":false},"featured_media":21972,"comment_status":"closed","ping_status":"closed","template":"","meta":{"_acf_changed":false},"product_brand":[5543],"product_cat":[5145],"product_tag":[],"class_list":{"0":"post-21971","1":"product","2":"type-product","3":"status-publish","4":"has-post-thumbnail","6":"product_brand-mindreks","7":"product_cat-ugunskura-vietas","8":"product_shipping_class-mildreks","9":"tm-no-options","11":"first","12":"instock","13":"taxable","14":"shipping-taxable","15":"purchasable","16":"product-type-simple"},"acf":[],"_links":{"self":[{"href":"https:\/\/calor.ee\/lv\/wp-json\/wp\/v2\/product\/21971","targetHints":{"allow":["GET"]}}],"collection":[{"href":"https:\/\/calor.ee\/lv\/wp-json\/wp\/v2\/product"}],"about":[{"href":"https:\/\/calor.ee\/lv\/wp-json\/wp\/v2\/types\/product"}],"replies":[{"embeddable":true,"href":"https:\/\/calor.ee\/lv\/wp-json\/wp\/v2\/comments?post=21971"}],"wp:featuredmedia":[{"embeddable":true,"href":"https:\/\/calor.ee\/lv\/wp-json\/wp\/v2\/media\/21972"}],"wp:attachment":[{"href":"https:\/\/calor.ee\/lv\/wp-json\/wp\/v2\/media?parent=21971"}],"wp:term":[{"taxonomy":"product_brand","embeddable":true,"href":"https:\/\/calor.ee\/lv\/wp-json\/wp\/v2\/product_brand?post=21971"},{"taxonomy":"product_cat","embeddable":true,"href":"https:\/\/calor.ee\/lv\/wp-json\/wp\/v2\/product_cat?post=21971"},{"taxonomy":"product_tag","embeddable":true,"href":"https:\/\/calor.ee\/lv\/wp-json\/wp\/v2\/product_tag?post=21971"}],"curies":[{"name":"wp","href":"https:\/\/api.w.org\/{rel}","templated":true}]}}