{"id":21964,"date":"2024-05-27T15:32:52","date_gmt":"2024-05-27T13:32:52","guid":{"rendered":"https:\/\/calor.ee\/picas-krasns-vitcas-s\/"},"modified":"2024-05-27T15:32:52","modified_gmt":"2024-05-27T13:32:52","slug":"picas-krasns-vitcas-s","status":"publish","type":"product","link":"https:\/\/calor.ee\/lv\/picas-krasns-vitcas-s\/","title":{"rendered":"Picas kr\u0101sns Vitcas S"},"content":{"rendered":"<p>Komplekt\u0101 ietilpst 2 picas kr\u0101sns elementi (aug\u0161\u0113j\u0101 da\u013ca un pamatne), 1 t\u016bbi\u0146a karstumiztur\u012bga silikona un 5 kg \u0101r\u0113jai lieto\u0161anai paredz\u0113ta kr\u0101sns mais\u012bjuma.<\/p>\n<p>Komplekt\u0101 nav iek\u013cauta picas kr\u0101sns pamatnes apak\u0161\u0113j\u0101 konstrukcijas da\u013ca \u2014 to iesp\u0113jams izb\u016bv\u0113t atbilsto\u0161i individu\u0101laj\u0101m v\u0113lm\u0113m. Galvenais, lai picas kr\u0101sns pamatne b\u016btu piln\u012bb\u0101 un dro\u0161i balst\u012bta. <\/p>\n<p>&nbsp;<\/p>\n","protected":false},"excerpt":{"rendered":"<p><strong>Ar malku kurin\u0101m\u0101 picas kr\u0101sns Vitcas S<\/strong> ir lieliski piem\u0113rota gardu picu pagatavo\u0161anai maz\u0101kos d\u0101rzos. \u0160\u012b picas kr\u0101sns ir r\u016bpn\u012bc\u0101 piln\u012bb\u0101 samont\u0113ta un uzreiz gatava lieto\u0161anai. T\u0101 ir izgatavota no kvalitat\u012bva ugunsiztur\u012bga \u0161amota un speci\u0101la mais\u012bjuma, k\u0101 ar\u012b izol\u0113ta ar augstas kvalit\u0101tes izol\u0101cijas materi\u0101liem, kas v\u0113l vair\u0101k palielina t\u0101s efektivit\u0101ti un siltumnotur\u012bbu.  <\/p>\n<p>\u0160aj\u0101 picas kr\u0101sn\u012b vienlaikus iesp\u0113jams pagatavot 1\u20132 maz\u0101kas picas, t\u0101p\u0113c t\u0101 ir ide\u0101li piem\u0113rota ikdienas lieto\u0161anai m\u0101j\u0101s un gardu picu pagatavo\u0161anai \u0123imenei. Vitcas S picas kr\u0101sn\u012b ir vienm\u0113r\u012bgs temperat\u016bras sadal\u012bjums, kas \u013cauj pagatavot autentiskas gar\u0161as picu tikai da\u017eu min\u016b\u0161u laik\u0101. <\/p>\n<p>Lai main\u012btu dizainu, picas kr\u0101sns aug\u0161da\u013cai iesp\u0113jams pievienot ar\u012b citus komponentus, piem\u0113ram, dekorat\u012bvos \u0137ie\u0123e\u013cus vai fl\u012bzes, k\u0101 ar\u012b nokr\u0101sot to jebkur\u0101 v\u0113lamaj\u0101 kr\u0101s\u0101. Picas kr\u0101sni iesp\u0113jams apdarin\u0101t t\u0101, lai t\u0101 ide\u0101li piel\u0101gotos tie\u0161i j\u016bsu d\u0101rzam. <\/p>\n<p>Picas kr\u0101sns Vitcas S ir lab\u0101k\u0101 un \u0101tr\u0101k\u0101 izv\u0113le picas pagatavo\u0161anai \u0101ra apst\u0101k\u013cos.<\/p>\n<p>&nbsp;<\/p>\n<p>&nbsp;<\/p>\n","protected":false},"featured_media":21965,"comment_status":"closed","ping_status":"closed","template":"","meta":{"_acf_changed":false},"product_brand":[818],"product_cat":[5167],"product_tag":[],"class_list":{"0":"post-21964","1":"product","2":"type-product","3":"status-publish","4":"has-post-thumbnail","6":"product_brand-vitcas","7":"product_cat-picas-krasnis","8":"product_shipping_class-bezmaksas","9":"tm-no-options","11":"first","12":"instock","13":"taxable","14":"shipping-taxable","15":"purchasable","16":"product-type-simple"},"acf":[],"_links":{"self":[{"href":"https:\/\/calor.ee\/lv\/wp-json\/wp\/v2\/product\/21964","targetHints":{"allow":["GET"]}}],"collection":[{"href":"https:\/\/calor.ee\/lv\/wp-json\/wp\/v2\/product"}],"about":[{"href":"https:\/\/calor.ee\/lv\/wp-json\/wp\/v2\/types\/product"}],"replies":[{"embeddable":true,"href":"https:\/\/calor.ee\/lv\/wp-json\/wp\/v2\/comments?post=21964"}],"wp:featuredmedia":[{"embeddable":true,"href":"https:\/\/calor.ee\/lv\/wp-json\/wp\/v2\/media\/21965"}],"wp:attachment":[{"href":"https:\/\/calor.ee\/lv\/wp-json\/wp\/v2\/media?parent=21964"}],"wp:term":[{"taxonomy":"product_brand","embeddable":true,"href":"https:\/\/calor.ee\/lv\/wp-json\/wp\/v2\/product_brand?post=21964"},{"taxonomy":"product_cat","embeddable":true,"href":"https:\/\/calor.ee\/lv\/wp-json\/wp\/v2\/product_cat?post=21964"},{"taxonomy":"product_tag","embeddable":true,"href":"https:\/\/calor.ee\/lv\/wp-json\/wp\/v2\/product_tag?post=21964"}],"curies":[{"name":"wp","href":"https:\/\/api.w.org\/{rel}","templated":true}]}}