{"id":21961,"date":"2024-05-27T14:40:25","date_gmt":"2024-05-27T12:40:25","guid":{"rendered":"https:\/\/calor.ee\/picas-krasns-vitcas-pompeii-140\/"},"modified":"2024-05-27T14:40:25","modified_gmt":"2024-05-27T12:40:25","slug":"picas-krasns-vitcas-pompeii-140","status":"publish","type":"product","link":"https:\/\/calor.ee\/lv\/picas-krasns-vitcas-pompeii-140\/","title":{"rendered":"Picas kr\u0101sns Vitcas Pompeii 140"},"content":{"rendered":"<p>Komplekt\u0101 ietilpst 11 picas kr\u0101sns elementi, 2 t\u016bbi\u0146as karstumiztur\u012bga silikona, \u010duguna durvis ar karstumiztur\u012bgu stiklu, durvju termometrs (ar r\u0101d\u012bjumu l\u012bdz 500\u00b0C), ner\u016bs\u0113jo\u0161\u0101 t\u0113rauda d\u016bmvada caurule ar aizb\u012bdni un skurste\u0146a cepuri, k\u0101 ar\u012b 5 kg \u0101r\u0113jai lieto\u0161anai paredz\u0113ta kr\u0101sns apmetuma mais\u012bjuma.<\/p>\n<p>Komplekt\u0101 nav iek\u013cauta picas kr\u0101sns pamatnes apak\u0161\u0113j\u0101 konstrukcijas da\u013ca \u2014 to iesp\u0113jams izb\u016bv\u0113t atbilsto\u0161i individu\u0101laj\u0101m v\u0113lm\u0113m. Galvenais, lai picas kr\u0101sns pamatne b\u016btu piln\u012bb\u0101 un dro\u0161i balst\u012bta. <\/p>\n<p>Ja v\u0113laties picas kr\u0101sni izmantot ne tikai picu gatavo\u0161anai, bet ar\u012b citu gardumu l\u0113nai cep\u0161anai, nakts cep\u0161anai vai \u0113diena gatavo\u0161anai n\u0101kamaj\u0101 dien\u0101, izmantojot atliku\u0161\u0101 siltuma ener\u0123iju, tad picas kr\u0101sns siltumnotur\u012bbu ir iesp\u0113jams v\u0113l vair\u0101k uzlabot. \u0160im nol\u016bkam var papildus pas\u016bt\u012bt keramikas \u0161\u0137iedras segu (7 metri), 2 t\u016bbi\u0146as keramikas \u0161\u0137iedras l\u012bmes, arm\u0113jo\u0161o sietu un 2 \u00d7 20 kg \u0101r\u0113jai lieto\u0161anai paredz\u0113tu kr\u0101sns apmetuma mais\u012bjumu. Papildu siltin\u0101\u0161anu ieteicams veikt p\u0113c picas kr\u0101sns pirm\u0101s vai otr\u0101s kurin\u0101\u0161anas. Papildu siltin\u0101\u0161anai keramikas \u0161\u0137iedras segu ar speci\u0101lu l\u012bmi piestiprina pie picas kr\u0101sns \u0101r\u0113j\u0101s virsmas. P\u0113c tam uzkl\u0101j arm\u0113jo\u0161o sietu, un visa kr\u0101sns tiek apmesta ar \u0101r\u0113jai lieto\u0161anai paredz\u0113tu kr\u0101sns apmetuma mais\u012bjumu, nodro\u0161inot mitrumiztur\u012bgu apdari.    <\/p>\n<p>Uzst\u0101dot telp\u0101s, picas kr\u0101snij ir nepiecie\u0161ams piesl\u0113gums skurstenim.<\/p>\n<p><iframe loading=\"lazy\" title=\"Outdoor Pizza Oven Construction - Vitcas Pompeii Wood-Fired Oven\" width=\"1020\" height=\"574\" src=\"https:\/\/www.youtube.com\/embed\/W_sf1C5zVQ4?feature=oembed\" frameborder=\"0\" allow=\"accelerometer; autoplay; clipboard-write; encrypted-media; gyroscope; picture-in-picture; web-share\" referrerpolicy=\"strict-origin-when-cross-origin\" allowfullscreen><\/iframe><\/p>\n<p>&nbsp;<\/p>\n","protected":false},"excerpt":{"rendered":"<p>Tradicion\u0101l\u0101 kupolveida malkas <strong>picas kr\u0101sns Vitcas Pompeii 140<\/strong> ir lieliski piem\u0113rota lieto\u0161anai gan iek\u0161telp\u0101s, gan \u0101rpus telp\u0101m. \u0160\u012b picas kr\u0101sns vienlaikus var pagatavot pat 6\u20137 picas, t\u0101p\u0113c t\u0101 ir ide\u0101li piem\u0113rota izmanto\u0161anai \u0113din\u0101\u0161anas iest\u0101d\u0113s komerci\u0101liem nol\u016bkiem, pied\u0101v\u0101jot klientiem augst\u0101k\u0101s klases gar\u0161as baud\u012bjumu. <\/p>\n<p>Vitcas Pompeii 140 picas kr\u0101sn\u012b ir vienm\u0113r\u012bgs temperat\u016bras sadal\u012bjums, kas \u013cauj pagatavot autentiskas gar\u0161as picu tikai da\u017eu min\u016b\u0161u laik\u0101. Papildus pic\u0101m \u0161\u012b picas kr\u0101sns \u013cauj gatavot ar\u012b citus gardus \u0113dienus, piem\u0113ram, maizi, ga\u013cu, zivis, ceptus d\u0101rze\u0146us, sacepumus, k\u016bkas u.c., izmantojot da\u017e\u0101dus karstuma cikla posmus. <\/p>\n<p>\u0160\u012b ekonomisk\u0101 un videi draudz\u012bg\u0101 picas kr\u0101sns ir izgatavota no Apvienotaj\u0101 Karalist\u0113 ra\u017eota augstas kvalit\u0101tes ugunsiztur\u012bga materi\u0101la. Pateicoties gatavajiem elementiem, to ir viegli salikt, vienlaikus saglab\u0101jot ar rok\u0101m darin\u0101tas picas kr\u0101sns iespaidu. Lai main\u012btu dizainu, picas kr\u0101snij iesp\u0113jams pievienot ar\u012b citus komponentus, piem\u0113ram, dekorat\u012bvos \u0137ie\u0123e\u013cus vai fl\u012bzes, k\u0101 ar\u012b nokr\u0101sot to jebkur\u0101 v\u0113lamaj\u0101 kr\u0101s\u0101. Picas kr\u0101sni iesp\u0113jams apdarin\u0101t t\u0101, lai t\u0101 ide\u0101li piel\u0101gotos tie\u0161i j\u016bsu d\u0101rzam.   <\/p>\n","protected":false},"featured_media":21962,"comment_status":"closed","ping_status":"closed","template":"","meta":{"_acf_changed":false},"product_brand":[5526],"product_cat":[5167],"product_tag":[],"class_list":{"0":"post-21961","1":"product","2":"type-product","3":"status-publish","4":"has-post-thumbnail","6":"product_brand-vitcas","7":"product_cat-picas-krasnis","8":"product_shipping_class-bezmaksas","9":"tm-no-options","11":"first","12":"instock","13":"taxable","14":"shipping-taxable","15":"purchasable","16":"product-type-simple"},"acf":[],"_links":{"self":[{"href":"https:\/\/calor.ee\/lv\/wp-json\/wp\/v2\/product\/21961","targetHints":{"allow":["GET"]}}],"collection":[{"href":"https:\/\/calor.ee\/lv\/wp-json\/wp\/v2\/product"}],"about":[{"href":"https:\/\/calor.ee\/lv\/wp-json\/wp\/v2\/types\/product"}],"replies":[{"embeddable":true,"href":"https:\/\/calor.ee\/lv\/wp-json\/wp\/v2\/comments?post=21961"}],"wp:featuredmedia":[{"embeddable":true,"href":"https:\/\/calor.ee\/lv\/wp-json\/wp\/v2\/media\/21962"}],"wp:attachment":[{"href":"https:\/\/calor.ee\/lv\/wp-json\/wp\/v2\/media?parent=21961"}],"wp:term":[{"taxonomy":"product_brand","embeddable":true,"href":"https:\/\/calor.ee\/lv\/wp-json\/wp\/v2\/product_brand?post=21961"},{"taxonomy":"product_cat","embeddable":true,"href":"https:\/\/calor.ee\/lv\/wp-json\/wp\/v2\/product_cat?post=21961"},{"taxonomy":"product_tag","embeddable":true,"href":"https:\/\/calor.ee\/lv\/wp-json\/wp\/v2\/product_tag?post=21961"}],"curies":[{"name":"wp","href":"https:\/\/api.w.org\/{rel}","templated":true}]}}