{"id":21940,"date":"2024-05-27T13:28:52","date_gmt":"2024-05-27T11:28:52","guid":{"rendered":"https:\/\/calor.ee\/picas-krasns-vitcas-double-casa\/"},"modified":"2024-05-27T13:28:52","modified_gmt":"2024-05-27T11:28:52","slug":"picas-krasns-vitcas-double-casa","status":"publish","type":"product","link":"https:\/\/calor.ee\/lv\/picas-krasns-vitcas-double-casa\/","title":{"rendered":"Picas kr\u0101sns Vitcas Double Casa"},"content":{"rendered":"<p>Komplekt\u0101 ietilpst 11 picas kr\u0101sns elementi, 1 t\u016bbi karstumiztur\u012bga silikona, met\u0101la kr\u0101sns durvis ar termometru un ner\u016bs\u0113jo\u0161\u0101 t\u0113rauda d\u016bmvada caurule ar aizb\u012bdni un skurste\u0146a cepuri.<\/p>\n<p>Komplekt\u0101 nav iek\u013cauta picas kr\u0101sns pamatnes apak\u0161\u0113j\u0101 konstrukcijas da\u013ca \u2014 to iesp\u0113jams izb\u016bv\u0113t atbilsto\u0161i individu\u0101laj\u0101m v\u0113lm\u0113m. Galvenais, lai picas kr\u0101sns pamatne b\u016btu piln\u012bb\u0101 un dro\u0161i balst\u012bta. <\/p>\n<p>Ja papildus picas cep\u0161anai v\u0113laties picas kr\u0101sni izmantot ar\u012b citu gardumu l\u0113nai gatavo\u0161anai, ir iesp\u0113jams v\u0113l vair\u0101k uzlabot picas kr\u0101sns siltuma notur\u012bbu. \u0160im nol\u016bkam var papildus pas\u016bt\u012bt keramikas \u0161\u0137iedras segu (7 metri), 2 t\u016bbi\u0146as keramikas \u0161\u0137iedras l\u012bmes, arm\u0113jo\u0161o sietu un 2 \u00d7 20 kg \u0101r\u0113jai lieto\u0161anai paredz\u0113tu kr\u0101sns apmetuma mais\u012bjumu. Papildu siltin\u0101\u0161anu ieteicams veikt p\u0113c picas kr\u0101sns pirm\u0101s vai otr\u0101s kurin\u0101\u0161anas. Papildu siltin\u0101\u0161anai keramikas \u0161\u0137iedras segu ar speci\u0101lu l\u012bmi piestiprina pie picas kr\u0101sns \u0101r\u0113j\u0101s virsmas. P\u0113c tam uzkl\u0101j arm\u0113jo\u0161o sietu, un visa kr\u0101sns tiek apmesta ar \u0101r\u0113jai lieto\u0161anai paredz\u0113tu kr\u0101sns apmetuma mais\u012bjumu, nodro\u0161inot mitrumiztur\u012bgu apdari.    <\/p>\n<p><iframe loading=\"lazy\" title=\"Outdoor Pizza Oven DIY - VITCAS Double Casa Pizza Oven\" width=\"1020\" height=\"574\" src=\"https:\/\/www.youtube.com\/embed\/3bmrlKEE2Vs?feature=oembed\" frameborder=\"0\" allow=\"accelerometer; autoplay; clipboard-write; encrypted-media; gyroscope; picture-in-picture; web-share\" referrerpolicy=\"strict-origin-when-cross-origin\" allowfullscreen><\/iframe><\/p>\n<p>&nbsp;<\/p>\n","protected":false},"excerpt":{"rendered":"<p>Ar malku kurin\u0101m\u0101 <strong>picas kr\u0101sns Vitcas Double Casa<\/strong> ir lieliska izv\u0113le liel\u0101kiem d\u0101rziem gardu picu pagatavo\u0161anai. \u0160\u012b no augstas kvalit\u0101tes ugunsiztur\u012bga materi\u0101la ar rok\u0101m liet\u0101 picas kr\u0101sns ir viegli saliekama un t\u0101s uzst\u0101d\u012b\u0161ana neprasa p\u0101rm\u0113r\u012bgi daudz laika. Neviens no elementiem nesver vair\u0101k par 25 kg, tie savstarp\u0113ji prec\u012bzi sader, un starp elementiem nepiecie\u0161ams izmantot tikai komplekt\u0101 iek\u013cauto karstumiztur\u012bgo silikonu.  <\/p>\n<p>\u0160aj\u0101 picas kr\u0101sn\u012b vienlaikus iesp\u0113jams pagatavot 3\u20134 picas, t\u0101p\u0113c t\u0101 ir ide\u0101li piem\u0113rota kop\u0101 b\u016b\u0161anai ar \u0123imeni un draugiem, k\u0101 ar\u012b gardas picas baud\u012b\u0161anai. Pateicoties liel\u0101kajiem izm\u0113riem, \u0161o picas kr\u0101sni iesp\u0113jams izmantot ar\u012b komerci\u0101liem m\u0113r\u0137iem \u0113din\u0101\u0161anas iest\u0101d\u0113s, pied\u0101v\u0101jot saviem klientiem izcilas gar\u0161as baud\u012bjumu. <\/p>\n<p>Vitcas Double Casa picas kr\u0101sn\u012b ir vienm\u0113r\u012bgs temperat\u016bras sadal\u012bjums, kas \u013cauj pagatavot autentiskas gar\u0161as picu tikai da\u017eu min\u016b\u0161u laik\u0101. Papildus pic\u0101m \u0161\u012b picas kr\u0101sns \u013cauj gatavot ar\u012b citus gardus \u0113dienus, piem\u0113ram, maizi, ga\u013cu, zivis, ceptus d\u0101rze\u0146us, sacepumus, k\u016bkas u.c., izmantojot da\u017e\u0101dus karstuma cikla posmus. <\/p>\n<p>Lai main\u012btu dizainu, picas kr\u0101snij iesp\u0113jams pievienot ar\u012b citus komponentus, piem\u0113ram, dekorat\u012bvos \u0137ie\u0123e\u013cus vai fl\u012bzes, k\u0101 ar\u012b nokr\u0101sot to jebkur\u0101 v\u0113lamaj\u0101 kr\u0101s\u0101. Picas kr\u0101sni iesp\u0113jams apdarin\u0101t t\u0101, lai t\u0101 piel\u0101gotos tie\u0161i j\u016bsu d\u0101rzam vai interjeram. <\/p>\n","protected":false},"featured_media":21941,"comment_status":"closed","ping_status":"closed","template":"","meta":{"_acf_changed":false},"product_brand":[5526],"product_cat":[5167],"product_tag":[],"class_list":{"0":"post-21940","1":"product","2":"type-product","3":"status-publish","4":"has-post-thumbnail","6":"product_brand-vitcas","7":"product_cat-picas-krasnis","8":"product_shipping_class-bezmaksas","9":"tm-no-options","11":"first","12":"instock","13":"taxable","14":"shipping-taxable","15":"product-type-simple"},"acf":[],"_links":{"self":[{"href":"https:\/\/calor.ee\/lv\/wp-json\/wp\/v2\/product\/21940","targetHints":{"allow":["GET"]}}],"collection":[{"href":"https:\/\/calor.ee\/lv\/wp-json\/wp\/v2\/product"}],"about":[{"href":"https:\/\/calor.ee\/lv\/wp-json\/wp\/v2\/types\/product"}],"replies":[{"embeddable":true,"href":"https:\/\/calor.ee\/lv\/wp-json\/wp\/v2\/comments?post=21940"}],"wp:featuredmedia":[{"embeddable":true,"href":"https:\/\/calor.ee\/lv\/wp-json\/wp\/v2\/media\/21941"}],"wp:attachment":[{"href":"https:\/\/calor.ee\/lv\/wp-json\/wp\/v2\/media?parent=21940"}],"wp:term":[{"taxonomy":"product_brand","embeddable":true,"href":"https:\/\/calor.ee\/lv\/wp-json\/wp\/v2\/product_brand?post=21940"},{"taxonomy":"product_cat","embeddable":true,"href":"https:\/\/calor.ee\/lv\/wp-json\/wp\/v2\/product_cat?post=21940"},{"taxonomy":"product_tag","embeddable":true,"href":"https:\/\/calor.ee\/lv\/wp-json\/wp\/v2\/product_tag?post=21940"}],"curies":[{"name":"wp","href":"https:\/\/api.w.org\/{rel}","templated":true}]}}