{"id":21925,"date":"2026-02-06T11:25:01","date_gmt":"2026-02-06T09:25:01","guid":{"rendered":"https:\/\/calor.ee\/?post_type=product&#038;p=21925"},"modified":"2026-02-06T12:29:05","modified_gmt":"2026-02-06T10:29:05","slug":"pirts-akmeni-huum-diametra-5-10-cm-15-kg-kopeeri","status":"publish","type":"product","link":"https:\/\/calor.ee\/lv\/pirts-akmeni-huum-diametra-5-10-cm-15-kg-kopeeri\/","title":{"rendered":"Gabro-diab\u0101za pirts akme\u0146i (20 kg)"},"content":{"rendered":"<p>Pirts akme\u0146u kr\u0101sa var nedaudz at\u0161\u0137irties starp partij\u0101m, t\u0101p\u0113c iesak\u0101m ieg\u0101d\u0101ties pietiekamu akme\u0146u daudzumu uzreiz, jo, pas\u016btot papildus v\u0113l\u0101k, akme\u0146i var neatbilst tie\u0161i tam pa\u0161am tonim.<\/p>\n","protected":false},"excerpt":{"rendered":"<p>Gabro-diab\u0101za pirts akme\u0146i ir piem\u0113roti lieto\u0161anai vis\u0101m elektriskaj\u0101m un malkas pirts kr\u0101sn\u012bm. Tie ir iztur\u012bgi un labi uzkr\u0101j siltumu.  \u016adens efekt\u012bvi iztvaiko no akme\u0146u \u0161\u0137eluma virsm\u0101m, nodro\u0161inot pat\u012bkamu un bag\u0101t\u012bgu tvaiku. Pateicoties to st\u016brainajai formai, akme\u0146us ir \u0113rti ievietot pirts kr\u0101sn\u012b.<\/p>\n<p>Atkar\u012bb\u0101 no izv\u0113l\u0113t\u0101s pirts kr\u0101sns un t\u0101s akme\u0146u ietilp\u012bbas, tiek komplekt\u0113ti un nos\u016bt\u012bti tie\u0161i t\u0101da diametra pirts akme\u0146i, kas ir vispiem\u0113rot\u0101kie konkr\u0113tajai kr\u0101snij.<\/p>\n","protected":false},"featured_media":21928,"comment_status":"closed","ping_status":"closed","template":"","meta":{"_acf_changed":false},"product_brand":[],"product_cat":[5133],"product_tag":[],"class_list":{"0":"post-21925","1":"product","2":"type-product","3":"status-publish","4":"has-post-thumbnail","6":"product_cat-pirts-akmeni","7":"product_shipping_class-huum-palete","8":"tm-no-options","10":"first","11":"instock","12":"taxable","13":"shipping-taxable","14":"purchasable","15":"product-type-simple"},"acf":[],"_links":{"self":[{"href":"https:\/\/calor.ee\/lv\/wp-json\/wp\/v2\/product\/21925","targetHints":{"allow":["GET"]}}],"collection":[{"href":"https:\/\/calor.ee\/lv\/wp-json\/wp\/v2\/product"}],"about":[{"href":"https:\/\/calor.ee\/lv\/wp-json\/wp\/v2\/types\/product"}],"replies":[{"embeddable":true,"href":"https:\/\/calor.ee\/lv\/wp-json\/wp\/v2\/comments?post=21925"}],"wp:featuredmedia":[{"embeddable":true,"href":"https:\/\/calor.ee\/lv\/wp-json\/wp\/v2\/media\/21928"}],"wp:attachment":[{"href":"https:\/\/calor.ee\/lv\/wp-json\/wp\/v2\/media?parent=21925"}],"wp:term":[{"taxonomy":"product_brand","embeddable":true,"href":"https:\/\/calor.ee\/lv\/wp-json\/wp\/v2\/product_brand?post=21925"},{"taxonomy":"product_cat","embeddable":true,"href":"https:\/\/calor.ee\/lv\/wp-json\/wp\/v2\/product_cat?post=21925"},{"taxonomy":"product_tag","embeddable":true,"href":"https:\/\/calor.ee\/lv\/wp-json\/wp\/v2\/product_tag?post=21925"}],"curies":[{"name":"wp","href":"https:\/\/api.w.org\/{rel}","templated":true}]}}