{"id":21913,"date":"2020-10-28T15:08:01","date_gmt":"2020-10-28T13:08:01","guid":{"rendered":"https:\/\/calor.ee\/pirts-akmeni-huum-ar-diametru-5-10-cm-15-kg\/"},"modified":"2026-02-02T15:20:44","modified_gmt":"2026-02-02T13:20:44","slug":"pirts-akmeni-huum-ar-diametru-3-5-cm-15-kg","status":"publish","type":"product","link":"https:\/\/calor.ee\/lv\/pirts-akmeni-huum-ar-diametru-3-5-cm-15-kg\/","title":{"rendered":"Pirts akme\u0146i HUUM ar diametru 3\u20135 cm (15 kg)"},"content":{"rendered":"<p>Pirts akme\u0146u kr\u0101sa var nedaudz at\u0161\u0137irties starp partij\u0101m, t\u0101p\u0113c iesak\u0101m ieg\u0101d\u0101ties pietiekamu akme\u0146u daudzumu uzreiz, jo, pas\u016btot papildus v\u0113l\u0101k, akme\u0146i var neatbilst tie\u0161i tam pa\u0161am tonim.<\/p>\n","protected":false},"excerpt":{"rendered":"<p>HUUM apa\u013cie oliv\u012bndiab\u0101za pirts akme\u0146i ar diametru 3\u20135 cm ir piem\u0113roti lieto\u0161anai vis\u0101s elektriskaj\u0101s un malkas pirts kr\u0101sn\u012bs. Tie ir iztur\u012bgi pirts akme\u0146i ar lielu siltuma akumul\u0101cijas sp\u0113ju.<\/p>\n<p>Pirts akme\u0146us ir v\u0113rts izv\u0113l\u0113ties p\u0101rdom\u0101ti, jo akme\u0146u izm\u0113rs, forma, pat sast\u0101vs un izvietojums b\u016btiski ietekm\u0113 pirts tvaiku. M\u0113s iesak\u0101m pirts kr\u0101sn\u012b izmantot tie\u0161i \u0161\u0101dus apa\u013cus pirts akme\u0146us, jo tie nodro\u0161ina maig\u0101ku tvaiku. Pateicoties akme\u0146u apa\u013cajai formai, \u016bdens ies\u016bcas akme\u0146u sl\u0101\u0146os un iztvaiko pak\u0101peniski, nevis uzreiz no aug\u0161\u0113j\u0101s k\u0101rtas.<\/p>\n<p>\u012apa\u0161i svar\u012bgi ir r\u016bp\u012bgi izv\u0113l\u0113ties pirts akme\u0146us kr\u0101sn\u012bm, kur akme\u0146i ir labi redzami. \u0160\u0101dos gad\u012bjumos ieteicams kombin\u0113t maz\u0101ka un liel\u0101ka diametra pirts akme\u0146us, lai starp tiem neveidotos lielas tuk\u0161as spraugas.<\/p>\n","protected":false},"featured_media":21914,"comment_status":"closed","ping_status":"closed","template":"","meta":{"_acf_changed":false},"product_brand":[76],"product_cat":[5133],"product_tag":[],"class_list":{"0":"post-21913","1":"product","2":"type-product","3":"status-publish","4":"has-post-thumbnail","6":"product_brand-huum","7":"product_cat-pirts-akmeni","8":"product_shipping_class-huum-palete","9":"tm-no-options","11":"first","12":"instock","13":"sale","14":"taxable","15":"shipping-taxable","16":"purchasable","17":"product-type-simple"},"acf":[],"_links":{"self":[{"href":"https:\/\/calor.ee\/lv\/wp-json\/wp\/v2\/product\/21913","targetHints":{"allow":["GET"]}}],"collection":[{"href":"https:\/\/calor.ee\/lv\/wp-json\/wp\/v2\/product"}],"about":[{"href":"https:\/\/calor.ee\/lv\/wp-json\/wp\/v2\/types\/product"}],"replies":[{"embeddable":true,"href":"https:\/\/calor.ee\/lv\/wp-json\/wp\/v2\/comments?post=21913"}],"wp:featuredmedia":[{"embeddable":true,"href":"https:\/\/calor.ee\/lv\/wp-json\/wp\/v2\/media\/21914"}],"wp:attachment":[{"href":"https:\/\/calor.ee\/lv\/wp-json\/wp\/v2\/media?parent=21913"}],"wp:term":[{"taxonomy":"product_brand","embeddable":true,"href":"https:\/\/calor.ee\/lv\/wp-json\/wp\/v2\/product_brand?post=21913"},{"taxonomy":"product_cat","embeddable":true,"href":"https:\/\/calor.ee\/lv\/wp-json\/wp\/v2\/product_cat?post=21913"},{"taxonomy":"product_tag","embeddable":true,"href":"https:\/\/calor.ee\/lv\/wp-json\/wp\/v2\/product_tag?post=21913"}],"curies":[{"name":"wp","href":"https:\/\/api.w.org\/{rel}","templated":true}]}}