{"id":21871,"date":"2025-09-04T13:50:10","date_gmt":"2025-09-04T11:50:10","guid":{"rendered":"https:\/\/calor.ee\/kamins-saven-vatra-xl-50x50-eco\/"},"modified":"2025-09-04T13:50:10","modified_gmt":"2025-09-04T11:50:10","slug":"kamins-saven-vatra-xl-50x50-eco","status":"publish","type":"product","link":"https:\/\/calor.ee\/lv\/kamins-saven-vatra-xl-50x50-eco\/","title":{"rendered":"Kam\u012bns SAVEN Vatra XL 50&#215;50 ECO"},"content":{"rendered":"","protected":false},"excerpt":{"rendered":"<p>Stil\u012bgais <strong>kam\u012bns SAVEN Vatra XL 50\u044550 ECO<\/strong> ir rad\u012bts tiem, kas nov\u0113rt\u0113 m\u016bsdien\u012bgas tehnolo\u0123ijas un laikmet\u012bgu m\u0101j\u012bgumu. T\u0101 elegantais un minim\u0101listiskais dizains lieliski iederas jebkur\u0101 interjer\u0101. <\/p>\n<p>Kam\u012bna izgatavo\u0161an\u0101 ir izmantoti tikai augst\u0101k\u0101s kvalit\u0101tes un p\u0101rbaud\u012bti materi\u0101li. \u0160is kam\u012bns ir izgatavots no kvalitat\u012bva t\u0113rauda, kas nedeform\u0113jas un iztur augstas temperat\u016bras. Kam\u012bna kurtuve ir izkl\u0101ta ar 35 mm biezu oder\u0113jumu. Dro\u0161u uguns baud\u012b\u0161anu nodro\u0161ina V\u0101cij\u0101 ra\u017eots Schott Robax karstumiztur\u012bgs un \u012bpa\u0161i iztur\u012bgs stikls, kas sp\u0113j iztur\u0113t temperat\u016bru l\u012bdz 760 \u00b0C. Kam\u012bns ir apr\u012bkots ar\u012b ar t\u012br\u0101 stikla sist\u0113mu \u2013 deg\u0161anas laik\u0101 stikla priek\u0161\u0101 veidojas gaisa aizkars, kas nov\u0113r\u0161 p\u0101rm\u0113r\u012bgu kv\u0113pu nos\u0113\u0161anos uz stikla. Apdarei izmantota videi draudz\u012bga karstumiztur\u012bga kr\u0101sa, kas kam\u012bna kurin\u0101\u0161anas laik\u0101 neizdala d\u016bmus vai smaku un ir notur\u012bga pret strauj\u0101m temperat\u016bras sv\u0101rst\u012bb\u0101m.    <\/p>\n<p>Deg\u0161anas procesu atbalsta svaig\u0101 gaisa pievada iesp\u0113jas (80 mm) gan no apak\u0161as, gan no aizmugures, nodro\u0161inot vienm\u0113r\u012bgu un kontrol\u0113tu deg\u0161anu. Ar\u012b d\u016bmvada piesl\u0113gums ir elast\u012bgs \u2013 to iesp\u0113jams pievienot gan no kam\u012bna kurtuves aug\u0161as, gan no aizmugures. Dubultais deflektors b\u016btiski palielina siltuma atdevi un padara kurin\u0101\u0161anu v\u0113l efekt\u012bv\u0101ku.  <\/p>\n<p>Liesmas intensit\u0101ti iesp\u0113jams regul\u0113t tikai ar vienu vad\u012bbas sviru, kas padara lieto\u0161anu \u012bpa\u0161i vienk\u0101r\u0161u un pat\u012bkamu. Kam\u012bna apak\u0161da\u013c\u0101 ir uzglab\u0101\u0161anas nodal\u012bjums, kur \u0113rti var glab\u0101t, piem\u0113ram, kam\u012bna piederumus.<\/p>\n<p>SAVEN Vatra XL 50&#215;50 ECO ir kas vair\u0101k nek\u0101 tikai kam\u012bns \u2013 tas ir ieguld\u012bjums m\u0101j\u012bg\u0101 noska\u0146\u0101, pat\u012bkam\u0101 m\u0101jas siltum\u0101 un uzticam\u0101 kvalit\u0101t\u0113, kas kalpos daudzus gadus.<\/p>\n<p>Degkameras iek\u0161\u0113jo apdari iesp\u0113jams piel\u0101got atbilsto\u0161i J\u016bsu vai interjera dizainera iecerei \u2013 pieejams gai\u0161s vai tum\u0161s kurtuves iek\u0161puses variants, kas izskat\u0101s \u012bpa\u0161i iespaid\u012bgi. T\u0101pat iesp\u0113jams p\u0113c izv\u0113les noteikt durvju atv\u0113r\u0161an\u0101s virzienu \u2013 pa labi vai pa kreisi. <\/p>\n","protected":false},"featured_media":21872,"comment_status":"closed","ping_status":"closed","template":"","meta":{"_acf_changed":false},"product_brand":[5549],"product_cat":[5171],"product_tag":[],"class_list":{"0":"post-21871","1":"product","2":"type-product","3":"status-publish","4":"has-post-thumbnail","6":"product_brand-saven","7":"product_cat-brivi-stavosie-kamini","8":"product_shipping_class-bezmaksas","9":"tm-no-options","11":"first","12":"instock","13":"sale","14":"taxable","15":"shipping-taxable","16":"purchasable","17":"product-type-variable","18":"has-default-attributes"},"acf":[],"_links":{"self":[{"href":"https:\/\/calor.ee\/lv\/wp-json\/wp\/v2\/product\/21871","targetHints":{"allow":["GET"]}}],"collection":[{"href":"https:\/\/calor.ee\/lv\/wp-json\/wp\/v2\/product"}],"about":[{"href":"https:\/\/calor.ee\/lv\/wp-json\/wp\/v2\/types\/product"}],"replies":[{"embeddable":true,"href":"https:\/\/calor.ee\/lv\/wp-json\/wp\/v2\/comments?post=21871"}],"wp:featuredmedia":[{"embeddable":true,"href":"https:\/\/calor.ee\/lv\/wp-json\/wp\/v2\/media\/21872"}],"wp:attachment":[{"href":"https:\/\/calor.ee\/lv\/wp-json\/wp\/v2\/media?parent=21871"}],"wp:term":[{"taxonomy":"product_brand","embeddable":true,"href":"https:\/\/calor.ee\/lv\/wp-json\/wp\/v2\/product_brand?post=21871"},{"taxonomy":"product_cat","embeddable":true,"href":"https:\/\/calor.ee\/lv\/wp-json\/wp\/v2\/product_cat?post=21871"},{"taxonomy":"product_tag","embeddable":true,"href":"https:\/\/calor.ee\/lv\/wp-json\/wp\/v2\/product_tag?post=21871"}],"curies":[{"name":"wp","href":"https:\/\/api.w.org\/{rel}","templated":true}]}}