{"id":21812,"date":"2024-06-07T15:54:34","date_gmt":"2024-06-07T13:54:34","guid":{"rendered":"https:\/\/calor.ee\/kamins-ember-m3-fg\/"},"modified":"2024-06-07T15:54:34","modified_gmt":"2024-06-07T13:54:34","slug":"kamins-ember-m3-fg","status":"publish","type":"product","link":"https:\/\/calor.ee\/lv\/kamins-ember-m3-fg\/","title":{"rendered":"Kam\u012bns Ember M3 FG"},"content":{"rendered":"<p>Komplekts ietver piln\u012bb\u0101 nokomplekt\u0113tu centr\u0101lapkures kam\u012bnu. Kam\u012bnam ir nepiecie\u0161ams piesl\u0113gums d\u016bmvadam (piesl\u0113gums no aizmugures).<\/p>\n","protected":false},"excerpt":{"rendered":"<p>Stil\u012bga dizaina <strong>kam\u012bns Ember M3 FG<\/strong> ir ide\u0101ls risin\u0101jums ikvienam, kur\u0161 v\u0113las baud\u012bt m\u0101j\u012bgu siltumu un dz\u012bvu uguni.<\/p>\n<p>Kam\u012bna izgatavo\u0161an\u0101 ir izmantoti tikai augstas kvalit\u0101tes materi\u0101li un jaun\u0101k\u0101s tehnolo\u0123ijas. Rokturi un gaisa regulatori ir izgatavoti no ner\u016bs\u0113jo\u0161\u0101 t\u0113rauda, kas nep\u0101rkarst. <\/p>\n<p>Kam\u012bnam Ember M3 FG ir ieb\u016bv\u0113ta \u0101r\u0113j\u0101 gaisa pievada iesp\u0113ja, kas nodro\u0161ina svaiga gaisa padevi tie\u0161i kurtuv\u0113 un l\u012bdz ar to uzlabo deg\u0161anas procesu. Kam\u012bnam ir augsta lietder\u012bbas pak\u0101pe un t\u012bra deg\u0161ana, un tas atbilst visstingr\u0101kajiem Eiropas standartiem, tostarp BImSchV 2 un 15a B-VG. Kam\u012bnu iesp\u0113jams piesl\u0113gt skurstenim gan no aug\u0161as, gan no aizmugures. <\/p>\n<p>Kam\u012bnam ir iesp\u0113jams papildus ieg\u0101d\u0101ties malkas tur\u0113t\u0101ju(s), kas vienlaikus kalpo gan k\u0101 praktisks elements, gan k\u0101 dizaina elements interjer\u0101.<\/p>\n","protected":false},"featured_media":21813,"comment_status":"closed","ping_status":"closed","template":"","meta":{"_acf_changed":false},"product_brand":[5544],"product_cat":[5171],"product_tag":[],"class_list":{"0":"post-21812","1":"product","2":"type-product","3":"status-publish","4":"has-post-thumbnail","6":"product_brand-ember","7":"product_cat-brivi-stavosie-kamini","8":"product_shipping_class-bezmaksas","9":"tm-has-options","11":"first","12":"instock","13":"sale","14":"taxable","15":"shipping-taxable","16":"purchasable","17":"product-type-simple"},"acf":[],"_links":{"self":[{"href":"https:\/\/calor.ee\/lv\/wp-json\/wp\/v2\/product\/21812","targetHints":{"allow":["GET"]}}],"collection":[{"href":"https:\/\/calor.ee\/lv\/wp-json\/wp\/v2\/product"}],"about":[{"href":"https:\/\/calor.ee\/lv\/wp-json\/wp\/v2\/types\/product"}],"replies":[{"embeddable":true,"href":"https:\/\/calor.ee\/lv\/wp-json\/wp\/v2\/comments?post=21812"}],"wp:featuredmedia":[{"embeddable":true,"href":"https:\/\/calor.ee\/lv\/wp-json\/wp\/v2\/media\/21813"}],"wp:attachment":[{"href":"https:\/\/calor.ee\/lv\/wp-json\/wp\/v2\/media?parent=21812"}],"wp:term":[{"taxonomy":"product_brand","embeddable":true,"href":"https:\/\/calor.ee\/lv\/wp-json\/wp\/v2\/product_brand?post=21812"},{"taxonomy":"product_cat","embeddable":true,"href":"https:\/\/calor.ee\/lv\/wp-json\/wp\/v2\/product_cat?post=21812"},{"taxonomy":"product_tag","embeddable":true,"href":"https:\/\/calor.ee\/lv\/wp-json\/wp\/v2\/product_tag?post=21812"}],"curies":[{"name":"wp","href":"https:\/\/api.w.org\/{rel}","templated":true}]}}