{"id":21750,"date":"2024-05-31T15:13:54","date_gmt":"2024-05-31T13:13:54","guid":{"rendered":"https:\/\/calor.ee\/kamins-ember-e14-fg\/"},"modified":"2024-05-31T15:13:54","modified_gmt":"2024-05-31T13:13:54","slug":"kamins-ember-e14-fg","status":"publish","type":"product","link":"https:\/\/calor.ee\/lv\/kamins-ember-e14-fg\/","title":{"rendered":"Kam\u012bns Ember E14 FG"},"content":{"rendered":"<p>Komplekts ietver piln\u012bb\u0101 nokomplekt\u0113tu centr\u0101lapkures kam\u012bnu. Kam\u012bnam ir nepiecie\u0161ams piesl\u0113gums skurstenim (piesl\u0113gums no aizmugures vai no aug\u0161as).<\/p>\n","protected":false},"excerpt":{"rendered":"<p>Modern\u0101 dizaina <strong>kam\u012bns Ember E14 FG<\/strong> ir ide\u0101ls risin\u0101jums ikvienam, kur\u0161 v\u0113las baud\u012bt m\u0101j\u012bgu siltumu un dz\u012bvu uguni. \u0160is kam\u012bns pieder Ember Exclusive s\u0113rijai, kas at\u0161\u0137ir\u012bb\u0101 no cit\u0101m s\u0113rij\u0101m ir apr\u012bkota ar liel\u0101m pilnstikla durv\u012bm, pievilc\u012bgu ner\u016bs\u0113jo\u0161\u0101 t\u0113rauda rokturi un 8 mm biezu t\u0113rauda aug\u0161\u0113jo pl\u0101ksni. Kam\u012bna lielais izliektais stikls nodro\u0161ina lielisku iesp\u0113ju baud\u012bt liesmu sp\u0113li gan vienatn\u0113, gan kop\u0101 ar \u0123imeni vai draugiem.  <\/p>\n<p>Kam\u012bna izgatavo\u0161an\u0101 ir izmantoti tikai augstas kvalit\u0101tes materi\u0101li un jaun\u0101k\u0101s tehnolo\u0123ijas. Rokturi un gaisa regulatori ir izgatavoti no ner\u016bs\u0113jo\u0161\u0101 t\u0113rauda, kas nep\u0101rkarst. <\/p>\n<p>Ember Ember E14 FG ir ieb\u016bv\u0113ta \u0101r\u0113j\u0101 gaisa pievada iesp\u0113ja, kas nodro\u0161ina svaiga gaisa padevi tie\u0161i kurtuv\u0113 un l\u012bdz ar to uzlabo deg\u0161anas procesu. Kam\u012bnam ir augsta lietder\u012bbas pak\u0101pe un t\u012bra deg\u0161ana, un tas atbilst visstingr\u0101kajiem Eiropas standartiem, tostarp BImSchV 2 un 15a B-VG. Kam\u012bnu iesp\u0113jams piesl\u0113gt skurstenim gan no aug\u0161as, gan no aizmugures.  <\/p>\n<p>Atbilsto\u0161i person\u012bgaj\u0101m v\u0113lm\u0113m iesp\u0113jams izv\u0113l\u0113ties kam\u012bnu vai nu piln\u012bb\u0101 meln\u0101 kr\u0101s\u0101, vai ar\u012b meln\u0101 kr\u0101s\u0101 kombin\u0101cij\u0101 ar serpent\u012bna vai ka\u013c\u0137akmens s\u0101nu pane\u013ciem.<\/p>\n","protected":false},"featured_media":21751,"comment_status":"closed","ping_status":"closed","template":"","meta":{"_acf_changed":false},"product_brand":[5544],"product_cat":[5171],"product_tag":[],"class_list":{"0":"post-21750","1":"product","2":"type-product","3":"status-publish","4":"has-post-thumbnail","6":"product_brand-ember","7":"product_cat-brivi-stavosie-kamini","8":"product_shipping_class-bezmaksas","9":"tm-no-options","11":"first","12":"instock","13":"sale","14":"taxable","15":"shipping-taxable","16":"purchasable","17":"product-type-variable","18":"has-default-attributes"},"acf":[],"_links":{"self":[{"href":"https:\/\/calor.ee\/lv\/wp-json\/wp\/v2\/product\/21750","targetHints":{"allow":["GET"]}}],"collection":[{"href":"https:\/\/calor.ee\/lv\/wp-json\/wp\/v2\/product"}],"about":[{"href":"https:\/\/calor.ee\/lv\/wp-json\/wp\/v2\/types\/product"}],"replies":[{"embeddable":true,"href":"https:\/\/calor.ee\/lv\/wp-json\/wp\/v2\/comments?post=21750"}],"wp:featuredmedia":[{"embeddable":true,"href":"https:\/\/calor.ee\/lv\/wp-json\/wp\/v2\/media\/21751"}],"wp:attachment":[{"href":"https:\/\/calor.ee\/lv\/wp-json\/wp\/v2\/media?parent=21750"}],"wp:term":[{"taxonomy":"product_brand","embeddable":true,"href":"https:\/\/calor.ee\/lv\/wp-json\/wp\/v2\/product_brand?post=21750"},{"taxonomy":"product_cat","embeddable":true,"href":"https:\/\/calor.ee\/lv\/wp-json\/wp\/v2\/product_cat?post=21750"},{"taxonomy":"product_tag","embeddable":true,"href":"https:\/\/calor.ee\/lv\/wp-json\/wp\/v2\/product_tag?post=21750"}],"curies":[{"name":"wp","href":"https:\/\/api.w.org\/{rel}","templated":true}]}}