{"id":21638,"date":"2022-09-15T13:45:32","date_gmt":"2022-09-15T11:45:32","guid":{"rendered":"https:\/\/calor.ee\/dizaina-kamins-traforart-gaia-central-enclosure\/"},"modified":"2022-09-15T13:45:32","modified_gmt":"2022-09-15T11:45:32","slug":"dizaina-kamins-traforart-gaia-central-enclosure","status":"publish","type":"product","link":"https:\/\/calor.ee\/lv\/dizaina-kamins-traforart-gaia-central-enclosure\/","title":{"rendered":"Dizaina kam\u012bns Traforart Gaia Central Enclosure"},"content":{"rendered":"","protected":false},"excerpt":{"rendered":"<div class=\"product-short-description\">\n<p><strong>Dizaina kam\u012bns Traforart Gaia Central Enclosure<\/strong> ar savu skaisto dizainu lieliski iederas jebkur\u0101 interjer\u0101 un \u013cauj baud\u012bt dz\u012bvo uguni 360 gr\u0101du le\u0146\u0137\u012b.<\/p>\n<p>Pieejams jebkur\u0101 RAL kr\u0101su ton\u012b.<\/p>\n<p>\u0160is dizaina kam\u012bns garant\u0113 pat\u012bkamus mirk\u013cus silt\u0101 un m\u0101j\u012bg\u0101 atmosf\u0113r\u0101.<\/p>\n<\/div>\n","protected":false},"featured_media":21639,"comment_status":"closed","ping_status":"closed","template":"","meta":{"_acf_changed":false},"product_brand":[5535],"product_cat":[5171,5118],"product_tag":[],"class_list":{"0":"post-21638","1":"product","2":"type-product","3":"status-publish","4":"has-post-thumbnail","6":"product_brand-traforart","7":"product_cat-brivi-stavosie-kamini","8":"product_cat-dizaina-kamini","9":"product_shipping_class-bezmaksas","10":"tm-no-options","12":"first","13":"instock","14":"taxable","15":"shipping-taxable","16":"product-type-simple"},"acf":[],"_links":{"self":[{"href":"https:\/\/calor.ee\/lv\/wp-json\/wp\/v2\/product\/21638","targetHints":{"allow":["GET"]}}],"collection":[{"href":"https:\/\/calor.ee\/lv\/wp-json\/wp\/v2\/product"}],"about":[{"href":"https:\/\/calor.ee\/lv\/wp-json\/wp\/v2\/types\/product"}],"replies":[{"embeddable":true,"href":"https:\/\/calor.ee\/lv\/wp-json\/wp\/v2\/comments?post=21638"}],"wp:featuredmedia":[{"embeddable":true,"href":"https:\/\/calor.ee\/lv\/wp-json\/wp\/v2\/media\/21639"}],"wp:attachment":[{"href":"https:\/\/calor.ee\/lv\/wp-json\/wp\/v2\/media?parent=21638"}],"wp:term":[{"taxonomy":"product_brand","embeddable":true,"href":"https:\/\/calor.ee\/lv\/wp-json\/wp\/v2\/product_brand?post=21638"},{"taxonomy":"product_cat","embeddable":true,"href":"https:\/\/calor.ee\/lv\/wp-json\/wp\/v2\/product_cat?post=21638"},{"taxonomy":"product_tag","embeddable":true,"href":"https:\/\/calor.ee\/lv\/wp-json\/wp\/v2\/product_tag?post=21638"}],"curies":[{"name":"wp","href":"https:\/\/api.w.org\/{rel}","templated":true}]}}