{"id":21629,"date":"2022-09-12T14:39:43","date_gmt":"2022-09-12T12:39:43","guid":{"rendered":"https:\/\/calor.ee\/dizaina-kamins-traforart-admeto-frontal-oblique\/"},"modified":"2022-09-12T14:39:43","modified_gmt":"2022-09-12T12:39:43","slug":"dizaina-kamins-traforart-admeto-frontal-oblique","status":"publish","type":"product","link":"https:\/\/calor.ee\/lv\/dizaina-kamins-traforart-admeto-frontal-oblique\/","title":{"rendered":"Dizaina kam\u012bns Traforart Admeto Frontal Oblique"},"content":{"rendered":"","protected":false},"excerpt":{"rendered":"<p><strong>Dizaina kam\u012bns Traforart Admeto Frontal Oblique<\/strong> \u013cauj izcelties no pel\u0113k\u0101s masas, jo tam ir ori\u0123in\u0101la diagon\u0101la d\u016bmvada caurule, kas neap\u0161aub\u0101mi piesaista visu telp\u0101 eso\u0161o uzman\u012bbu.<\/p>\n<p>\u0160is dizaina kam\u012bns garant\u0113 pat\u012bkamus mirk\u013cus silt\u0101 un m\u0101j\u012bg\u0101 atmosf\u0113r\u0101.<\/p>\n","protected":false},"featured_media":21630,"comment_status":"closed","ping_status":"closed","template":"","meta":{"_acf_changed":false},"product_brand":[5535],"product_cat":[5171,5118],"product_tag":[],"class_list":{"0":"post-21629","1":"product","2":"type-product","3":"status-publish","4":"has-post-thumbnail","6":"product_brand-traforart","7":"product_cat-brivi-stavosie-kamini","8":"product_cat-dizaina-kamini","9":"product_shipping_class-bezmaksas","10":"tm-no-options","12":"first","13":"instock","14":"taxable","15":"shipping-taxable","16":"product-type-simple"},"acf":[],"_links":{"self":[{"href":"https:\/\/calor.ee\/lv\/wp-json\/wp\/v2\/product\/21629","targetHints":{"allow":["GET"]}}],"collection":[{"href":"https:\/\/calor.ee\/lv\/wp-json\/wp\/v2\/product"}],"about":[{"href":"https:\/\/calor.ee\/lv\/wp-json\/wp\/v2\/types\/product"}],"replies":[{"embeddable":true,"href":"https:\/\/calor.ee\/lv\/wp-json\/wp\/v2\/comments?post=21629"}],"wp:featuredmedia":[{"embeddable":true,"href":"https:\/\/calor.ee\/lv\/wp-json\/wp\/v2\/media\/21630"}],"wp:attachment":[{"href":"https:\/\/calor.ee\/lv\/wp-json\/wp\/v2\/media?parent=21629"}],"wp:term":[{"taxonomy":"product_brand","embeddable":true,"href":"https:\/\/calor.ee\/lv\/wp-json\/wp\/v2\/product_brand?post=21629"},{"taxonomy":"product_cat","embeddable":true,"href":"https:\/\/calor.ee\/lv\/wp-json\/wp\/v2\/product_cat?post=21629"},{"taxonomy":"product_tag","embeddable":true,"href":"https:\/\/calor.ee\/lv\/wp-json\/wp\/v2\/product_tag?post=21629"}],"curies":[{"name":"wp","href":"https:\/\/api.w.org\/{rel}","templated":true}]}}