{"id":21618,"date":"2022-09-08T15:45:18","date_gmt":"2022-09-08T13:45:18","guid":{"rendered":"https:\/\/calor.ee\/dizaina-kamins-traforart-fancy-central-enclosure\/"},"modified":"2022-09-08T15:45:18","modified_gmt":"2022-09-08T13:45:18","slug":"dizaina-kamins-traforart-fancy-central-enclosure","status":"publish","type":"product","link":"https:\/\/calor.ee\/lv\/dizaina-kamins-traforart-fancy-central-enclosure\/","title":{"rendered":"Dizaina kam\u012bns Traforart Fancy Central Enclosure"},"content":{"rendered":"","protected":false},"excerpt":{"rendered":"<div class=\"product-short-description\">\n<p><strong>Dizaina kam\u012bns Traforart Fancy Central Enclosure<\/strong> ir \u012bsts m\u0101kslas darbs, kas neatst\u0101j vienaldz\u012bgu pat vispras\u012bg\u0101ko dizaina cien\u012bt\u0101ju. Tas ir pie griestiem piekarin\u0101ms dizaina kam\u012bns, kas ar savu skaisto dizainu lieliski iederas jebkur\u0101 interjer\u0101. <\/p>\n<p>\u0160is dizaina kam\u012bns garant\u0113 pat\u012bkamus mirk\u013cus silt\u0101 un m\u0101j\u012bg\u0101 atmosf\u0113r\u0101.<\/p>\n<\/div>\n","protected":false},"featured_media":21621,"comment_status":"closed","ping_status":"closed","template":"","meta":{"_acf_changed":false},"product_brand":[1216],"product_cat":[5171,5118],"product_tag":[],"class_list":{"0":"post-21618","1":"product","2":"type-product","3":"status-publish","4":"has-post-thumbnail","6":"product_brand-traforart","7":"product_cat-brivi-stavosie-kamini","8":"product_cat-dizaina-kamini","9":"product_shipping_class-bezmaksas","10":"tm-no-options","12":"first","13":"instock","14":"taxable","15":"shipping-taxable","16":"product-type-simple"},"acf":[],"_links":{"self":[{"href":"https:\/\/calor.ee\/lv\/wp-json\/wp\/v2\/product\/21618","targetHints":{"allow":["GET"]}}],"collection":[{"href":"https:\/\/calor.ee\/lv\/wp-json\/wp\/v2\/product"}],"about":[{"href":"https:\/\/calor.ee\/lv\/wp-json\/wp\/v2\/types\/product"}],"replies":[{"embeddable":true,"href":"https:\/\/calor.ee\/lv\/wp-json\/wp\/v2\/comments?post=21618"}],"wp:featuredmedia":[{"embeddable":true,"href":"https:\/\/calor.ee\/lv\/wp-json\/wp\/v2\/media\/21621"}],"wp:attachment":[{"href":"https:\/\/calor.ee\/lv\/wp-json\/wp\/v2\/media?parent=21618"}],"wp:term":[{"taxonomy":"product_brand","embeddable":true,"href":"https:\/\/calor.ee\/lv\/wp-json\/wp\/v2\/product_brand?post=21618"},{"taxonomy":"product_cat","embeddable":true,"href":"https:\/\/calor.ee\/lv\/wp-json\/wp\/v2\/product_cat?post=21618"},{"taxonomy":"product_tag","embeddable":true,"href":"https:\/\/calor.ee\/lv\/wp-json\/wp\/v2\/product_tag?post=21618"}],"curies":[{"name":"wp","href":"https:\/\/api.w.org\/{rel}","templated":true}]}}