{"id":21612,"date":"2022-09-08T14:41:13","date_gmt":"2022-09-08T12:41:13","guid":{"rendered":"https:\/\/calor.ee\/dizaina-kamins-traforart-doria-central-single-side\/"},"modified":"2022-09-08T14:41:13","modified_gmt":"2022-09-08T12:41:13","slug":"dizaina-kamins-traforart-doria-central-single-side","status":"publish","type":"product","link":"https:\/\/calor.ee\/lv\/dizaina-kamins-traforart-doria-central-single-side\/","title":{"rendered":"Dizaina kam\u012bns Traforart Doria Central Single Side"},"content":{"rendered":"","protected":false},"excerpt":{"rendered":"<p><strong>Dizaina kam\u012bns Traforart Doria Central Single Side<\/strong> ir \u012bsts m\u0101kslas darbs, kas neatst\u0101j vienaldz\u012bgu pat vispras\u012bg\u0101ko dizaina cien\u012bt\u0101ju. Tas ir pie griestiem piekarin\u0101ms dizaina kam\u012bns, kura elegantais, pl\u016bsto\u0161ais veidols lieliski iederas m\u016bsdien\u012bg\u0101 interjer\u0101. <\/p>\n<p>\u0160is dizaina kam\u012bns garant\u0113 pat\u012bkamus mirk\u013cus silt\u0101 un m\u0101j\u012bg\u0101 atmosf\u0113r\u0101.<\/p>\n","protected":false},"featured_media":21614,"comment_status":"closed","ping_status":"closed","template":"","meta":{"_acf_changed":false},"product_brand":[5535],"product_cat":[5171,5118],"product_tag":[],"class_list":{"0":"post-21612","1":"product","2":"type-product","3":"status-publish","4":"has-post-thumbnail","6":"product_brand-traforart","7":"product_cat-brivi-stavosie-kamini","8":"product_cat-dizaina-kamini","9":"product_shipping_class-bezmaksas","10":"tm-no-options","12":"first","13":"instock","14":"taxable","15":"shipping-taxable","16":"product-type-simple"},"acf":[],"_links":{"self":[{"href":"https:\/\/calor.ee\/lv\/wp-json\/wp\/v2\/product\/21612","targetHints":{"allow":["GET"]}}],"collection":[{"href":"https:\/\/calor.ee\/lv\/wp-json\/wp\/v2\/product"}],"about":[{"href":"https:\/\/calor.ee\/lv\/wp-json\/wp\/v2\/types\/product"}],"replies":[{"embeddable":true,"href":"https:\/\/calor.ee\/lv\/wp-json\/wp\/v2\/comments?post=21612"}],"wp:featuredmedia":[{"embeddable":true,"href":"https:\/\/calor.ee\/lv\/wp-json\/wp\/v2\/media\/21614"}],"wp:attachment":[{"href":"https:\/\/calor.ee\/lv\/wp-json\/wp\/v2\/media?parent=21612"}],"wp:term":[{"taxonomy":"product_brand","embeddable":true,"href":"https:\/\/calor.ee\/lv\/wp-json\/wp\/v2\/product_brand?post=21612"},{"taxonomy":"product_cat","embeddable":true,"href":"https:\/\/calor.ee\/lv\/wp-json\/wp\/v2\/product_cat?post=21612"},{"taxonomy":"product_tag","embeddable":true,"href":"https:\/\/calor.ee\/lv\/wp-json\/wp\/v2\/product_tag?post=21612"}],"curies":[{"name":"wp","href":"https:\/\/api.w.org\/{rel}","templated":true}]}}