{"id":21606,"date":"2022-09-08T13:31:51","date_gmt":"2022-09-08T11:31:51","guid":{"rendered":"https:\/\/calor.ee\/dizaina-kamins-traforart-arlet-high-enclosure-central\/"},"modified":"2022-09-08T13:31:51","modified_gmt":"2022-09-08T11:31:51","slug":"dizaina-kamins-traforart-arlet-high-enclosure-central","status":"publish","type":"product","link":"https:\/\/calor.ee\/lv\/dizaina-kamins-traforart-arlet-high-enclosure-central\/","title":{"rendered":"Dizaina kam\u012bns Traforart Arlet High-Enclosure Central"},"content":{"rendered":"","protected":false},"excerpt":{"rendered":"<p>Traforart Arlet High-Enclosure Central ir neliela izm\u0113ra cilindriskas formas dizaina kam\u012bns, kas lieliski piem\u0113rots maz\u0101k\u0101m telp\u0101m, vienlaikus \u013caujot baud\u012bt dz\u012bvu uguni no piln\u012bgi jebkura skatpunkta.<\/p>\n<p>P\u0113c v\u0113l\u0113\u0161an\u0101s kam\u012bna korpusu iesp\u0113jams apdarin\u0101t tie\u0161i izv\u0113l\u0113taj\u0101 RAL kataloga kr\u0101sas ton\u012b.<\/p>\n<p>\u0160is dizaina kam\u012bns garant\u0113 pat\u012bkamus mirk\u013cus silt\u0101 un m\u0101j\u012bg\u0101 atmosf\u0113r\u0101.<\/p>\n","protected":false},"featured_media":21608,"comment_status":"closed","ping_status":"closed","template":"","meta":{"_acf_changed":false},"product_brand":[1216],"product_cat":[5171,5118],"product_tag":[],"class_list":{"0":"post-21606","1":"product","2":"type-product","3":"status-publish","4":"has-post-thumbnail","6":"product_brand-traforart","7":"product_cat-brivi-stavosie-kamini","8":"product_cat-dizaina-kamini","9":"product_shipping_class-bezmaksas","10":"tm-no-options","12":"first","13":"instock","14":"taxable","15":"shipping-taxable","16":"product-type-simple"},"acf":[],"_links":{"self":[{"href":"https:\/\/calor.ee\/lv\/wp-json\/wp\/v2\/product\/21606","targetHints":{"allow":["GET"]}}],"collection":[{"href":"https:\/\/calor.ee\/lv\/wp-json\/wp\/v2\/product"}],"about":[{"href":"https:\/\/calor.ee\/lv\/wp-json\/wp\/v2\/types\/product"}],"replies":[{"embeddable":true,"href":"https:\/\/calor.ee\/lv\/wp-json\/wp\/v2\/comments?post=21606"}],"wp:featuredmedia":[{"embeddable":true,"href":"https:\/\/calor.ee\/lv\/wp-json\/wp\/v2\/media\/21608"}],"wp:attachment":[{"href":"https:\/\/calor.ee\/lv\/wp-json\/wp\/v2\/media?parent=21606"}],"wp:term":[{"taxonomy":"product_brand","embeddable":true,"href":"https:\/\/calor.ee\/lv\/wp-json\/wp\/v2\/product_brand?post=21606"},{"taxonomy":"product_cat","embeddable":true,"href":"https:\/\/calor.ee\/lv\/wp-json\/wp\/v2\/product_cat?post=21606"},{"taxonomy":"product_tag","embeddable":true,"href":"https:\/\/calor.ee\/lv\/wp-json\/wp\/v2\/product_tag?post=21606"}],"curies":[{"name":"wp","href":"https:\/\/api.w.org\/{rel}","templated":true}]}}