{"id":21575,"date":"2023-03-27T11:53:46","date_gmt":"2023-03-27T09:53:46","guid":{"rendered":"https:\/\/calor.ee\/kamins-kratki-simple-box-8-l-2\/"},"modified":"2023-03-27T11:53:46","modified_gmt":"2023-03-27T09:53:46","slug":"kamins-kratki-simple-box-8-l-2","status":"publish","type":"product","link":"https:\/\/calor.ee\/lv\/kamins-kratki-simple-box-8-l-2\/","title":{"rendered":"Kam\u012bns Kratki Simple Box 8 L"},"content":{"rendered":"<p>Komplekt\u0101 ietilpst kam\u012bna kurtuve, pamatne, t\u0113rauda \u0101r\u0113jais apvalks un uzst\u0101d\u012b\u0161anai nepiecie\u0161amie piederumi.<\/p>\n","protected":false},"excerpt":{"rendered":"<p><strong>Kam\u012bns Kratki Simple Box 8 L<\/strong> ir videi draudz\u012bgs apkures risin\u0101jums ikvienai m\u0101jai. T\u0101 minim\u0101listiskais dizains lieliski iederas jebkur\u0101 interjer\u0101 un harmoniski saskan ar telpas iek\u0101rtojuma elementiem. <\/p>\n<p>St\u016bra kam\u012bnam Kratki Simple Box 8 L ir balt\u0101 kr\u0101s\u0101 veidots t\u0113rauda \u0101r\u0113jais korpuss, kas \u0101tri s\u0101k izstarot siltumu apk\u0101rt\u0113j\u0101 telp\u0101. Kam\u012bna kurtuve ir apr\u012bkota ar stil\u012bg\u0101m, lielas stikla virsmas durv\u012bm, kas atveras uz kreiso pusi un \u013cauj baud\u012bt dz\u012bvu un m\u0101j\u012bgu uguni no div\u0101m pus\u0113m vienlaikus. <\/p>\n<p>Pateicoties m\u016bsdien\u012bgiem materi\u0101liem un inovat\u012bviem tehniskajiem risin\u0101jumiem, kam\u012bnam Kratki Simple Box 8 L ir \u013coti labi tehniskie parametri, un tas atbilst pat visstingr\u0101kajiem vides standartiem, tostarp V\u0101cijas BImSchV 2 standartam.<\/p>\n","protected":false},"featured_media":21576,"comment_status":"closed","ping_status":"closed","template":"","meta":{"_acf_changed":false},"product_brand":[5536],"product_cat":[5171],"product_tag":[],"class_list":{"0":"post-21575","1":"product","2":"type-product","3":"status-publish","4":"has-post-thumbnail","6":"product_brand-kratki","7":"product_cat-brivi-stavosie-kamini","8":"product_shipping_class-bezmaksas","9":"tm-no-options","11":"first","12":"instock","13":"taxable","14":"shipping-taxable","15":"purchasable","16":"product-type-simple"},"acf":[],"_links":{"self":[{"href":"https:\/\/calor.ee\/lv\/wp-json\/wp\/v2\/product\/21575","targetHints":{"allow":["GET"]}}],"collection":[{"href":"https:\/\/calor.ee\/lv\/wp-json\/wp\/v2\/product"}],"about":[{"href":"https:\/\/calor.ee\/lv\/wp-json\/wp\/v2\/types\/product"}],"replies":[{"embeddable":true,"href":"https:\/\/calor.ee\/lv\/wp-json\/wp\/v2\/comments?post=21575"}],"wp:featuredmedia":[{"embeddable":true,"href":"https:\/\/calor.ee\/lv\/wp-json\/wp\/v2\/media\/21576"}],"wp:attachment":[{"href":"https:\/\/calor.ee\/lv\/wp-json\/wp\/v2\/media?parent=21575"}],"wp:term":[{"taxonomy":"product_brand","embeddable":true,"href":"https:\/\/calor.ee\/lv\/wp-json\/wp\/v2\/product_brand?post=21575"},{"taxonomy":"product_cat","embeddable":true,"href":"https:\/\/calor.ee\/lv\/wp-json\/wp\/v2\/product_cat?post=21575"},{"taxonomy":"product_tag","embeddable":true,"href":"https:\/\/calor.ee\/lv\/wp-json\/wp\/v2\/product_tag?post=21575"}],"curies":[{"name":"wp","href":"https:\/\/api.w.org\/{rel}","templated":true}]}}