{"id":21501,"date":"2023-10-10T11:57:24","date_gmt":"2023-10-10T09:57:24","guid":{"rendered":"https:\/\/calor.ee\/kamins-kratki-koza-k5-sw\/"},"modified":"2023-10-10T11:57:24","modified_gmt":"2023-10-10T09:57:24","slug":"kamins-kratki-koza-k5-sw","status":"publish","type":"product","link":"https:\/\/calor.ee\/lv\/kamins-kratki-koza-k5-sw\/","title":{"rendered":"Kam\u012bns Kratki Koza K5 SW"},"content":{"rendered":"<p>Komplekt\u0101 ietilpst br\u012bvi st\u0101vo\u0161s kam\u012bns. Izv\u0113loties aizmugur\u0113jo piesl\u0113gumu, papildus ir nepiecie\u0161ams aug\u0161\u0113j\u0101s atveres p\u0101rsegs.<\/p>\n<p><iframe loading=\"lazy\" title=\"Nowy wymiar ogrzewania - piec KOZA K5 od Kratki\" width=\"1020\" height=\"574\" src=\"https:\/\/www.youtube.com\/embed\/l4N3Gz383GA?feature=oembed\" frameborder=\"0\" allow=\"accelerometer; autoplay; clipboard-write; encrypted-media; gyroscope; picture-in-picture; web-share\" referrerpolicy=\"strict-origin-when-cross-origin\" allowfullscreen><\/iframe><\/p>\n","protected":false},"excerpt":{"rendered":"<p><strong>Kam\u012bns ar malkas nodal\u012bjumu Kratki Koza K5 SW<\/strong>, neskatoties uz saviem nelielajiem izm\u0113riem, izce\u013cas ar lieliskiem termiskajiem parametriem. Kam\u012bns ir apr\u012bkots ar elegantu un \u0113rtu rokturi, kas padara t\u0101 lieto\u0161anu vienk\u0101r\u0161u un komfortablu. Deg\u0161anas intensit\u0101ti var \u0113rti regul\u0113t ar sviru, kas atrodas zem kam\u012bna durv\u012bm.  <\/p>\n<p>Kam\u012bns ir izgatavots no augstas kvalit\u0101tes t\u0113rauda, kas ir iztur\u012bgs pret augst\u0101m temperat\u016br\u0101m. Visi t\u0113rauda elementi ir izgriezti ar l\u0101zertehnolo\u0123iju un liekti, izmantojot CNC liek\u0161anas iek\u0101rtas, kas nodro\u0161ina \u012bpa\u0161i prec\u012bzu savietojam\u012bbu un augstu izstr\u0101d\u0101juma kvalit\u0101ti. <\/p>\n<p>Kam\u012bna kurtuve ir apr\u012bkota ar karstumiztur\u012bgu TERMOTEC keramiku, kas ir siltumu akumul\u0113jo\u0161s materi\u0101ls un iztur temperat\u016bru l\u012bdz 660\u00b0C. TERMOTEC glud\u0101 un gai\u0161\u0101 virsma vienlaikus izskat\u0101s \u012bpa\u0161i iespaid\u012bgi un est\u0113tiski. Kam\u012bnam ir d\u016bmg\u0101zu deflektors (kurtuves griestu atstarot\u0101js), kas pagarina d\u016bmg\u0101zu ce\u013cu un nodro\u0161ina degvielas da\u013ci\u0146u p\u0113cdedzi. Pateicoties m\u016bsdien\u012bgiem tehniskajiem risin\u0101jumiem, \u0161is kam\u012bns atbilst ar\u012b visstingr\u0101kajiem vides standartiem, tostarp V\u0101cijas BImSchV 2 pras\u012bb\u0101m.   <\/p>\n<p>Kam\u012bns ir apr\u012bkots ar\u012b ar t\u012br\u0101 stikla sist\u0113mu. V\u0113s\u0101ks \u0101r\u0113jais gaiss tiek novirz\u012bts gar stiklu, veidojot gaisa aizkaru, kas nov\u0113r\u0161 p\u0101rm\u0113r\u012bgu sodr\u0113ju nos\u0113\u0161anos uz stikla virsmas. <\/p>\n<p>Pateicoties regul\u0113jamam d\u016bmg\u0101zu izvadam, kam\u012bnu ir iesp\u0113jams piesl\u0113gt skurstenim gan no aug\u0161as, gan no aizmugures. Izv\u0113loties aizmugur\u0113jo piesl\u0113gumu, papildus ir nepiecie\u0161ams ieg\u0101d\u0101ties aug\u0161\u0113j\u0101s atveres p\u0101rsegu. <\/p>\n","protected":false},"featured_media":21502,"comment_status":"closed","ping_status":"closed","template":"","meta":{"_acf_changed":false},"product_brand":[5536],"product_cat":[5171],"product_tag":[],"class_list":{"0":"post-21501","1":"product","2":"type-product","3":"status-publish","4":"has-post-thumbnail","6":"product_brand-kratki","7":"product_cat-brivi-stavosie-kamini","8":"product_shipping_class-bezmaksas","9":"tm-no-options","11":"first","12":"instock","13":"taxable","14":"shipping-taxable","15":"purchasable","16":"product-type-variable","17":"has-default-attributes"},"acf":[],"_links":{"self":[{"href":"https:\/\/calor.ee\/lv\/wp-json\/wp\/v2\/product\/21501","targetHints":{"allow":["GET"]}}],"collection":[{"href":"https:\/\/calor.ee\/lv\/wp-json\/wp\/v2\/product"}],"about":[{"href":"https:\/\/calor.ee\/lv\/wp-json\/wp\/v2\/types\/product"}],"replies":[{"embeddable":true,"href":"https:\/\/calor.ee\/lv\/wp-json\/wp\/v2\/comments?post=21501"}],"wp:featuredmedia":[{"embeddable":true,"href":"https:\/\/calor.ee\/lv\/wp-json\/wp\/v2\/media\/21502"}],"wp:attachment":[{"href":"https:\/\/calor.ee\/lv\/wp-json\/wp\/v2\/media?parent=21501"}],"wp:term":[{"taxonomy":"product_brand","embeddable":true,"href":"https:\/\/calor.ee\/lv\/wp-json\/wp\/v2\/product_brand?post=21501"},{"taxonomy":"product_cat","embeddable":true,"href":"https:\/\/calor.ee\/lv\/wp-json\/wp\/v2\/product_cat?post=21501"},{"taxonomy":"product_tag","embeddable":true,"href":"https:\/\/calor.ee\/lv\/wp-json\/wp\/v2\/product_tag?post=21501"}],"curies":[{"name":"wp","href":"https:\/\/api.w.org\/{rel}","templated":true}]}}